{"id":6774,"date":"2025-10-09T00:00:00","date_gmt":"2025-10-08T22:00:00","guid":{"rendered":"https:\/\/yotavis.ch\/product\/at-1212\/"},"modified":"2026-04-24T13:35:46","modified_gmt":"2026-04-24T11:35:46","slug":"at-1212","status":"publish","type":"product","link":"https:\/\/yotavis.ch\/de\/produkt\/at-1212\/","title":{"rendered":"AT-1212"},"content":{"rendered":"<p>Der AT-1212 von Active Technologies ist ein 2-Kanal-Signalgenerator Flex-RIO-Adaptermodul, das f\u00fcr den Betrieb bei einer Frequenz von 480 MHz ausgelegt ist. Es verf\u00fcgt \u00fcber eine Abtastrate von 1,25 GS\/s (1250 MS\/s) und bietet eine vertikale Aufl\u00f6sung von 14 Bit. Das Modul bietet einen Amplitudenausgang von 4 V und unterst\u00fctzt eine minimale \u00dcbergangszeit von 0,5 ns. Dieser Baustein eignet sich f\u00fcr Anwendungen, die eine pr\u00e4zise Signalerzeugung mit hohen Abtastraten und feiner Aufl\u00f6sung erfordern. Sein Design erm\u00f6glicht die Integration in Flex-RIO-Systeme und erleichtert fortgeschrittene Signalverarbeitungsaufgaben. Die Kombination aus Frequenz- und Amplitudenausgang macht ihn zu einer vielseitigen Komponente f\u00fcr verschiedene elektronische Test- und Messaufbauten.<\/p>","protected":false},"excerpt":{"rendered":"<p>2Ch &#8211; 1.25Gs\/s &#8211; 14bit signal generator Flex-RIO adapter Module<\/p>","protected":false},"featured_media":7800,"comment_status":"closed","ping_status":"closed","template":"","meta":{"_acf_changed":false,"slim_seo":{"title":"AT-1212 - YOTAVIS AG","description":"2Ch - 1.25Gs\/s - 14bit Signalgeber Flex-RIO Adapter Modul"}},"product_brand":[657],"product_cat":[513],"product_tag":[],"class_list":{"0":"post-6774","1":"product","2":"type-product","3":"status-publish","4":"has-post-thumbnail","6":"product_brand-active-technologies","7":"product_cat-generator","8":"pa_amplitude-v-666","9":"pa_burst-no","10":"pa_channels-350","11":"pa_frequency-mhz-665","12":"pa_sampling-rate-ms-s-667","13":"pa_sweep-no","14":"pa_transition-time-min-ns-0-5","15":"pa_vertical-resolution-bits-113","17":"first","18":"instock","19":"taxable","20":"shipping-taxable","21":"product-type-simple"},"acf":[],"_links":{"self":[{"href":"https:\/\/yotavis.ch\/de\/wp-json\/wp\/v2\/product\/6774","targetHints":{"allow":["GET"]}}],"collection":[{"href":"https:\/\/yotavis.ch\/de\/wp-json\/wp\/v2\/product"}],"about":[{"href":"https:\/\/yotavis.ch\/de\/wp-json\/wp\/v2\/types\/product"}],"replies":[{"embeddable":true,"href":"https:\/\/yotavis.ch\/de\/wp-json\/wp\/v2\/comments?post=6774"}],"wp:featuredmedia":[{"embeddable":true,"href":"https:\/\/yotavis.ch\/de\/wp-json\/wp\/v2\/media\/7800"}],"wp:attachment":[{"href":"https:\/\/yotavis.ch\/de\/wp-json\/wp\/v2\/media?parent=6774"}],"wp:term":[{"taxonomy":"product_brand","embeddable":true,"href":"https:\/\/yotavis.ch\/de\/wp-json\/wp\/v2\/product_brand?post=6774"},{"taxonomy":"product_cat","embeddable":true,"href":"https:\/\/yotavis.ch\/de\/wp-json\/wp\/v2\/product_cat?post=6774"},{"taxonomy":"product_tag","embeddable":true,"href":"https:\/\/yotavis.ch\/de\/wp-json\/wp\/v2\/product_tag?post=6774"}],"curies":[{"name":"wp","href":"https:\/\/api.w.org\/{rel}","templated":true}]}}