{"id":6775,"date":"2025-10-09T00:00:00","date_gmt":"2025-10-08T22:00:00","guid":{"rendered":"https:\/\/yotavis.ch\/product\/pg-1072\/"},"modified":"2026-04-24T13:35:46","modified_gmt":"2026-04-24T11:35:46","slug":"pg-1072","status":"publish","type":"product","link":"https:\/\/yotavis.ch\/de\/produkt\/pg-1072\/","title":{"rendered":"PG-1072"},"content":{"rendered":"<p>Der PG-1072 von Active Technologies ist ein Impulsgenerator mit 2 Kan\u00e4len und einer Frequenz von 800 MHz. Er arbeitet mit einer Amplitude von 5 Volt und hat eine minimale \u00dcbergangszeit von 0,07 Nanosekunden. Das Ger\u00e4t ist in der Lage, Pulsbreiten von nur 0,3 Nanosekunden zu erzeugen. Dieser Impulsgenerator ist f\u00fcr eine pr\u00e4zise Zeit- und Spannungssteuerung f\u00fcr verschiedene Anwendungen ausgelegt, die schnelle Flankenzeiten und stabile Ausgangspegel erfordern. Seine Spezifikationen legen den Schwerpunkt auf Hochfrequenzleistung und schnelle Signal\u00fcberg\u00e4nge. Durch die Kombination dieser Merkmale eignet er sich f\u00fcr Aufgaben, die eine pr\u00e4zise Impulserzeugung bei hohen Geschwindigkeiten erfordern.<\/p>","protected":false},"excerpt":{"rendered":"<p>2 Kan\u00e4le Impulsgeber 70 ps Flankenzeit 5 Volt<\/p>","protected":false},"featured_media":7807,"comment_status":"closed","ping_status":"closed","template":"","meta":{"_acf_changed":false,"slim_seo":{"title":"PG-1072 - YOTAVIS AG","description":"2 Kan\u00e4le Impulsgeber 70 ps Flankenzeit 5 Volt"}},"product_brand":[657],"product_cat":[513,671],"product_tag":[],"class_list":{"0":"post-6775","1":"product","2":"type-product","3":"status-publish","4":"has-post-thumbnail","6":"product_brand-active-technologies","7":"product_cat-generator","8":"product_cat-pulse-generator","9":"pa_amplitude-v-668","10":"pa_channels-350","11":"pa_frequency-mhz-658","12":"pa_pulse-width-min-ns-0-3","13":"pa_transition-time-min-ns-0-07","15":"first","16":"instock","17":"taxable","18":"shipping-taxable","19":"product-type-simple"},"acf":[],"_links":{"self":[{"href":"https:\/\/yotavis.ch\/de\/wp-json\/wp\/v2\/product\/6775","targetHints":{"allow":["GET"]}}],"collection":[{"href":"https:\/\/yotavis.ch\/de\/wp-json\/wp\/v2\/product"}],"about":[{"href":"https:\/\/yotavis.ch\/de\/wp-json\/wp\/v2\/types\/product"}],"replies":[{"embeddable":true,"href":"https:\/\/yotavis.ch\/de\/wp-json\/wp\/v2\/comments?post=6775"}],"wp:featuredmedia":[{"embeddable":true,"href":"https:\/\/yotavis.ch\/de\/wp-json\/wp\/v2\/media\/7807"}],"wp:attachment":[{"href":"https:\/\/yotavis.ch\/de\/wp-json\/wp\/v2\/media?parent=6775"}],"wp:term":[{"taxonomy":"product_brand","embeddable":true,"href":"https:\/\/yotavis.ch\/de\/wp-json\/wp\/v2\/product_brand?post=6775"},{"taxonomy":"product_cat","embeddable":true,"href":"https:\/\/yotavis.ch\/de\/wp-json\/wp\/v2\/product_cat?post=6775"},{"taxonomy":"product_tag","embeddable":true,"href":"https:\/\/yotavis.ch\/de\/wp-json\/wp\/v2\/product_tag?post=6775"}],"curies":[{"name":"wp","href":"https:\/\/api.w.org\/{rel}","templated":true}]}}