{"id":6776,"date":"2025-10-09T00:00:00","date_gmt":"2025-10-08T22:00:00","guid":{"rendered":"https:\/\/yotavis.ch\/product\/pg-1074\/"},"modified":"2026-04-24T13:35:49","modified_gmt":"2026-04-24T11:35:49","slug":"pg-1074","status":"publish","type":"product","link":"https:\/\/yotavis.ch\/de\/produkt\/pg-1074\/","title":{"rendered":"PG-1074"},"content":{"rendered":"<p>Der PG-1074 von Active Technologies ist ein Pulsgenerator mit vier Kan\u00e4len, einer Frequenz von 800 MHz und einer Amplitude von 5 Volt. Er liefert Pulse mit einer minimalen \u00dcbergangszeit von 0,07 Nanosekunden und einer minimalen Pulsbreite von 0,3 Nanosekunden. Dieser Baustein ist f\u00fcr eine pr\u00e4zise Zeit- und Signalerzeugung f\u00fcr verschiedene Anwendungen ausgelegt, die schnelle Flankenzeiten und eine stabile Spannungsausgabe erfordern. Der Impulsgenerator arbeitet mit einem Spannungspegel von 5 Volt und gew\u00e4hrleistet eine gleichbleibende Signalamplitude \u00fcber seine Kan\u00e4le. Seine Spezifikationen heben die F\u00e4higkeit hervor, Impulse mit scharfen Flanken zu erzeugen, wodurch er sich f\u00fcr elektronische Hochgeschwindigkeitstests und Messaufgaben eignet. Die Kombination aus Frequenz- und \u00dcbergangszeitparametern erm\u00f6glicht eine detaillierte Kontrolle der Impulscharakteristik. Dieses Modell ist Teil der Reihe elektronischer Instrumente von Active Technologies, die eine zuverl\u00e4ssige und genaue Impulserzeugung erm\u00f6glichen.<\/p>","protected":false},"excerpt":{"rendered":"<p>4 Kan\u00e4le Impulsgeber 70 ps Flankenzeit 5 Volt<\/p>","protected":false},"featured_media":7807,"comment_status":"closed","ping_status":"closed","template":"","meta":{"_acf_changed":false,"slim_seo":{"title":"PG-1074 - YOTAVIS AG","description":"4 Kan\u00e4le Impulsgeber 70 ps Flankenzeit 5 Volt"}},"product_brand":[657],"product_cat":[513,671],"product_tag":[],"class_list":{"0":"post-6776","1":"product","2":"type-product","3":"status-publish","4":"has-post-thumbnail","6":"product_brand-active-technologies","7":"product_cat-generator","8":"product_cat-pulse-generator","9":"pa_amplitude-v-668","10":"pa_channels-338","11":"pa_frequency-mhz-658","12":"pa_pulse-width-min-ns-0-3","13":"pa_transition-time-min-ns-0-07","15":"first","16":"instock","17":"taxable","18":"shipping-taxable","19":"product-type-simple"},"acf":[],"_links":{"self":[{"href":"https:\/\/yotavis.ch\/de\/wp-json\/wp\/v2\/product\/6776","targetHints":{"allow":["GET"]}}],"collection":[{"href":"https:\/\/yotavis.ch\/de\/wp-json\/wp\/v2\/product"}],"about":[{"href":"https:\/\/yotavis.ch\/de\/wp-json\/wp\/v2\/types\/product"}],"replies":[{"embeddable":true,"href":"https:\/\/yotavis.ch\/de\/wp-json\/wp\/v2\/comments?post=6776"}],"wp:featuredmedia":[{"embeddable":true,"href":"https:\/\/yotavis.ch\/de\/wp-json\/wp\/v2\/media\/7807"}],"wp:attachment":[{"href":"https:\/\/yotavis.ch\/de\/wp-json\/wp\/v2\/media?parent=6776"}],"wp:term":[{"taxonomy":"product_brand","embeddable":true,"href":"https:\/\/yotavis.ch\/de\/wp-json\/wp\/v2\/product_brand?post=6776"},{"taxonomy":"product_cat","embeddable":true,"href":"https:\/\/yotavis.ch\/de\/wp-json\/wp\/v2\/product_cat?post=6776"},{"taxonomy":"product_tag","embeddable":true,"href":"https:\/\/yotavis.ch\/de\/wp-json\/wp\/v2\/product_tag?post=6776"}],"curies":[{"name":"wp","href":"https:\/\/api.w.org\/{rel}","templated":true}]}}