{"id":6777,"date":"2025-10-09T00:00:00","date_gmt":"2025-10-08T22:00:00","guid":{"rendered":"https:\/\/yotavis.ch\/product\/pg-1501\/"},"modified":"2026-04-24T13:35:49","modified_gmt":"2026-04-24T11:35:49","slug":"pg-1501","status":"publish","type":"product","link":"https:\/\/yotavis.ch\/de\/produkt\/pg-1501\/","title":{"rendered":"PG-1501"},"content":{"rendered":"<p>Der PG-1501 von Active Technologies ist ein Pulsgenerator mit einer Frequenz von 200 MHz und einer Amplitude von 50 Volt. Er bietet eine minimale \u00dcbergangszeit von 0,4 Nanosekunden und eine minimale Pulsbreite von 1 Nanosekunde. Dieses Ger\u00e4t ist f\u00fcr eine pr\u00e4zise Impulserzeugung mit einer Flankenzeit von 400 Pikosekunden ausgelegt. Die Amplitudenf\u00e4higkeit von 50 Volt erm\u00f6glicht eine Reihe von Anwendungen, die Hochspannungspulse erfordern. Durch die Kombination dieser Spezifikationen eignet sich der PG-1501 f\u00fcr Aufgaben, die eine schnelle und genaue Impulserzeugung erfordern. Die detaillierten Parameter liefern klare Informationen \u00fcber die Betriebsgrenzen und Leistungsmerkmale.<\/p>","protected":false},"excerpt":{"rendered":"<p>1-Kanal-Impulsgenerator 400 ps Flankenzeit 50 Volt<\/p>","protected":false},"featured_media":7810,"comment_status":"closed","ping_status":"closed","template":"","meta":{"_acf_changed":false,"slim_seo":{"title":"PG-1501 - YOTAVIS AG","description":"1-Kanal-Impulsgenerator 400 ps Flankenzeit 50 Volt"}},"product_brand":[657],"product_cat":[513,671],"product_tag":[],"class_list":{"0":"post-6777","1":"product","2":"type-product","3":"status-publish","4":"has-post-thumbnail","6":"product_brand-active-technologies","7":"product_cat-generator","8":"product_cat-pulse-generator","9":"pa_amplitude-v-672","10":"pa_channels-384","11":"pa_frequency-mhz-132","12":"pa_pulse-width-min-ns-266","13":"pa_transition-time-min-ns-0-4","15":"first","16":"instock","17":"taxable","18":"shipping-taxable","19":"product-type-simple"},"acf":[],"_links":{"self":[{"href":"https:\/\/yotavis.ch\/de\/wp-json\/wp\/v2\/product\/6777","targetHints":{"allow":["GET"]}}],"collection":[{"href":"https:\/\/yotavis.ch\/de\/wp-json\/wp\/v2\/product"}],"about":[{"href":"https:\/\/yotavis.ch\/de\/wp-json\/wp\/v2\/types\/product"}],"replies":[{"embeddable":true,"href":"https:\/\/yotavis.ch\/de\/wp-json\/wp\/v2\/comments?post=6777"}],"wp:featuredmedia":[{"embeddable":true,"href":"https:\/\/yotavis.ch\/de\/wp-json\/wp\/v2\/media\/7810"}],"wp:attachment":[{"href":"https:\/\/yotavis.ch\/de\/wp-json\/wp\/v2\/media?parent=6777"}],"wp:term":[{"taxonomy":"product_brand","embeddable":true,"href":"https:\/\/yotavis.ch\/de\/wp-json\/wp\/v2\/product_brand?post=6777"},{"taxonomy":"product_cat","embeddable":true,"href":"https:\/\/yotavis.ch\/de\/wp-json\/wp\/v2\/product_cat?post=6777"},{"taxonomy":"product_tag","embeddable":true,"href":"https:\/\/yotavis.ch\/de\/wp-json\/wp\/v2\/product_tag?post=6777"}],"curies":[{"name":"wp","href":"https:\/\/api.w.org\/{rel}","templated":true}]}}