{"id":6778,"date":"2025-10-09T00:00:00","date_gmt":"2025-10-08T22:00:00","guid":{"rendered":"https:\/\/yotavis.ch\/product\/pg-1502\/"},"modified":"2026-04-24T13:35:50","modified_gmt":"2026-04-24T11:35:50","slug":"pg-1502","status":"publish","type":"product","link":"https:\/\/yotavis.ch\/de\/produkt\/pg-1502\/","title":{"rendered":"PG-1502"},"content":{"rendered":"<p>Der PG-1502 von Active Technologies ist ein Pulsgenerator mit einer Frequenz von 200 MHz und einer Amplitude von 50 Volt. Er bietet eine minimale \u00dcbergangszeit von 0,4 Nanosekunden und eine minimale Pulsbreite von 1 Nanosekunde. Dieses Ger\u00e4t ist f\u00fcr eine pr\u00e4zise Impulserzeugung mit einer schnellen Flankenzeit von 400 Pikosekunden ausgelegt. Der Pulsgenerator unterst\u00fctzt zwei Kan\u00e4le und erm\u00f6glicht so vielseitige Konfigurationen der Signalausgabe. Seine Spezifikationen heben die F\u00e4higkeit hervor, Hochgeschwindigkeitsimpulse zu erzeugen, die f\u00fcr verschiedene Anwendungen geeignet sind, die eine genaue Zeit- und Spannungssteuerung erfordern. Die Kombination dieser Eigenschaften macht den PG-1502 zu einem spezialisierten Instrument f\u00fcr die Erzeugung von Impulsen mit spezifischen Zeit- und Amplitudeneigenschaften.<\/p>","protected":false},"excerpt":{"rendered":"<p>2-Kanal-Impulsgenerator 400 ps Flankenzeit 50 Volt<\/p>","protected":false},"featured_media":7810,"comment_status":"closed","ping_status":"closed","template":"","meta":{"_acf_changed":false,"slim_seo":{"title":"PG-1502 - YOTAVIS AG","description":"2-Kanal-Impulsgenerator 400 ps Flankenzeit 50 Volt"}},"product_brand":[657],"product_cat":[513,671],"product_tag":[],"class_list":{"0":"post-6778","1":"product","2":"type-product","3":"status-publish","4":"has-post-thumbnail","6":"product_brand-active-technologies","7":"product_cat-generator","8":"product_cat-pulse-generator","9":"pa_amplitude-v-672","10":"pa_channels-350","11":"pa_frequency-mhz-132","12":"pa_pulse-width-min-ns-266","13":"pa_transition-time-min-ns-0-4","15":"first","16":"instock","17":"taxable","18":"shipping-taxable","19":"product-type-simple"},"acf":[],"_links":{"self":[{"href":"https:\/\/yotavis.ch\/de\/wp-json\/wp\/v2\/product\/6778","targetHints":{"allow":["GET"]}}],"collection":[{"href":"https:\/\/yotavis.ch\/de\/wp-json\/wp\/v2\/product"}],"about":[{"href":"https:\/\/yotavis.ch\/de\/wp-json\/wp\/v2\/types\/product"}],"replies":[{"embeddable":true,"href":"https:\/\/yotavis.ch\/de\/wp-json\/wp\/v2\/comments?post=6778"}],"wp:featuredmedia":[{"embeddable":true,"href":"https:\/\/yotavis.ch\/de\/wp-json\/wp\/v2\/media\/7810"}],"wp:attachment":[{"href":"https:\/\/yotavis.ch\/de\/wp-json\/wp\/v2\/media?parent=6778"}],"wp:term":[{"taxonomy":"product_brand","embeddable":true,"href":"https:\/\/yotavis.ch\/de\/wp-json\/wp\/v2\/product_brand?post=6778"},{"taxonomy":"product_cat","embeddable":true,"href":"https:\/\/yotavis.ch\/de\/wp-json\/wp\/v2\/product_cat?post=6778"},{"taxonomy":"product_tag","embeddable":true,"href":"https:\/\/yotavis.ch\/de\/wp-json\/wp\/v2\/product_tag?post=6778"}],"curies":[{"name":"wp","href":"https:\/\/api.w.org\/{rel}","templated":true}]}}