{"id":6783,"date":"2025-10-09T00:00:00","date_gmt":"2025-10-08T22:00:00","guid":{"rendered":"https:\/\/yotavis.ch\/product\/awg-7102\/"},"modified":"2026-04-24T13:35:52","modified_gmt":"2026-04-24T11:35:52","slug":"awg-7102","status":"publish","type":"product","link":"https:\/\/yotavis.ch\/de\/produkt\/awg-7102\/","title":{"rendered":"AWG-7102"},"content":{"rendered":"<p>Der AWG-7102 von Active Technologies verf\u00fcgt \u00fcber zwei Kan\u00e4le mit einer maximalen Frequenz von 3,25 GHz und einer Abtastrate von 10.000 MS\/s. Jeder Kanal ist mit einer Speichertiefe von 4,5 Gpts ausgestattet, was eine umfangreiche Wellenformspeicherung und -wiedergabe erm\u00f6glicht. Das Ger\u00e4t unterst\u00fctzt eine maximale Amplitude von 5 V Spitze-Spitze mit einer single-ended Ausgangskonfiguration. Das Ger\u00e4t verf\u00fcgt \u00fcber Funktionen zur Erzeugung von Sweep- und Burst-Signalen, was seine Vielseitigkeit in verschiedenen Testszenarien erh\u00f6ht. Die minimale \u00dcbergangszeit betr\u00e4gt 0,24 ns und die minimale Impulsbreite 0,3 ns, was eine pr\u00e4zise Kontrolle des Signaltimings erm\u00f6glicht. Dieses Modell ist f\u00fcr die Erzeugung von Hochgeschwindigkeitssignalen mit einer Bandbreite von 3.250 MHz ausgelegt und eignet sich damit f\u00fcr fortschrittliche elektronische Anwendungen, die eine detaillierte Wellenformsynthese erfordern.<\/p>","protected":false},"excerpt":{"rendered":"<p>2CH &#8211; 10\u00a0\u00a0GS\/s &#8211; 5 GHz &#8211; 4.5 Gpts Memory per CH &#8211; 5Vpp\u00a0\u00a0single ended output<\/p>","protected":false},"featured_media":7821,"comment_status":"closed","ping_status":"closed","template":"","meta":{"_acf_changed":false,"slim_seo":{"title":"AWG-7102 - YOTAVIS AG","description":"2CH - 10 GS\/s - 5 GHz - 4,5 Gpts Speicher pro CH - 5Vpp single ended Ausgang"}},"product_brand":[657],"product_cat":[541,513],"product_tag":[],"class_list":{"0":"post-6783","1":"product","2":"type-product","3":"status-publish","4":"has-post-thumbnail","6":"product_brand-active-technologies","7":"product_cat-awg","8":"product_cat-generator","9":"pa_amplitude-v-668","10":"pa_burst-yes","11":"pa_channels-350","12":"pa_frequency-mhz-681","13":"pa_memory-mpts-683","14":"pa_pulse-width-min-ns-0-3","15":"pa_sampling-rate-ms-s-682","16":"pa_sweep-yes","17":"pa_transition-time-min-ns-0-24","18":"pa_vertical-resolution-bits-113","20":"first","21":"instock","22":"taxable","23":"shipping-taxable","24":"product-type-simple"},"acf":[],"_links":{"self":[{"href":"https:\/\/yotavis.ch\/de\/wp-json\/wp\/v2\/product\/6783","targetHints":{"allow":["GET"]}}],"collection":[{"href":"https:\/\/yotavis.ch\/de\/wp-json\/wp\/v2\/product"}],"about":[{"href":"https:\/\/yotavis.ch\/de\/wp-json\/wp\/v2\/types\/product"}],"replies":[{"embeddable":true,"href":"https:\/\/yotavis.ch\/de\/wp-json\/wp\/v2\/comments?post=6783"}],"wp:featuredmedia":[{"embeddable":true,"href":"https:\/\/yotavis.ch\/de\/wp-json\/wp\/v2\/media\/7821"}],"wp:attachment":[{"href":"https:\/\/yotavis.ch\/de\/wp-json\/wp\/v2\/media?parent=6783"}],"wp:term":[{"taxonomy":"product_brand","embeddable":true,"href":"https:\/\/yotavis.ch\/de\/wp-json\/wp\/v2\/product_brand?post=6783"},{"taxonomy":"product_cat","embeddable":true,"href":"https:\/\/yotavis.ch\/de\/wp-json\/wp\/v2\/product_cat?post=6783"},{"taxonomy":"product_tag","embeddable":true,"href":"https:\/\/yotavis.ch\/de\/wp-json\/wp\/v2\/product_tag?post=6783"}],"curies":[{"name":"wp","href":"https:\/\/api.w.org\/{rel}","templated":true}]}}