{"id":6785,"date":"2025-10-09T00:00:00","date_gmt":"2025-10-08T22:00:00","guid":{"rendered":"https:\/\/yotavis.ch\/product\/awg-7204\/"},"modified":"2026-04-24T13:35:53","modified_gmt":"2026-04-24T11:35:53","slug":"awg-7204","status":"publish","type":"product","link":"https:\/\/yotavis.ch\/de\/produkt\/awg-7204\/","title":{"rendered":"AWG-7204"},"content":{"rendered":"<p>Der AWG-7204 von Active Technologies verf\u00fcgt \u00fcber vier Kan\u00e4le mit einer maximalen Frequenz von 6,5 GHz und einer Abtastrate von 20.000 MS\/s. Er bietet eine Speichertiefe von 9.000 Mpts, was eine umfangreiche Datenerfassung w\u00e4hrend des Betriebs erm\u00f6glicht. Das Ger\u00e4t unterst\u00fctzt Wobbel- und Burst-Funktionen, was seine Vielseitigkeit bei der Signalerzeugung erh\u00f6ht. Er bietet einen Single-Ended-Ausgang mit einer Amplitude von 5 Vss. Die minimale \u00dcbergangszeit betr\u00e4gt 0,12 ns und die minimale Pulsbreite 0,15 ns, was eine pr\u00e4zise Zeitsteuerung erm\u00f6glicht. Dieses Modell ist f\u00fcr Hochgeschwindigkeitssignalanwendungen mit einer Bandbreite von 10 GHz und einer Speicherkapazit\u00e4t von 9 Gpts oder 589 Kpts ausgelegt.<\/p>","protected":false},"excerpt":{"rendered":"<p>4CH &#8211; 20\u00a0\u00a0GS\/s &#8211; 10 GHz &#8211; 9 Gpts \/ 589 Kpts Memory &#8211; 5Vpp\u00a0\u00a0single ended output<\/p>","protected":false},"featured_media":7821,"comment_status":"closed","ping_status":"closed","template":"","meta":{"_acf_changed":false,"slim_seo":{"title":"AWG-7204 - YOTAVIS AG","description":"4CH - 20 GS\/s - 10 GHz - 9 Gpts \/ 589 Kpts Speicher - 5Vpp single ended Ausgang"}},"product_brand":[657],"product_cat":[541,513],"product_tag":[],"class_list":{"0":"post-6785","1":"product","2":"type-product","3":"status-publish","4":"has-post-thumbnail","6":"product_brand-active-technologies","7":"product_cat-awg","8":"product_cat-generator","9":"pa_amplitude-v-668","10":"pa_burst-yes","11":"pa_channels-338","12":"pa_frequency-mhz-674","13":"pa_memory-mpts-676","14":"pa_pulse-width-min-ns-0-15","15":"pa_sampling-rate-ms-s-675","16":"pa_sweep-yes","17":"pa_transition-time-min-ns-0-12","18":"pa_vertical-resolution-bits-113","20":"first","21":"instock","22":"taxable","23":"shipping-taxable","24":"product-type-simple"},"acf":[],"_links":{"self":[{"href":"https:\/\/yotavis.ch\/de\/wp-json\/wp\/v2\/product\/6785","targetHints":{"allow":["GET"]}}],"collection":[{"href":"https:\/\/yotavis.ch\/de\/wp-json\/wp\/v2\/product"}],"about":[{"href":"https:\/\/yotavis.ch\/de\/wp-json\/wp\/v2\/types\/product"}],"replies":[{"embeddable":true,"href":"https:\/\/yotavis.ch\/de\/wp-json\/wp\/v2\/comments?post=6785"}],"wp:featuredmedia":[{"embeddable":true,"href":"https:\/\/yotavis.ch\/de\/wp-json\/wp\/v2\/media\/7821"}],"wp:attachment":[{"href":"https:\/\/yotavis.ch\/de\/wp-json\/wp\/v2\/media?parent=6785"}],"wp:term":[{"taxonomy":"product_brand","embeddable":true,"href":"https:\/\/yotavis.ch\/de\/wp-json\/wp\/v2\/product_brand?post=6785"},{"taxonomy":"product_cat","embeddable":true,"href":"https:\/\/yotavis.ch\/de\/wp-json\/wp\/v2\/product_cat?post=6785"},{"taxonomy":"product_tag","embeddable":true,"href":"https:\/\/yotavis.ch\/de\/wp-json\/wp\/v2\/product_tag?post=6785"}],"curies":[{"name":"wp","href":"https:\/\/api.w.org\/{rel}","templated":true}]}}