{"id":6791,"date":"2025-10-09T00:00:00","date_gmt":"2025-10-08T22:00:00","guid":{"rendered":"https:\/\/yotavis.ch\/product\/awg-7204-s\/"},"modified":"2026-04-24T13:35:55","modified_gmt":"2026-04-24T11:35:55","slug":"awg-7204-s","status":"publish","type":"product","link":"https:\/\/yotavis.ch\/de\/produkt\/awg-7204-s\/","title":{"rendered":"AWG-7204-S"},"content":{"rendered":"<p>Der AWG-7204-S von Active Technologies verf\u00fcgt \u00fcber vier Kan\u00e4le mit einer maximalen Frequenz von 3250 MHz und einer Abtastrate von 20.000 MS\/s. Jeder Kanal ist mit einem Speicher von 512 Kpts ausgestattet, der eine detaillierte Erzeugung und Speicherung von Signalformen erm\u00f6glicht. Das Ger\u00e4t unterst\u00fctzt einen unsymmetrischen 5-Vpp-Ausgang, der eine klare und konsistente Signalamplitude liefert. Das Ger\u00e4t kann sowohl im Sweep- als auch im Burst-Modus betrieben werden, was seine Vielseitigkeit in verschiedenen Testszenarien erh\u00f6ht. Die minimale \u00dcbergangszeit betr\u00e4gt 0,12 ns und die minimale Pulsbreite 0,15 ns, was eine pr\u00e4zise Kontrolle des Signaltimings erm\u00f6glicht. Dieses Modell ist f\u00fcr die Erzeugung von Hochgeschwindigkeitssignalen mit einer Bandbreite von 10 GHz ausgelegt und eignet sich damit f\u00fcr fortschrittliche Anwendungen, die eine schnelle und genaue Wellenformausgabe erfordern.<\/p>","protected":false},"excerpt":{"rendered":"<p>4CH &#8211; 20\u00a0\u00a0GS\/s &#8211; 10 GHz &#8211; 512 Kpts Memory per CH &#8211; 5Vpp\u00a0\u00a0single ended output<\/p>","protected":false},"featured_media":7821,"comment_status":"closed","ping_status":"closed","template":"","meta":{"_acf_changed":false,"slim_seo":{"title":"AWG-7204-S - YOTAVIS AG","description":"4CH - 20 GS\/s - 10 GHz - 512 Kpts Speicher pro CH - 5Vpp single ended Ausgang"}},"product_brand":[657],"product_cat":[541,513],"product_tag":[],"class_list":{"0":"post-6791","1":"product","2":"type-product","3":"status-publish","4":"has-post-thumbnail","6":"product_brand-active-technologies","7":"product_cat-awg","8":"product_cat-generator","9":"pa_amplitude-v-668","10":"pa_burst-yes","11":"pa_channels-338","12":"pa_frequency-mhz-681","13":"pa_memory-mpts-0-512","14":"pa_pulse-width-min-ns-0-15","15":"pa_sampling-rate-ms-s-675","16":"pa_sweep-yes","17":"pa_transition-time-min-ns-0-12","18":"pa_vertical-resolution-bits-113","20":"first","21":"instock","22":"taxable","23":"shipping-taxable","24":"product-type-simple"},"acf":[],"_links":{"self":[{"href":"https:\/\/yotavis.ch\/de\/wp-json\/wp\/v2\/product\/6791","targetHints":{"allow":["GET"]}}],"collection":[{"href":"https:\/\/yotavis.ch\/de\/wp-json\/wp\/v2\/product"}],"about":[{"href":"https:\/\/yotavis.ch\/de\/wp-json\/wp\/v2\/types\/product"}],"replies":[{"embeddable":true,"href":"https:\/\/yotavis.ch\/de\/wp-json\/wp\/v2\/comments?post=6791"}],"wp:featuredmedia":[{"embeddable":true,"href":"https:\/\/yotavis.ch\/de\/wp-json\/wp\/v2\/media\/7821"}],"wp:attachment":[{"href":"https:\/\/yotavis.ch\/de\/wp-json\/wp\/v2\/media?parent=6791"}],"wp:term":[{"taxonomy":"product_brand","embeddable":true,"href":"https:\/\/yotavis.ch\/de\/wp-json\/wp\/v2\/product_brand?post=6791"},{"taxonomy":"product_cat","embeddable":true,"href":"https:\/\/yotavis.ch\/de\/wp-json\/wp\/v2\/product_cat?post=6791"},{"taxonomy":"product_tag","embeddable":true,"href":"https:\/\/yotavis.ch\/de\/wp-json\/wp\/v2\/product_tag?post=6791"}],"curies":[{"name":"wp","href":"https:\/\/api.w.org\/{rel}","templated":true}]}}