{"id":6792,"date":"2025-10-09T00:00:00","date_gmt":"2025-10-08T22:00:00","guid":{"rendered":"https:\/\/yotavis.ch\/product\/awg-7204d-s\/"},"modified":"2026-04-24T13:35:57","modified_gmt":"2026-04-24T11:35:57","slug":"awg-7204d-s","status":"publish","type":"product","link":"https:\/\/yotavis.ch\/de\/produkt\/awg-7204d-s\/","title":{"rendered":"AWG-7204D-S"},"content":{"rendered":"<p>Der AWG-7204D-S von Active Technologies verf\u00fcgt \u00fcber vier Kan\u00e4le mit einer maximalen Frequenz von 3250 MHz und einer Abtastrate von 20.000 MS\/s. Jeder Kanal ist mit einer Speichertiefe von 512 Kpts ausgestattet, was eine detaillierte Wellenformerzeugung und -speicherung erm\u00f6glicht. Das Ger\u00e4t unterst\u00fctzt sowohl den Sweep- als auch den Burst-Modus, was seine Vielseitigkeit bei der Signalerzeugung erh\u00f6ht. Er bietet eine minimale \u00dcbergangszeit von 0,12 ns und eine minimale Impulsbreite von 0,15 ns, was eine pr\u00e4zise Kontrolle des Signaltimings erm\u00f6glicht. Die Ausgangsamplitude ist auf 1 V ausgelegt und bietet einen konsistenten Signalpegel f\u00fcr verschiedene Anwendungen. Dieses Modell liefert einen differenziellen Ausgang mit einer Spitze-Spitze-Spannung von 1,25 V, der sich f\u00fcr Hochgeschwindigkeits- und Hochfrequenz-Testumgebungen eignet.<\/p>","protected":false},"excerpt":{"rendered":"<p>4CH &#8211; 20\u00a0\u00a0GS\/s &#8211; 10 GHz &#8211; 512 Kpts Memory per CH &#8211; 1.25Vpp\u00a0\u00a0differential output<\/p>","protected":false},"featured_media":7821,"comment_status":"closed","ping_status":"closed","template":"","meta":{"_acf_changed":false,"slim_seo":{"title":"AWG-7204D-S - YOTAVIS AG","description":"4CH - 20 GS\/s - 10 GHz - 512 Kpts Speicher pro CH - 1,25Vpp Differenzausgang"}},"product_brand":[657],"product_cat":[541,513],"product_tag":[],"class_list":{"0":"post-6792","1":"product","2":"type-product","3":"status-publish","4":"has-post-thumbnail","6":"product_brand-active-technologies","7":"product_cat-awg","8":"product_cat-generator","9":"pa_amplitude-v-679","10":"pa_burst-yes","11":"pa_channels-338","12":"pa_frequency-mhz-681","13":"pa_memory-mpts-0-512","14":"pa_pulse-width-min-ns-0-15","15":"pa_sampling-rate-ms-s-675","16":"pa_sweep-yes","17":"pa_transition-time-min-ns-0-12","18":"pa_vertical-resolution-bits-113","20":"first","21":"instock","22":"taxable","23":"shipping-taxable","24":"product-type-simple"},"acf":[],"_links":{"self":[{"href":"https:\/\/yotavis.ch\/de\/wp-json\/wp\/v2\/product\/6792","targetHints":{"allow":["GET"]}}],"collection":[{"href":"https:\/\/yotavis.ch\/de\/wp-json\/wp\/v2\/product"}],"about":[{"href":"https:\/\/yotavis.ch\/de\/wp-json\/wp\/v2\/types\/product"}],"replies":[{"embeddable":true,"href":"https:\/\/yotavis.ch\/de\/wp-json\/wp\/v2\/comments?post=6792"}],"wp:featuredmedia":[{"embeddable":true,"href":"https:\/\/yotavis.ch\/de\/wp-json\/wp\/v2\/media\/7821"}],"wp:attachment":[{"href":"https:\/\/yotavis.ch\/de\/wp-json\/wp\/v2\/media?parent=6792"}],"wp:term":[{"taxonomy":"product_brand","embeddable":true,"href":"https:\/\/yotavis.ch\/de\/wp-json\/wp\/v2\/product_brand?post=6792"},{"taxonomy":"product_cat","embeddable":true,"href":"https:\/\/yotavis.ch\/de\/wp-json\/wp\/v2\/product_cat?post=6792"},{"taxonomy":"product_tag","embeddable":true,"href":"https:\/\/yotavis.ch\/de\/wp-json\/wp\/v2\/product_tag?post=6792"}],"curies":[{"name":"wp","href":"https:\/\/api.w.org\/{rel}","templated":true}]}}