{"id":6793,"date":"2025-10-09T00:00:00","date_gmt":"2025-10-08T22:00:00","guid":{"rendered":"https:\/\/yotavis.ch\/product\/awg-7174-s\/"},"modified":"2026-04-24T13:35:57","modified_gmt":"2026-04-24T11:35:57","slug":"awg-7174-s","status":"publish","type":"product","link":"https:\/\/yotavis.ch\/de\/produkt\/awg-7174-s\/","title":{"rendered":"AWG-7174-S"},"content":{"rendered":"<p>Der AWG-7174-S von Active Technologies verf\u00fcgt \u00fcber vier Kan\u00e4le mit einer maximalen Frequenz von 3,25 GHz und einer Abtastrate von 17 GS\/s pro Kanal. Jeder Kanal ist mit einer Speichertiefe von 512 Kpts ausgestattet, was eine detaillierte Wellenformerzeugung und -speicherung erm\u00f6glicht. Der Baustein bietet einen Single-Ended-Ausgang mit einer Amplitude von 5 Vss, der sich f\u00fcr verschiedene Signalanwendungen eignet. Er unterst\u00fctzt sowohl den Sweep- als auch den Burst-Modus, was seine Vielseitigkeit bei der Signalerzeugung erh\u00f6ht. Die minimale \u00dcbergangszeit betr\u00e4gt 0,12 ns und die minimale Impulsbreite 0,15 ns, was eine pr\u00e4zise Steuerung des Signaltimings erm\u00f6glicht. Dieses Modell ist mit seinen fortschrittlichen Spezifikationen und seiner Speicherkapazit\u00e4t f\u00fcr die Erzeugung von Hochgeschwindigkeits- und Hochfrequenzsignalen ausgelegt.<\/p>","protected":false},"excerpt":{"rendered":"<p>4CH &#8211; 17\u00a0\u00a0GS\/s &#8211; 8.5 GHz &#8211; 512 Kpts Memory per CH &#8211; 5Vpp\u00a0\u00a0single ended output<\/p>","protected":false},"featured_media":7821,"comment_status":"closed","ping_status":"closed","template":"","meta":{"_acf_changed":false,"slim_seo":{"title":"AWG-7174-S - YOTAVIS AG","description":"4CH - 17 GS\/s - 8,5 GHz - 512 Kpts Speicher pro CH - 5Vpp single ended Ausgang"}},"product_brand":[657],"product_cat":[541,513],"product_tag":[],"class_list":{"0":"post-6793","1":"product","2":"type-product","3":"status-publish","4":"has-post-thumbnail","6":"product_brand-active-technologies","7":"product_cat-awg","8":"product_cat-generator","9":"pa_amplitude-v-668","10":"pa_burst-yes","11":"pa_channels-338","12":"pa_frequency-mhz-681","13":"pa_memory-mpts-0-512","14":"pa_pulse-width-min-ns-0-15","15":"pa_sampling-rate-ms-s-680","16":"pa_sweep-yes","17":"pa_transition-time-min-ns-0-12","18":"pa_vertical-resolution-bits-113","20":"first","21":"instock","22":"taxable","23":"shipping-taxable","24":"product-type-simple"},"acf":[],"_links":{"self":[{"href":"https:\/\/yotavis.ch\/de\/wp-json\/wp\/v2\/product\/6793","targetHints":{"allow":["GET"]}}],"collection":[{"href":"https:\/\/yotavis.ch\/de\/wp-json\/wp\/v2\/product"}],"about":[{"href":"https:\/\/yotavis.ch\/de\/wp-json\/wp\/v2\/types\/product"}],"replies":[{"embeddable":true,"href":"https:\/\/yotavis.ch\/de\/wp-json\/wp\/v2\/comments?post=6793"}],"wp:featuredmedia":[{"embeddable":true,"href":"https:\/\/yotavis.ch\/de\/wp-json\/wp\/v2\/media\/7821"}],"wp:attachment":[{"href":"https:\/\/yotavis.ch\/de\/wp-json\/wp\/v2\/media?parent=6793"}],"wp:term":[{"taxonomy":"product_brand","embeddable":true,"href":"https:\/\/yotavis.ch\/de\/wp-json\/wp\/v2\/product_brand?post=6793"},{"taxonomy":"product_cat","embeddable":true,"href":"https:\/\/yotavis.ch\/de\/wp-json\/wp\/v2\/product_cat?post=6793"},{"taxonomy":"product_tag","embeddable":true,"href":"https:\/\/yotavis.ch\/de\/wp-json\/wp\/v2\/product_tag?post=6793"}],"curies":[{"name":"wp","href":"https:\/\/api.w.org\/{rel}","templated":true}]}}