{"id":6794,"date":"2025-10-09T00:00:00","date_gmt":"2025-10-08T22:00:00","guid":{"rendered":"https:\/\/yotavis.ch\/product\/awg-7174d-s\/"},"modified":"2026-04-24T13:35:57","modified_gmt":"2026-04-24T11:35:57","slug":"awg-7174d-s","status":"publish","type":"product","link":"https:\/\/yotavis.ch\/de\/produkt\/awg-7174d-s\/","title":{"rendered":"AWG-7174D-S"},"content":{"rendered":"<p>Der AWG-7174D-S von Active Technologies verf\u00fcgt \u00fcber vier Kan\u00e4le mit einer maximalen Abtastrate von 17 GS\/s pro Kanal, was eine schnelle Signalerzeugung erm\u00f6glicht. Jeder Kanal ist mit einer Speichertiefe von 512 Kpts ausgestattet, die eine detaillierte Wellenformspeicherung und -wiedergabe erm\u00f6glicht. Der Baustein unterst\u00fctzt eine maximale Frequenz von 3,25 GHz und bietet eine differentielle Ausgangsamplitude von 1,25 Vss. Er verf\u00fcgt \u00fcber Sweep- und Burst-Funktionen, die seine Vielseitigkeit f\u00fcr verschiedene Signalerzeugungsanwendungen erh\u00f6hen. Die minimale \u00dcbergangszeit betr\u00e4gt 0,12 ns und die minimale Pulsbreite 0,15 ns, was eine pr\u00e4zise Zeitsteuerung erm\u00f6glicht. Dieses Modell ist f\u00fcr eine Amplitude von 1 V ausgelegt und eignet sich damit f\u00fcr eine Reihe von Pr\u00fcf- und Messaufgaben. Die Kombination aus hoher Abtastrate, gro\u00dfer Speichertiefe und schnellen \u00dcbergangszeiten macht den AWG-7174D-S zu einem f\u00e4higen Ger\u00e4t f\u00fcr die Erzeugung fortschrittlicher Signalformen.<\/p>","protected":false},"excerpt":{"rendered":"<p>4CH &#8211; 17\u00a0\u00a0GS\/s &#8211; 8.5 GHz &#8211; 512 Kpts Memory per CH &#8211; 1.25Vpp\u00a0\u00a0differential output<\/p>","protected":false},"featured_media":7821,"comment_status":"closed","ping_status":"closed","template":"","meta":{"_acf_changed":false,"slim_seo":{"title":"AWG-7174D-S - YOTAVIS AG","description":"4CH - 17 GS\/s - 8,5 GHz - 512 Kpts Speicher pro CH - 1,25Vpp Differenzausgang"}},"product_brand":[657],"product_cat":[541,513],"product_tag":[],"class_list":{"0":"post-6794","1":"product","2":"type-product","3":"status-publish","4":"has-post-thumbnail","6":"product_brand-active-technologies","7":"product_cat-awg","8":"product_cat-generator","9":"pa_amplitude-v-679","10":"pa_burst-yes","11":"pa_channels-338","12":"pa_frequency-mhz-681","13":"pa_memory-mpts-0-512","14":"pa_pulse-width-min-ns-0-15","15":"pa_sampling-rate-ms-s-680","16":"pa_sweep-yes","17":"pa_transition-time-min-ns-0-12","18":"pa_vertical-resolution-bits-113","20":"first","21":"instock","22":"taxable","23":"shipping-taxable","24":"product-type-simple"},"acf":[],"_links":{"self":[{"href":"https:\/\/yotavis.ch\/de\/wp-json\/wp\/v2\/product\/6794","targetHints":{"allow":["GET"]}}],"collection":[{"href":"https:\/\/yotavis.ch\/de\/wp-json\/wp\/v2\/product"}],"about":[{"href":"https:\/\/yotavis.ch\/de\/wp-json\/wp\/v2\/types\/product"}],"replies":[{"embeddable":true,"href":"https:\/\/yotavis.ch\/de\/wp-json\/wp\/v2\/comments?post=6794"}],"wp:featuredmedia":[{"embeddable":true,"href":"https:\/\/yotavis.ch\/de\/wp-json\/wp\/v2\/media\/7821"}],"wp:attachment":[{"href":"https:\/\/yotavis.ch\/de\/wp-json\/wp\/v2\/media?parent=6794"}],"wp:term":[{"taxonomy":"product_brand","embeddable":true,"href":"https:\/\/yotavis.ch\/de\/wp-json\/wp\/v2\/product_brand?post=6794"},{"taxonomy":"product_cat","embeddable":true,"href":"https:\/\/yotavis.ch\/de\/wp-json\/wp\/v2\/product_cat?post=6794"},{"taxonomy":"product_tag","embeddable":true,"href":"https:\/\/yotavis.ch\/de\/wp-json\/wp\/v2\/product_tag?post=6794"}],"curies":[{"name":"wp","href":"https:\/\/api.w.org\/{rel}","templated":true}]}}