{"id":6795,"date":"2025-10-09T00:00:00","date_gmt":"2025-10-08T22:00:00","guid":{"rendered":"https:\/\/yotavis.ch\/product\/awg-7202-pat\/"},"modified":"2026-04-24T13:35:58","modified_gmt":"2026-04-24T11:35:58","slug":"awg-7202-pat","status":"publish","type":"product","link":"https:\/\/yotavis.ch\/de\/produkt\/awg-7202-pat\/","title":{"rendered":"AWG-7202-PAT"},"content":{"rendered":"<p>Der AWG-7202-PAT ist eine 2-Kanal-Option zur Erzeugung serieller Muster, die mit den Modellen AWG-7202, AWG-7172 und AWG-7102 kompatibel ist. Dieses von Active Technologies hergestellte Produkt wurde entwickelt, um die Funktionalit\u00e4t dieser Wellenformgeneratoren zu erweitern, indem es pr\u00e4zise serielle Mustergenerierungsfunktionen bietet. Es l\u00e4sst sich nahtlos in die genannten Modelle integrieren und erm\u00f6glicht dem Benutzer die Erzeugung komplexer serieller Datenmuster f\u00fcr Test- und Entwicklungszwecke. Die Option unterst\u00fctzt zwei Kan\u00e4le und erm\u00f6glicht die gleichzeitige Erzeugung von Mustern an mehreren Ausg\u00e4ngen. Diese Funktion ist besonders n\u00fctzlich f\u00fcr Anwendungen, die synchronisierte Datenstr\u00f6me oder Multi-Lane-Tests erfordern. Der AWG-7202-PAT ist ein spezielles Zubeh\u00f6rteil, das die Vielseitigkeit der Basis-Wellenformgeneratoren erweitert und damit f\u00fcr fortschrittliche elektronische Testumgebungen geeignet ist, in denen die Erzeugung serieller Datenmuster erforderlich ist.<\/p>","protected":false},"excerpt":{"rendered":"<p>2CH Serieller Mustergenerator als Option f\u00fcr AWG-7202, AWG-7172 und AWG-7102<\/p>","protected":false},"featured_media":7821,"comment_status":"closed","ping_status":"closed","template":"","meta":{"_acf_changed":false,"slim_seo":{"title":"AWG-7202-PAT - YOTAVIS AG","description":"2CH Serieller Mustergenerator als Option f\u00fcr AWG-7202, AWG-7172 und AWG-7102"}},"product_brand":[657],"product_cat":[526,651],"product_tag":[],"class_list":{"0":"post-6795","1":"product","2":"type-product","3":"status-publish","4":"has-post-thumbnail","6":"product_brand-active-technologies","7":"product_cat-accessories","8":"product_cat-software","10":"first","11":"instock","12":"taxable","13":"shipping-taxable","14":"product-type-simple"},"acf":[],"_links":{"self":[{"href":"https:\/\/yotavis.ch\/de\/wp-json\/wp\/v2\/product\/6795","targetHints":{"allow":["GET"]}}],"collection":[{"href":"https:\/\/yotavis.ch\/de\/wp-json\/wp\/v2\/product"}],"about":[{"href":"https:\/\/yotavis.ch\/de\/wp-json\/wp\/v2\/types\/product"}],"replies":[{"embeddable":true,"href":"https:\/\/yotavis.ch\/de\/wp-json\/wp\/v2\/comments?post=6795"}],"wp:featuredmedia":[{"embeddable":true,"href":"https:\/\/yotavis.ch\/de\/wp-json\/wp\/v2\/media\/7821"}],"wp:attachment":[{"href":"https:\/\/yotavis.ch\/de\/wp-json\/wp\/v2\/media?parent=6795"}],"wp:term":[{"taxonomy":"product_brand","embeddable":true,"href":"https:\/\/yotavis.ch\/de\/wp-json\/wp\/v2\/product_brand?post=6795"},{"taxonomy":"product_cat","embeddable":true,"href":"https:\/\/yotavis.ch\/de\/wp-json\/wp\/v2\/product_cat?post=6795"},{"taxonomy":"product_tag","embeddable":true,"href":"https:\/\/yotavis.ch\/de\/wp-json\/wp\/v2\/product_tag?post=6795"}],"curies":[{"name":"wp","href":"https:\/\/api.w.org\/{rel}","templated":true}]}}