{"id":6796,"date":"2025-10-09T00:00:00","date_gmt":"2025-10-08T22:00:00","guid":{"rendered":"https:\/\/yotavis.ch\/product\/awg-7204-pat\/"},"modified":"2026-04-24T13:35:58","modified_gmt":"2026-04-24T11:35:58","slug":"awg-7204-pat","status":"publish","type":"product","link":"https:\/\/yotavis.ch\/de\/produkt\/awg-7204-pat\/","title":{"rendered":"AWG-7204-PAT"},"content":{"rendered":"<p>Der AWG-7204-PAT ist eine 4-Kanal-Option zur Erzeugung serieller Muster, die mit den Modellen AWG-7204, AWG-7174 und AWG-7104 kompatibel ist. Dieses von Active Technologies hergestellte Produkt wurde entwickelt, um die Funktionalit\u00e4t dieser Wellenformgeneratoren zu erweitern, indem es zus\u00e4tzliche Funktionen zur Erzeugung serieller Muster bietet. Es l\u00e4sst sich nahtlos in die genannten Modelle integrieren, so dass die Benutzer ihre Test- und Signalerzeugungsoptionen erweitern k\u00f6nnen. Das Ger\u00e4t unterst\u00fctzt vier unabh\u00e4ngige Kan\u00e4le und erm\u00f6glicht so die Erzeugung komplexer Muster \u00fcber mehrere Ausg\u00e4nge gleichzeitig. Diese Option ist besonders n\u00fctzlich f\u00fcr Anwendungen, die pr\u00e4zise und synchronisierte serielle Datenmuster erfordern. Sein Design gew\u00e4hrleistet Kompatibilit\u00e4t und einfache Integration mit der vorhandenen Hardware, wobei die Leistungsstandards der Basisger\u00e4te beibehalten werden. Das AWG-7204-PAT ist ein spezielles Werkzeug f\u00fcr Benutzer, die in ihren Testaufbauten eine erweiterte serielle Mustergenerierung ben\u00f6tigen.<\/p>","protected":false},"excerpt":{"rendered":"<p>4CH Serieller Mustergenerator als Option f\u00fcr AWG-7204, AWG-7174 und AWG-7104<\/p>","protected":false},"featured_media":7821,"comment_status":"closed","ping_status":"closed","template":"","meta":{"_acf_changed":false,"slim_seo":{"title":"AWG-7204-PAT - YOTAVIS AG","description":"4CH Serieller Mustergenerator als Option f\u00fcr AWG-7204, AWG-7174 und AWG-7104"}},"product_brand":[657],"product_cat":[526,651],"product_tag":[],"class_list":{"0":"post-6796","1":"product","2":"type-product","3":"status-publish","4":"has-post-thumbnail","6":"product_brand-active-technologies","7":"product_cat-accessories","8":"product_cat-software","10":"first","11":"instock","12":"taxable","13":"shipping-taxable","14":"product-type-simple"},"acf":[],"_links":{"self":[{"href":"https:\/\/yotavis.ch\/de\/wp-json\/wp\/v2\/product\/6796","targetHints":{"allow":["GET"]}}],"collection":[{"href":"https:\/\/yotavis.ch\/de\/wp-json\/wp\/v2\/product"}],"about":[{"href":"https:\/\/yotavis.ch\/de\/wp-json\/wp\/v2\/types\/product"}],"replies":[{"embeddable":true,"href":"https:\/\/yotavis.ch\/de\/wp-json\/wp\/v2\/comments?post=6796"}],"wp:featuredmedia":[{"embeddable":true,"href":"https:\/\/yotavis.ch\/de\/wp-json\/wp\/v2\/media\/7821"}],"wp:attachment":[{"href":"https:\/\/yotavis.ch\/de\/wp-json\/wp\/v2\/media?parent=6796"}],"wp:term":[{"taxonomy":"product_brand","embeddable":true,"href":"https:\/\/yotavis.ch\/de\/wp-json\/wp\/v2\/product_brand?post=6796"},{"taxonomy":"product_cat","embeddable":true,"href":"https:\/\/yotavis.ch\/de\/wp-json\/wp\/v2\/product_cat?post=6796"},{"taxonomy":"product_tag","embeddable":true,"href":"https:\/\/yotavis.ch\/de\/wp-json\/wp\/v2\/product_tag?post=6796"}],"curies":[{"name":"wp","href":"https:\/\/api.w.org\/{rel}","templated":true}]}}