{"id":6797,"date":"2025-10-09T00:00:00","date_gmt":"2025-10-08T22:00:00","guid":{"rendered":"https:\/\/yotavis.ch\/product\/awg-7xx4-8dig\/"},"modified":"2026-04-24T13:35:58","modified_gmt":"2026-04-24T11:35:58","slug":"awg-7xx4-8dig","status":"publish","type":"product","link":"https:\/\/yotavis.ch\/de\/produkt\/awg-7xx4-8dig\/","title":{"rendered":"AWG-7xx4-8DIG"},"content":{"rendered":"<p>Die AWG-7xx4-8DIG ist eine 8-Kanal-Digital-Lizenz f\u00fcr die AWG-7xx4-Serie von Active Technologies. Dieses Produkt erm\u00f6glicht die Aktivierung von acht digitalen Kan\u00e4len und erweitert damit die M\u00f6glichkeiten des AWG-7xx4-Ger\u00e4ts. Bitte beachten Sie, dass das f\u00fcr den Anschluss erforderliche Kabel nicht im Lieferumfang dieser Lizenz enthalten ist. Die Lizenz erm\u00f6glicht eine erweiterte digitale Funktionalit\u00e4t, ohne die Hardware-Konfiguration des Basisger\u00e4ts zu ver\u00e4ndern. Als softwarebasierte Lizenz bietet sie eine flexible L\u00f6sung f\u00fcr Benutzer, die zus\u00e4tzliche digitale Kan\u00e4le ben\u00f6tigen. Das Produkt ist speziell auf die nahtlose Integration mit der AWG-7xx4-Serie zugeschnitten und gew\u00e4hrleistet Kompatibilit\u00e4t und Benutzerfreundlichkeit. Diese Lizenz ist ideal f\u00fcr Anwendungen, die mehrere digitale Ausg\u00e4nge im Rahmen der AWG-7xx4-Serie ben\u00f6tigen.<\/p>","protected":false},"excerpt":{"rendered":"<p>8CH Dig-Lizenz f\u00fcr AWG-7xx4 (Kabel NICHT enthalten)<\/p>","protected":false},"featured_media":7821,"comment_status":"closed","ping_status":"closed","template":"","meta":{"_acf_changed":false,"slim_seo":{"title":"AWG-7xx4-8DIG - YOTAVIS AG","description":"8CH Dig-Lizenz f\u00fcr AWG-7xx4 (Kabel NICHT enthalten)"}},"product_brand":[657],"product_cat":[526,651],"product_tag":[],"class_list":{"0":"post-6797","1":"product","2":"type-product","3":"status-publish","4":"has-post-thumbnail","6":"product_brand-active-technologies","7":"product_cat-accessories","8":"product_cat-software","10":"first","11":"instock","12":"taxable","13":"shipping-taxable","14":"product-type-simple"},"acf":[],"_links":{"self":[{"href":"https:\/\/yotavis.ch\/de\/wp-json\/wp\/v2\/product\/6797","targetHints":{"allow":["GET"]}}],"collection":[{"href":"https:\/\/yotavis.ch\/de\/wp-json\/wp\/v2\/product"}],"about":[{"href":"https:\/\/yotavis.ch\/de\/wp-json\/wp\/v2\/types\/product"}],"replies":[{"embeddable":true,"href":"https:\/\/yotavis.ch\/de\/wp-json\/wp\/v2\/comments?post=6797"}],"wp:featuredmedia":[{"embeddable":true,"href":"https:\/\/yotavis.ch\/de\/wp-json\/wp\/v2\/media\/7821"}],"wp:attachment":[{"href":"https:\/\/yotavis.ch\/de\/wp-json\/wp\/v2\/media?parent=6797"}],"wp:term":[{"taxonomy":"product_brand","embeddable":true,"href":"https:\/\/yotavis.ch\/de\/wp-json\/wp\/v2\/product_brand?post=6797"},{"taxonomy":"product_cat","embeddable":true,"href":"https:\/\/yotavis.ch\/de\/wp-json\/wp\/v2\/product_cat?post=6797"},{"taxonomy":"product_tag","embeddable":true,"href":"https:\/\/yotavis.ch\/de\/wp-json\/wp\/v2\/product_tag?post=6797"}],"curies":[{"name":"wp","href":"https:\/\/api.w.org\/{rel}","templated":true}]}}