{"id":6798,"date":"2025-10-09T00:00:00","date_gmt":"2025-10-08T22:00:00","guid":{"rendered":"https:\/\/yotavis.ch\/product\/awg-7xx4-16dig\/"},"modified":"2026-04-24T13:35:59","modified_gmt":"2026-04-24T11:35:59","slug":"awg-7xx4-16dig","status":"publish","type":"product","link":"https:\/\/yotavis.ch\/de\/produkt\/awg-7xx4-16dig\/","title":{"rendered":"AWG-7xx4-16DIG"},"content":{"rendered":"<p>Das AWG-7xx4-16DIG ist eine 16-Kanal-Digital-Lizenz f\u00fcr die AWG-7xx4-Serie von Active Technologies. Dieses Produkt erm\u00f6glicht die Nutzung von 16 digitalen Kan\u00e4len und erweitert die M\u00f6glichkeiten des AWG-7xx4-Ger\u00e4ts. Bitte beachten Sie, dass das f\u00fcr den Anschluss erforderliche Kabel nicht im Lieferumfang dieser Lizenz enthalten ist. Die Lizenz f\u00fcgt speziell digitale Funktionen hinzu, die eine erweiterte digitale Signalerzeugung und -steuerung innerhalb des bestehenden Hardware-Rahmens erm\u00f6glichen. Da es sich um eine softwarebasierte Lizenz handelt, l\u00e4sst sie sich nahtlos in das AWG-7xx4-Ger\u00e4t integrieren und bietet dem Benutzer zus\u00e4tzliche digitale Ausgangsoptionen, ohne dass physische Hardware\u00e4nderungen erforderlich sind. Diese Lizenz ist ideal f\u00fcr Anwender, die mehrere digitale Kan\u00e4le f\u00fcr ihre Anwendungen ben\u00f6tigen und ihr aktuelles AWG-7xx4-System aufr\u00fcsten m\u00f6chten. Das Produkt ist Teil der Marke Active Technologies, die f\u00fcr ihren Fokus auf Pr\u00e4zision und Leistung bei elektronischen Testger\u00e4ten bekannt ist.<\/p>","protected":false},"excerpt":{"rendered":"<p>16CH Dig-Lizenz f\u00fcr AWG-7xx4 (Kabel NICHT enthalten)<\/p>","protected":false},"featured_media":7821,"comment_status":"closed","ping_status":"closed","template":"","meta":{"_acf_changed":false,"slim_seo":{"title":"AWG-7xx4-16DIG - YOTAVIS AG","description":"16CH Dig-Lizenz f\u00fcr AWG-7xx4 (Kabel NICHT enthalten)"}},"product_brand":[657],"product_cat":[526,651],"product_tag":[],"class_list":{"0":"post-6798","1":"product","2":"type-product","3":"status-publish","4":"has-post-thumbnail","6":"product_brand-active-technologies","7":"product_cat-accessories","8":"product_cat-software","10":"first","11":"instock","12":"taxable","13":"shipping-taxable","14":"product-type-simple"},"acf":[],"_links":{"self":[{"href":"https:\/\/yotavis.ch\/de\/wp-json\/wp\/v2\/product\/6798","targetHints":{"allow":["GET"]}}],"collection":[{"href":"https:\/\/yotavis.ch\/de\/wp-json\/wp\/v2\/product"}],"about":[{"href":"https:\/\/yotavis.ch\/de\/wp-json\/wp\/v2\/types\/product"}],"replies":[{"embeddable":true,"href":"https:\/\/yotavis.ch\/de\/wp-json\/wp\/v2\/comments?post=6798"}],"wp:featuredmedia":[{"embeddable":true,"href":"https:\/\/yotavis.ch\/de\/wp-json\/wp\/v2\/media\/7821"}],"wp:attachment":[{"href":"https:\/\/yotavis.ch\/de\/wp-json\/wp\/v2\/media?parent=6798"}],"wp:term":[{"taxonomy":"product_brand","embeddable":true,"href":"https:\/\/yotavis.ch\/de\/wp-json\/wp\/v2\/product_brand?post=6798"},{"taxonomy":"product_cat","embeddable":true,"href":"https:\/\/yotavis.ch\/de\/wp-json\/wp\/v2\/product_cat?post=6798"},{"taxonomy":"product_tag","embeddable":true,"href":"https:\/\/yotavis.ch\/de\/wp-json\/wp\/v2\/product_tag?post=6798"}],"curies":[{"name":"wp","href":"https:\/\/api.w.org\/{rel}","templated":true}]}}