{"id":6801,"date":"2025-10-09T00:00:00","date_gmt":"2025-10-08T22:00:00","guid":{"rendered":"https:\/\/yotavis.ch\/product\/awg5062\/"},"modified":"2026-04-24T13:36:01","modified_gmt":"2026-04-24T11:36:01","slug":"awg5062","status":"publish","type":"product","link":"https:\/\/yotavis.ch\/de\/produkt\/awg5062\/","title":{"rendered":"AWG5062"},"content":{"rendered":"<p>Der AWG5062 von Active Technologies verf\u00fcgt \u00fcber zwei Kan\u00e4le mit einer maximalen Frequenz von 2 GHz und einer Abtastrate von 6160 MS\/s. Jeder Kanal ist mit einer Speichertiefe von 2048 Mpts ausgestattet, insgesamt also 4096 Mpts f\u00fcr beide Kan\u00e4le zusammen. Das Ger\u00e4t bietet einen Single-Ended-Ausgang mit einer Amplitude von 5 Vss. Er unterst\u00fctzt sowohl den Sweep- als auch den Burst-Modus und erm\u00f6glicht so eine vielseitige Signalerzeugung. Die minimal erreichbare Impulsbreite betr\u00e4gt 0,5 ns, und die \u00dcbergangszeit kann bis zu 0,11 ns betragen. Dieses Modell ist f\u00fcr Hochgeschwindigkeits- und hochaufl\u00f6sende Wellenformerzeugungsaufgaben mit pr\u00e4ziser Timing- und Amplitudensteuerung ausgelegt.<\/p>","protected":false},"excerpt":{"rendered":"<p>2CH -6\u00a0\u00a0GS\/s &#8211; 2 GHz &#8211; 2048Mpts per CH &#8211; 5Vpp\u00a0\u00a0single ended output<\/p>","protected":false},"featured_media":7834,"comment_status":"closed","ping_status":"closed","template":"","meta":{"_acf_changed":false,"slim_seo":{"title":"AWG5062 - YOTAVIS AG","description":"2CH -6 GS\/s - 2 GHz - 2048Mpts pro CH - 5Vpp single ended Ausgang"}},"product_brand":[657],"product_cat":[541,513],"product_tag":[],"class_list":{"0":"post-6801","1":"product","2":"type-product","3":"status-publish","4":"has-post-thumbnail","6":"product_brand-active-technologies","7":"product_cat-awg","8":"product_cat-generator","9":"pa_amplitude-v-668","10":"pa_burst-yes","11":"pa_channels-350","12":"pa_frequency-mhz-686","13":"pa_memory-mpts-688","14":"pa_pulse-width-min-ns-0-5","15":"pa_sampling-rate-ms-s-687","16":"pa_sweep-yes","17":"pa_transition-time-min-ns-0-11","18":"pa_vertical-resolution-bits-125","20":"first","21":"instock","22":"taxable","23":"shipping-taxable","24":"product-type-simple"},"acf":[],"_links":{"self":[{"href":"https:\/\/yotavis.ch\/de\/wp-json\/wp\/v2\/product\/6801","targetHints":{"allow":["GET"]}}],"collection":[{"href":"https:\/\/yotavis.ch\/de\/wp-json\/wp\/v2\/product"}],"about":[{"href":"https:\/\/yotavis.ch\/de\/wp-json\/wp\/v2\/types\/product"}],"replies":[{"embeddable":true,"href":"https:\/\/yotavis.ch\/de\/wp-json\/wp\/v2\/comments?post=6801"}],"wp:featuredmedia":[{"embeddable":true,"href":"https:\/\/yotavis.ch\/de\/wp-json\/wp\/v2\/media\/7834"}],"wp:attachment":[{"href":"https:\/\/yotavis.ch\/de\/wp-json\/wp\/v2\/media?parent=6801"}],"wp:term":[{"taxonomy":"product_brand","embeddable":true,"href":"https:\/\/yotavis.ch\/de\/wp-json\/wp\/v2\/product_brand?post=6801"},{"taxonomy":"product_cat","embeddable":true,"href":"https:\/\/yotavis.ch\/de\/wp-json\/wp\/v2\/product_cat?post=6801"},{"taxonomy":"product_tag","embeddable":true,"href":"https:\/\/yotavis.ch\/de\/wp-json\/wp\/v2\/product_tag?post=6801"}],"curies":[{"name":"wp","href":"https:\/\/api.w.org\/{rel}","templated":true}]}}