{"id":6802,"date":"2025-10-09T00:00:00","date_gmt":"2025-10-08T22:00:00","guid":{"rendered":"https:\/\/yotavis.ch\/product\/awg5062d\/"},"modified":"2026-04-24T13:36:01","modified_gmt":"2026-04-24T11:36:01","slug":"awg5062d","status":"publish","type":"product","link":"https:\/\/yotavis.ch\/de\/produkt\/awg5062d\/","title":{"rendered":"AWG5062D"},"content":{"rendered":"<p>Der AWG5062D von Active Technologies verf\u00fcgt \u00fcber zwei Kan\u00e4le mit einer maximalen Frequenz von 2000 MHz und einer Abtastrate von 6160 MS\/s. Er bietet eine Speichertiefe von 4096 Mpts, was eine umfangreiche Datenspeicherung pro Kanal erm\u00f6glicht. Der Baustein unterst\u00fctzt eine differentielle Ausgangsamplitude von 1,5 Vss und verf\u00fcgt \u00fcber Sweep- und Burst-Funktionen. Er kann eine minimale \u00dcbergangszeit von 0,1 ns und eine minimale Pulsbreite von 0,5 ns erreichen. Dieses Modell ist f\u00fcr die Erzeugung von Hochgeschwindigkeitssignalen mit pr\u00e4ziser Timing- und Amplitudensteuerung ausgelegt und eignet sich daher f\u00fcr verschiedene fortgeschrittene Anwendungen, die eine detaillierte Wellenformsynthese erfordern.<\/p>","protected":false},"excerpt":{"rendered":"<p>2CH -6\u00a0\u00a0GS\/s &#8211; 2 GHz &#8211; 2048Mpts per CH &#8211; 1.5Vpp differential output<\/p>","protected":false},"featured_media":7834,"comment_status":"closed","ping_status":"closed","template":"","meta":{"_acf_changed":false,"slim_seo":{"title":"AWG5062D - YOTAVIS AG","description":"2CH -6 GS\/s - 2 GHz - 2048Mpts pro CH - 1,5Vpp Differenzausgang"}},"product_brand":[657],"product_cat":[541,513],"product_tag":[],"class_list":{"0":"post-6802","1":"product","2":"type-product","3":"status-publish","4":"has-post-thumbnail","6":"product_brand-active-technologies","7":"product_cat-awg","8":"product_cat-generator","9":"pa_amplitude-v-1-5","10":"pa_burst-yes","11":"pa_channels-350","12":"pa_frequency-mhz-686","13":"pa_memory-mpts-688","14":"pa_pulse-width-min-ns-0-5","15":"pa_sampling-rate-ms-s-687","16":"pa_sweep-yes","17":"pa_transition-time-min-ns-0-1","18":"pa_vertical-resolution-bits-125","20":"first","21":"instock","22":"taxable","23":"shipping-taxable","24":"product-type-simple"},"acf":[],"_links":{"self":[{"href":"https:\/\/yotavis.ch\/de\/wp-json\/wp\/v2\/product\/6802","targetHints":{"allow":["GET"]}}],"collection":[{"href":"https:\/\/yotavis.ch\/de\/wp-json\/wp\/v2\/product"}],"about":[{"href":"https:\/\/yotavis.ch\/de\/wp-json\/wp\/v2\/types\/product"}],"replies":[{"embeddable":true,"href":"https:\/\/yotavis.ch\/de\/wp-json\/wp\/v2\/comments?post=6802"}],"wp:featuredmedia":[{"embeddable":true,"href":"https:\/\/yotavis.ch\/de\/wp-json\/wp\/v2\/media\/7834"}],"wp:attachment":[{"href":"https:\/\/yotavis.ch\/de\/wp-json\/wp\/v2\/media?parent=6802"}],"wp:term":[{"taxonomy":"product_brand","embeddable":true,"href":"https:\/\/yotavis.ch\/de\/wp-json\/wp\/v2\/product_brand?post=6802"},{"taxonomy":"product_cat","embeddable":true,"href":"https:\/\/yotavis.ch\/de\/wp-json\/wp\/v2\/product_cat?post=6802"},{"taxonomy":"product_tag","embeddable":true,"href":"https:\/\/yotavis.ch\/de\/wp-json\/wp\/v2\/product_tag?post=6802"}],"curies":[{"name":"wp","href":"https:\/\/api.w.org\/{rel}","templated":true}]}}