{"id":6805,"date":"2025-10-09T00:00:00","date_gmt":"2025-10-08T22:00:00","guid":{"rendered":"https:\/\/yotavis.ch\/product\/awg5064d\/"},"modified":"2026-04-24T13:36:04","modified_gmt":"2026-04-24T11:36:04","slug":"awg5064d","status":"publish","type":"product","link":"https:\/\/yotavis.ch\/de\/produkt\/awg5064d\/","title":{"rendered":"AWG5064D"},"content":{"rendered":"<p>Der AWG5064D von Active Technologies verf\u00fcgt \u00fcber vier Kan\u00e4le mit einer maximalen Frequenz von 2 GHz und einer Abtastrate von 6160 MS\/s. Jeder Kanal bietet eine Speichertiefe von 2048 Mpts, insgesamt also 4096 Mpts \u00fcber alle Kan\u00e4le. Der Baustein bietet eine differentielle Ausgangsamplitude von 1,5 Vss und unterst\u00fctzt sowohl den Sweep- als auch den Burst-Modus. Er hat eine minimale \u00dcbergangszeit von 0,1 ns und eine minimale Impulsbreite von 0,5 ns, was eine pr\u00e4zise Signalerzeugung erm\u00f6glicht. Dieses Modell ist f\u00fcr Hochgeschwindigkeits- und hochaufl\u00f6sende Wellenformerzeugungsaufgaben ausgelegt und verf\u00fcgt \u00fcber einen umfangreichen Speicher und schnelle Abtastfunktionen.<\/p>","protected":false},"excerpt":{"rendered":"<p>4CH -6\u00a0\u00a0GS\/s &#8211; 2 GHz &#8211; 2048Mpts per CH &#8211; 1.5Vpp differential output<\/p>","protected":false},"featured_media":7834,"comment_status":"closed","ping_status":"closed","template":"","meta":{"_acf_changed":false,"slim_seo":{"title":"AWG5064D - YOTAVIS AG","description":"4CH -6 GS\/s - 2 GHz - 2048Mpts pro CH - 1,5Vpp Differenzausgang"}},"product_brand":[657],"product_cat":[541,513],"product_tag":[],"class_list":{"0":"post-6805","1":"product","2":"type-product","3":"status-publish","4":"has-post-thumbnail","6":"product_brand-active-technologies","7":"product_cat-awg","8":"product_cat-generator","9":"pa_amplitude-v-1-5","10":"pa_burst-yes","11":"pa_channels-338","12":"pa_frequency-mhz-686","13":"pa_memory-mpts-688","14":"pa_pulse-width-min-ns-0-5","15":"pa_sampling-rate-ms-s-687","16":"pa_sweep-yes","17":"pa_transition-time-min-ns-0-1","18":"pa_vertical-resolution-bits-125","20":"first","21":"instock","22":"taxable","23":"shipping-taxable","24":"product-type-simple"},"acf":[],"_links":{"self":[{"href":"https:\/\/yotavis.ch\/de\/wp-json\/wp\/v2\/product\/6805","targetHints":{"allow":["GET"]}}],"collection":[{"href":"https:\/\/yotavis.ch\/de\/wp-json\/wp\/v2\/product"}],"about":[{"href":"https:\/\/yotavis.ch\/de\/wp-json\/wp\/v2\/types\/product"}],"replies":[{"embeddable":true,"href":"https:\/\/yotavis.ch\/de\/wp-json\/wp\/v2\/comments?post=6805"}],"wp:featuredmedia":[{"embeddable":true,"href":"https:\/\/yotavis.ch\/de\/wp-json\/wp\/v2\/media\/7834"}],"wp:attachment":[{"href":"https:\/\/yotavis.ch\/de\/wp-json\/wp\/v2\/media?parent=6805"}],"wp:term":[{"taxonomy":"product_brand","embeddable":true,"href":"https:\/\/yotavis.ch\/de\/wp-json\/wp\/v2\/product_brand?post=6805"},{"taxonomy":"product_cat","embeddable":true,"href":"https:\/\/yotavis.ch\/de\/wp-json\/wp\/v2\/product_cat?post=6805"},{"taxonomy":"product_tag","embeddable":true,"href":"https:\/\/yotavis.ch\/de\/wp-json\/wp\/v2\/product_tag?post=6805"}],"curies":[{"name":"wp","href":"https:\/\/api.w.org\/{rel}","templated":true}]}}