{"id":6806,"date":"2025-10-09T00:00:00","date_gmt":"2025-10-08T22:00:00","guid":{"rendered":"https:\/\/yotavis.ch\/product\/awg5034d\/"},"modified":"2026-04-24T13:36:05","modified_gmt":"2026-04-24T11:36:05","slug":"awg5034d","status":"publish","type":"product","link":"https:\/\/yotavis.ch\/de\/produkt\/awg5034d\/","title":{"rendered":"AWG5034D"},"content":{"rendered":"<p>Der AWG5034D von Active Technologies verf\u00fcgt \u00fcber vier Kan\u00e4le mit einer maximalen Frequenz von 1 GHz und einer Abtastrate von 3 GS\/s. Jeder Kanal ist mit einer Speichertiefe von 2048 Mpts ausgestattet, was zu einem Gesamtspeicher von 4096 Mpts beitr\u00e4gt. Der Baustein bietet eine differentielle Ausgangsamplitude von 1,5 Vss und unterst\u00fctzt sowohl den Sweep- als auch den Burst-Modus. Er hat eine minimale \u00dcbergangszeit von 0,2 ns und eine minimale Pulsbreite von 1 ns. Dieses Modell ist f\u00fcr die Erzeugung von Hochgeschwindigkeitssignalen mit pr\u00e4ziser Zeit- und Amplitudensteuerung ausgelegt.<\/p>","protected":false},"excerpt":{"rendered":"<p>4CH -3\u00a0\u00a0GS\/s &#8211; 1 GHz &#8211; 2048Mpts per CH &#8211; 1.5Vpp differential output<\/p>","protected":false},"featured_media":7834,"comment_status":"closed","ping_status":"closed","template":"","meta":{"_acf_changed":false,"slim_seo":{"title":"AWG5034D - YOTAVIS AG","description":"4CH -3 GS\/s - 1 GHz - 2048Mpts pro CH - 1,5Vpp Differenzausgang"}},"product_brand":[657],"product_cat":[541,513],"product_tag":[],"class_list":{"0":"post-6806","1":"product","2":"type-product","3":"status-publish","4":"has-post-thumbnail","6":"product_brand-active-technologies","7":"product_cat-awg","8":"product_cat-generator","9":"pa_amplitude-v-1-5","10":"pa_burst-yes","11":"pa_channels-338","12":"pa_frequency-mhz-268","13":"pa_memory-mpts-688","14":"pa_pulse-width-min-ns-266","15":"pa_sampling-rate-ms-s-693","16":"pa_sweep-yes","17":"pa_transition-time-min-ns-0-2","18":"pa_vertical-resolution-bits-125","20":"first","21":"instock","22":"taxable","23":"shipping-taxable","24":"product-type-simple"},"acf":[],"_links":{"self":[{"href":"https:\/\/yotavis.ch\/de\/wp-json\/wp\/v2\/product\/6806","targetHints":{"allow":["GET"]}}],"collection":[{"href":"https:\/\/yotavis.ch\/de\/wp-json\/wp\/v2\/product"}],"about":[{"href":"https:\/\/yotavis.ch\/de\/wp-json\/wp\/v2\/types\/product"}],"replies":[{"embeddable":true,"href":"https:\/\/yotavis.ch\/de\/wp-json\/wp\/v2\/comments?post=6806"}],"wp:featuredmedia":[{"embeddable":true,"href":"https:\/\/yotavis.ch\/de\/wp-json\/wp\/v2\/media\/7834"}],"wp:attachment":[{"href":"https:\/\/yotavis.ch\/de\/wp-json\/wp\/v2\/media?parent=6806"}],"wp:term":[{"taxonomy":"product_brand","embeddable":true,"href":"https:\/\/yotavis.ch\/de\/wp-json\/wp\/v2\/product_brand?post=6806"},{"taxonomy":"product_cat","embeddable":true,"href":"https:\/\/yotavis.ch\/de\/wp-json\/wp\/v2\/product_cat?post=6806"},{"taxonomy":"product_tag","embeddable":true,"href":"https:\/\/yotavis.ch\/de\/wp-json\/wp\/v2\/product_tag?post=6806"}],"curies":[{"name":"wp","href":"https:\/\/api.w.org\/{rel}","templated":true}]}}