{"id":6807,"date":"2025-10-09T00:00:00","date_gmt":"2025-10-08T22:00:00","guid":{"rendered":"https:\/\/yotavis.ch\/product\/awg5068\/"},"modified":"2026-04-24T13:36:06","modified_gmt":"2026-04-24T11:36:06","slug":"awg5068","status":"publish","type":"product","link":"https:\/\/yotavis.ch\/de\/produkt\/awg5068\/","title":{"rendered":"AWG5068"},"content":{"rendered":"<p>Der AWG5068 von Active Technologies verf\u00fcgt \u00fcber eine 8-Kanal-Konfiguration mit einer maximalen Frequenz von 2 GHz. Er bietet eine hohe Abtastrate von 6160 MS\/s und eine betr\u00e4chtliche Speichertiefe von 4096 Mpts, was eine detaillierte Signalerzeugung und -speicherung erm\u00f6glicht. Der Baustein unterst\u00fctzt einen Single-Ended-Ausgang mit einer Amplitude von 5 Vss, der eine pr\u00e4zise Spannungssteuerung erm\u00f6glicht. Er verf\u00fcgt \u00fcber erweiterte Funktionen wie Sweep- und Burst-Modi, die seine Vielseitigkeit f\u00fcr verschiedene Anwendungen erh\u00f6hen. Der AWG5068 zeichnet sich au\u00dferdem durch eine minimale \u00dcbergangszeit von 0,11 ns und eine minimale Pulsbreite von 0,5 ns aus, was schnelle Signal\u00fcberg\u00e4nge und eine feine Pulskontrolle erm\u00f6glicht. Mit einer vertikalen Aufl\u00f6sung von 16 Bit gew\u00e4hrleistet er eine genaue Darstellung der Signalform. Mit seiner Kombination aus hoher Bandbreite, schneller Abtastung und umfangreicher Speicherkapazit\u00e4t ist dieses Modell f\u00fcr anspruchsvolle Signalerzeugungsanforderungen ausgelegt.<\/p>","protected":false},"excerpt":{"rendered":"<p>8CH -6\u00a0\u00a0GS\/s &#8211; 2 GHz &#8211; 2048Mpts per CH &#8211; 5Vpp\u00a0\u00a0single ended output<\/p>","protected":false},"featured_media":7834,"comment_status":"closed","ping_status":"closed","template":"","meta":{"_acf_changed":false,"slim_seo":{"title":"AWG5068 - YOTAVIS AG","description":"8CH -6 GS\/s - 2 GHz - 2048Mpts pro CH - 5Vpp single ended Ausgang"}},"product_brand":[657],"product_cat":[541,513],"product_tag":[],"class_list":{"0":"post-6807","1":"product","2":"type-product","3":"status-publish","4":"has-post-thumbnail","6":"product_brand-active-technologies","7":"product_cat-awg","8":"product_cat-generator","9":"pa_amplitude-v-668","10":"pa_burst-yes","11":"pa_channels-459","12":"pa_frequency-mhz-686","13":"pa_memory-mpts-688","14":"pa_pulse-width-min-ns-0-5","15":"pa_sampling-rate-ms-s-687","16":"pa_sweep-yes","17":"pa_transition-time-min-ns-0-11","18":"pa_vertical-resolution-bits-125","20":"first","21":"instock","22":"taxable","23":"shipping-taxable","24":"product-type-simple"},"acf":[],"_links":{"self":[{"href":"https:\/\/yotavis.ch\/de\/wp-json\/wp\/v2\/product\/6807","targetHints":{"allow":["GET"]}}],"collection":[{"href":"https:\/\/yotavis.ch\/de\/wp-json\/wp\/v2\/product"}],"about":[{"href":"https:\/\/yotavis.ch\/de\/wp-json\/wp\/v2\/types\/product"}],"replies":[{"embeddable":true,"href":"https:\/\/yotavis.ch\/de\/wp-json\/wp\/v2\/comments?post=6807"}],"wp:featuredmedia":[{"embeddable":true,"href":"https:\/\/yotavis.ch\/de\/wp-json\/wp\/v2\/media\/7834"}],"wp:attachment":[{"href":"https:\/\/yotavis.ch\/de\/wp-json\/wp\/v2\/media?parent=6807"}],"wp:term":[{"taxonomy":"product_brand","embeddable":true,"href":"https:\/\/yotavis.ch\/de\/wp-json\/wp\/v2\/product_brand?post=6807"},{"taxonomy":"product_cat","embeddable":true,"href":"https:\/\/yotavis.ch\/de\/wp-json\/wp\/v2\/product_cat?post=6807"},{"taxonomy":"product_tag","embeddable":true,"href":"https:\/\/yotavis.ch\/de\/wp-json\/wp\/v2\/product_tag?post=6807"}],"curies":[{"name":"wp","href":"https:\/\/api.w.org\/{rel}","templated":true}]}}