{"id":6809,"date":"2025-10-09T00:00:00","date_gmt":"2025-10-08T22:00:00","guid":{"rendered":"https:\/\/yotavis.ch\/product\/awg5038d\/"},"modified":"2026-04-24T13:36:17","modified_gmt":"2026-04-24T11:36:17","slug":"awg5038d","status":"publish","type":"product","link":"https:\/\/yotavis.ch\/de\/produkt\/awg5038d\/","title":{"rendered":"AWG5038D"},"content":{"rendered":"<p>Der AWG5038D von Active Technologies verf\u00fcgt \u00fcber 8 Kan\u00e4le mit einer maximalen Frequenz von 1 GHz und einer Abtastrate von 3 GS\/s. Jeder Kanal bietet eine Speichertiefe von 2048 Mpts, was zu einem Gesamtspeicher von 4096 Mpts beitr\u00e4gt. Der Baustein bietet eine differentielle Ausgangsamplitude von 1,5 Vss. Er unterst\u00fctzt sowohl den Sweep- als auch den Burst-Modus und erm\u00f6glicht so eine vielseitige Signalerzeugung. Die minimale Impulsbreite betr\u00e4gt 1 ns und die minimale \u00dcbergangszeit 0,2 ns, was eine pr\u00e4zise Steuerung des Signaltimings erm\u00f6glicht. Dieses Modell ist mit seinen fortschrittlichen Spezifikationen f\u00fcr die Erzeugung von Hochgeschwindigkeits- und hochaufl\u00f6senden Wellenformen ausgelegt.<\/p>","protected":false},"excerpt":{"rendered":"<p>8CH -3\u00a0\u00a0GS\/s &#8211; 1 GHz &#8211; 2048Mpts per CH &#8211; 1.5Vpp differential output<\/p>","protected":false},"featured_media":7834,"comment_status":"closed","ping_status":"closed","template":"","meta":{"_acf_changed":false,"slim_seo":{"title":"AWG5038D - YOTAVIS AG","description":"8CH -3 GS\/s - 1 GHz - 2048Mpts pro CH - 1,5Vpp Differenzausgang"}},"product_brand":[657],"product_cat":[541,513],"product_tag":[],"class_list":{"0":"post-6809","1":"product","2":"type-product","3":"status-publish","4":"has-post-thumbnail","6":"product_brand-active-technologies","7":"product_cat-awg","8":"product_cat-generator","9":"pa_amplitude-v-1-5","10":"pa_burst-yes","11":"pa_channels-459","12":"pa_frequency-mhz-268","13":"pa_memory-mpts-688","14":"pa_pulse-width-min-ns-266","15":"pa_sampling-rate-ms-s-693","16":"pa_sweep-yes","17":"pa_transition-time-min-ns-0-2","18":"pa_vertical-resolution-bits-125","20":"first","21":"instock","22":"taxable","23":"shipping-taxable","24":"product-type-simple"},"acf":[],"_links":{"self":[{"href":"https:\/\/yotavis.ch\/de\/wp-json\/wp\/v2\/product\/6809","targetHints":{"allow":["GET"]}}],"collection":[{"href":"https:\/\/yotavis.ch\/de\/wp-json\/wp\/v2\/product"}],"about":[{"href":"https:\/\/yotavis.ch\/de\/wp-json\/wp\/v2\/types\/product"}],"replies":[{"embeddable":true,"href":"https:\/\/yotavis.ch\/de\/wp-json\/wp\/v2\/comments?post=6809"}],"wp:featuredmedia":[{"embeddable":true,"href":"https:\/\/yotavis.ch\/de\/wp-json\/wp\/v2\/media\/7834"}],"wp:attachment":[{"href":"https:\/\/yotavis.ch\/de\/wp-json\/wp\/v2\/media?parent=6809"}],"wp:term":[{"taxonomy":"product_brand","embeddable":true,"href":"https:\/\/yotavis.ch\/de\/wp-json\/wp\/v2\/product_brand?post=6809"},{"taxonomy":"product_cat","embeddable":true,"href":"https:\/\/yotavis.ch\/de\/wp-json\/wp\/v2\/product_cat?post=6809"},{"taxonomy":"product_tag","embeddable":true,"href":"https:\/\/yotavis.ch\/de\/wp-json\/wp\/v2\/product_tag?post=6809"}],"curies":[{"name":"wp","href":"https:\/\/api.w.org\/{rel}","templated":true}]}}