{"id":6812,"date":"2025-10-09T00:00:00","date_gmt":"2025-10-08T22:00:00","guid":{"rendered":"https:\/\/yotavis.ch\/product\/awg-5068-pat\/"},"modified":"2026-04-24T13:36:19","modified_gmt":"2026-04-24T11:36:19","slug":"awg-5068-pat","status":"publish","type":"product","link":"https:\/\/yotavis.ch\/de\/produkt\/awg-5068-pat\/","title":{"rendered":"AWG-5068-PAT"},"content":{"rendered":"<p>Der AWG-5068-PAT ist ein 8-kanaliger serieller Mustergenerator, der f\u00fcr die Modelle AWG-5068 und AWG-5068D entwickelt wurde. Dieses von Active Technologies hergestellte Produkt erweitert die M\u00f6glichkeiten kompatibler Ger\u00e4te durch zus\u00e4tzliche Mustergenerierungsfunktionen. Es ist speziell auf die Unterst\u00fctzung serieller Datenanwendungen zugeschnitten und erm\u00f6glicht die Erzeugung komplexer Signale \u00fcber mehrere Kan\u00e4le gleichzeitig. Die Integration dieser Option erm\u00f6glicht es dem Benutzer, seine Test- und Entwicklungsprozesse durch die Einbeziehung pr\u00e4ziser und synchronisierter Musterausgaben zu erweitern. Dieses Zubeh\u00f6r ist unverzichtbar f\u00fcr Anwender, die in ihren Arbeitsabl\u00e4ufen eine erweiterte serielle Mustergenerierung ben\u00f6tigen. Sein Design gew\u00e4hrleistet die Kompatibilit\u00e4t und den nahtlosen Betrieb mit den angegebenen Basismodellen, was es zu einer praktischen Erg\u00e4nzung f\u00fcr die AWG-5068-Serie macht. Der AWG-5068-PAT dient als spezielles Werkzeug innerhalb der breiteren Palette der von Active Technologies angebotenen Signalgenerierungsger\u00e4te.<\/p>","protected":false},"excerpt":{"rendered":"<p>8CH Serieller Mustergenerator als Option f\u00fcr AWG-5068 und AWG-5068D<\/p>","protected":false},"featured_media":7834,"comment_status":"closed","ping_status":"closed","template":"","meta":{"_acf_changed":false,"slim_seo":{"title":"AWG-5068-PAT - YOTAVIS AG","description":"8CH Serieller Mustergenerator als Option f\u00fcr AWG-5068 und AWG-5068D"}},"product_brand":[657],"product_cat":[526,651],"product_tag":[],"class_list":{"0":"post-6812","1":"product","2":"type-product","3":"status-publish","4":"has-post-thumbnail","6":"product_brand-active-technologies","7":"product_cat-accessories","8":"product_cat-software","10":"first","11":"instock","12":"taxable","13":"shipping-taxable","14":"product-type-simple"},"acf":[],"_links":{"self":[{"href":"https:\/\/yotavis.ch\/de\/wp-json\/wp\/v2\/product\/6812","targetHints":{"allow":["GET"]}}],"collection":[{"href":"https:\/\/yotavis.ch\/de\/wp-json\/wp\/v2\/product"}],"about":[{"href":"https:\/\/yotavis.ch\/de\/wp-json\/wp\/v2\/types\/product"}],"replies":[{"embeddable":true,"href":"https:\/\/yotavis.ch\/de\/wp-json\/wp\/v2\/comments?post=6812"}],"wp:featuredmedia":[{"embeddable":true,"href":"https:\/\/yotavis.ch\/de\/wp-json\/wp\/v2\/media\/7834"}],"wp:attachment":[{"href":"https:\/\/yotavis.ch\/de\/wp-json\/wp\/v2\/media?parent=6812"}],"wp:term":[{"taxonomy":"product_brand","embeddable":true,"href":"https:\/\/yotavis.ch\/de\/wp-json\/wp\/v2\/product_brand?post=6812"},{"taxonomy":"product_cat","embeddable":true,"href":"https:\/\/yotavis.ch\/de\/wp-json\/wp\/v2\/product_cat?post=6812"},{"taxonomy":"product_tag","embeddable":true,"href":"https:\/\/yotavis.ch\/de\/wp-json\/wp\/v2\/product_tag?post=6812"}],"curies":[{"name":"wp","href":"https:\/\/api.w.org\/{rel}","templated":true}]}}