{"id":6813,"date":"2025-10-09T00:00:00","date_gmt":"2025-10-08T22:00:00","guid":{"rendered":"https:\/\/yotavis.ch\/product\/awg-5062-4g\/"},"modified":"2026-04-24T13:36:20","modified_gmt":"2026-04-24T11:36:20","slug":"awg-5062-4g","status":"publish","type":"product","link":"https:\/\/yotavis.ch\/de\/produkt\/awg-5062-4g\/","title":{"rendered":"AWG-5062-4G"},"content":{"rendered":"<p>Der AWG-5062-4G ist ein Upgrade f\u00fcr das Modell AWG-5062, das die Speichertiefe auf 4096 Millionen Punkte pro Kanal erh\u00f6ht. Diese Verbesserung erm\u00f6glicht eine erweiterte Datenspeicherkapazit\u00e4t, die eine detailliertere und l\u00e4ngere Signalerzeugung oder -analyse erm\u00f6glicht. Das von Active Technologies hergestellte Produkt konzentriert sich auf die Verbesserung der Speicherkapazit\u00e4t des Originalger\u00e4ts. Das Upgrade zielt speziell auf den Parameter Speichertiefe ab und erweitert diesen auf 4096 Mpts pro Kanal. Diese Erh\u00f6hung der Speichertiefe kann f\u00fcr Anwendungen, die eine hochaufl\u00f6sende Wellenformerzeugung oder komplexe Signalverarbeitung erfordern, entscheidend sein. Das Produkt enth\u00e4lt keine zus\u00e4tzlichen Spezifikationen wie Leistung, Spannung, Strom oder Frequenz. Es wurde entwickelt, um die vorhandene Hardware durch eine erhebliche Steigerung der Speicherkapazit\u00e4t zu erweitern, was f\u00fcr fortgeschrittene Test- und Messaufgaben unerl\u00e4sslich sein kann. Der AWG-5062-4G ist ein spezielles Bauteil f\u00fcr Anwender, die in ihren Signalerzeugungsger\u00e4ten eine h\u00f6here Speicherleistung ben\u00f6tigen.<\/p>","protected":false},"excerpt":{"rendered":"<p>AWG-5062 Mem Upgrade auf 4096Mpts pro Kanal<\/p>","protected":false},"featured_media":7834,"comment_status":"closed","ping_status":"closed","template":"","meta":{"_acf_changed":false,"slim_seo":{"title":"AWG-5062-4G - YOTAVIS AG","description":"AWG-5062 Mem Upgrade auf 4096Mpts pro Kanal"}},"product_brand":[657],"product_cat":[526,651],"product_tag":[],"class_list":{"0":"post-6813","1":"product","2":"type-product","3":"status-publish","4":"has-post-thumbnail","6":"product_brand-active-technologies","7":"product_cat-accessories","8":"product_cat-software","10":"first","11":"instock","12":"taxable","13":"shipping-taxable","14":"product-type-simple"},"acf":[],"_links":{"self":[{"href":"https:\/\/yotavis.ch\/de\/wp-json\/wp\/v2\/product\/6813","targetHints":{"allow":["GET"]}}],"collection":[{"href":"https:\/\/yotavis.ch\/de\/wp-json\/wp\/v2\/product"}],"about":[{"href":"https:\/\/yotavis.ch\/de\/wp-json\/wp\/v2\/types\/product"}],"replies":[{"embeddable":true,"href":"https:\/\/yotavis.ch\/de\/wp-json\/wp\/v2\/comments?post=6813"}],"wp:featuredmedia":[{"embeddable":true,"href":"https:\/\/yotavis.ch\/de\/wp-json\/wp\/v2\/media\/7834"}],"wp:attachment":[{"href":"https:\/\/yotavis.ch\/de\/wp-json\/wp\/v2\/media?parent=6813"}],"wp:term":[{"taxonomy":"product_brand","embeddable":true,"href":"https:\/\/yotavis.ch\/de\/wp-json\/wp\/v2\/product_brand?post=6813"},{"taxonomy":"product_cat","embeddable":true,"href":"https:\/\/yotavis.ch\/de\/wp-json\/wp\/v2\/product_cat?post=6813"},{"taxonomy":"product_tag","embeddable":true,"href":"https:\/\/yotavis.ch\/de\/wp-json\/wp\/v2\/product_tag?post=6813"}],"curies":[{"name":"wp","href":"https:\/\/api.w.org\/{rel}","templated":true}]}}