{"id":6815,"date":"2025-10-09T00:00:00","date_gmt":"2025-10-08T22:00:00","guid":{"rendered":"https:\/\/yotavis.ch\/product\/awg-5068-4g\/"},"modified":"2026-04-24T13:36:21","modified_gmt":"2026-04-24T11:36:21","slug":"awg-5068-4g","status":"publish","type":"product","link":"https:\/\/yotavis.ch\/de\/produkt\/awg-5068-4g\/","title":{"rendered":"AWG-5068-4G"},"content":{"rendered":"<p>Der AWG-5068-4G von Active Technologies verf\u00fcgt \u00fcber eine Speichererweiterung auf 4096 Mpts pro Kanal, wodurch die Datenspeicherkapazit\u00e4t erh\u00f6ht wird. Dieses Upgrade erm\u00f6glicht eine erweiterte Wellenformerzeugung und eine detailliertere Signalanalyse. Das Produkt wurde entwickelt, um eine hochaufl\u00f6sende Speichertiefe zu unterst\u00fctzen, die f\u00fcr Anwendungen, die eine pr\u00e4zise Wellenformwiedergabe erfordern, entscheidend ist. Dank der gr\u00f6\u00dferen Speicherkapazit\u00e4t k\u00f6nnen die Benutzer eine bessere Leistung bei der Verarbeitung komplexer Signalmuster erwarten. Das Ger\u00e4t ist auf den Einsatz in Umgebungen zugeschnitten, in denen eine erweiterte Wellenformerzeugung erforderlich ist. Die erweiterte Speicherkapazit\u00e4t tr\u00e4gt zu effizienteren und genaueren Pr\u00fcfprozessen bei. Dieses Upgrade spiegelt den Fokus auf die Erweiterung der funktionalen F\u00e4higkeiten des Modells AWG-5068 wider, um anspruchsvolle technische Anforderungen zu erf\u00fcllen.<\/p>","protected":false},"excerpt":{"rendered":"<p>AWG-5068 Mem Upgrade auf 4096Mpts pro Kanal<\/p>","protected":false},"featured_media":7834,"comment_status":"closed","ping_status":"closed","template":"","meta":{"_acf_changed":false,"slim_seo":{"title":"AWG-5068-4G - YOTAVIS AG","description":"AWG-5068 Mem Upgrade auf 4096Mpts pro Kanal"}},"product_brand":[657],"product_cat":[526,651],"product_tag":[],"class_list":{"0":"post-6815","1":"product","2":"type-product","3":"status-publish","4":"has-post-thumbnail","6":"product_brand-active-technologies","7":"product_cat-accessories","8":"product_cat-software","10":"first","11":"instock","12":"taxable","13":"shipping-taxable","14":"product-type-simple"},"acf":[],"_links":{"self":[{"href":"https:\/\/yotavis.ch\/de\/wp-json\/wp\/v2\/product\/6815","targetHints":{"allow":["GET"]}}],"collection":[{"href":"https:\/\/yotavis.ch\/de\/wp-json\/wp\/v2\/product"}],"about":[{"href":"https:\/\/yotavis.ch\/de\/wp-json\/wp\/v2\/types\/product"}],"replies":[{"embeddable":true,"href":"https:\/\/yotavis.ch\/de\/wp-json\/wp\/v2\/comments?post=6815"}],"wp:featuredmedia":[{"embeddable":true,"href":"https:\/\/yotavis.ch\/de\/wp-json\/wp\/v2\/media\/7834"}],"wp:attachment":[{"href":"https:\/\/yotavis.ch\/de\/wp-json\/wp\/v2\/media?parent=6815"}],"wp:term":[{"taxonomy":"product_brand","embeddable":true,"href":"https:\/\/yotavis.ch\/de\/wp-json\/wp\/v2\/product_brand?post=6815"},{"taxonomy":"product_cat","embeddable":true,"href":"https:\/\/yotavis.ch\/de\/wp-json\/wp\/v2\/product_cat?post=6815"},{"taxonomy":"product_tag","embeddable":true,"href":"https:\/\/yotavis.ch\/de\/wp-json\/wp\/v2\/product_tag?post=6815"}],"curies":[{"name":"wp","href":"https:\/\/api.w.org\/{rel}","templated":true}]}}