{"id":6816,"date":"2025-10-09T00:00:00","date_gmt":"2025-10-08T22:00:00","guid":{"rendered":"https:\/\/yotavis.ch\/product\/awg-506x-8dig\/"},"modified":"2026-04-24T13:36:22","modified_gmt":"2026-04-24T11:36:22","slug":"awg-506x-8dig","status":"publish","type":"product","link":"https:\/\/yotavis.ch\/de\/produkt\/awg-506x-8dig\/","title":{"rendered":"AWG-506x-8DIG"},"content":{"rendered":"<p>Die AWG-506x-8DIG ist eine digitale 8-Kanal-Lizenz f\u00fcr die Modelle AWG-5062, AWG-5064 und AWG-5068 von Active Technologies. Diese Lizenz erm\u00f6glicht die digitale Funktionalit\u00e4t \u00fcber acht Kan\u00e4le und erweitert die M\u00f6glichkeiten kompatibler Ger\u00e4te. Bitte beachten Sie, dass das f\u00fcr den Anschluss erforderliche Kabel nicht im Lieferumfang der Lizenz enthalten ist. Das Produkt ist speziell auf die Erweiterung der digitalen Ausgangsoptionen der unterst\u00fctzten Modelle zugeschnitten und erm\u00f6glicht komplexere Signalerzeugungs- und Testszenarien. Als Softwarelizenz l\u00e4sst es sich nahtlos in die Hardware integrieren, um zus\u00e4tzliche Funktionen freizuschalten, ohne dass physische Modifikationen erforderlich sind. Diese Lizenz ist Teil der Produktlinie von Active Technologies, die f\u00fcr ihre Pr\u00e4zision und Zuverl\u00e4ssigkeit bei elektronischen Pr\u00fcfger\u00e4ten bekannt ist. Benutzer k\u00f6nnen ihre vorhandenen AWG-Ger\u00e4te mit dieser Lizenz aufr\u00fcsten, um bestimmte Anforderungen an digitale Kan\u00e4le zu erf\u00fcllen. Der AWG-506x-8DIG bietet eine unkomplizierte L\u00f6sung zur Erweiterung der digitalen Kanalkapazit\u00e4t von Wellenformgeneratoren.<\/p>","protected":false},"excerpt":{"rendered":"<p>8CH Dig license for AWG-5062 &#8211; 5064 &#8211; 5068 (cable NOT included)<\/p>","protected":false},"featured_media":7834,"comment_status":"closed","ping_status":"closed","template":"","meta":{"_acf_changed":false,"slim_seo":{"title":"AWG-506x-8DIG - YOTAVIS AG","description":"8CH Dig-Lizenz f\u00fcr AWG-5062 - 5064 - 5068 (Kabel NICHT enthalten)"}},"product_brand":[657],"product_cat":[526,651],"product_tag":[],"class_list":{"0":"post-6816","1":"product","2":"type-product","3":"status-publish","4":"has-post-thumbnail","6":"product_brand-active-technologies","7":"product_cat-accessories","8":"product_cat-software","10":"first","11":"instock","12":"taxable","13":"shipping-taxable","14":"product-type-simple"},"acf":[],"_links":{"self":[{"href":"https:\/\/yotavis.ch\/de\/wp-json\/wp\/v2\/product\/6816","targetHints":{"allow":["GET"]}}],"collection":[{"href":"https:\/\/yotavis.ch\/de\/wp-json\/wp\/v2\/product"}],"about":[{"href":"https:\/\/yotavis.ch\/de\/wp-json\/wp\/v2\/types\/product"}],"replies":[{"embeddable":true,"href":"https:\/\/yotavis.ch\/de\/wp-json\/wp\/v2\/comments?post=6816"}],"wp:featuredmedia":[{"embeddable":true,"href":"https:\/\/yotavis.ch\/de\/wp-json\/wp\/v2\/media\/7834"}],"wp:attachment":[{"href":"https:\/\/yotavis.ch\/de\/wp-json\/wp\/v2\/media?parent=6816"}],"wp:term":[{"taxonomy":"product_brand","embeddable":true,"href":"https:\/\/yotavis.ch\/de\/wp-json\/wp\/v2\/product_brand?post=6816"},{"taxonomy":"product_cat","embeddable":true,"href":"https:\/\/yotavis.ch\/de\/wp-json\/wp\/v2\/product_cat?post=6816"},{"taxonomy":"product_tag","embeddable":true,"href":"https:\/\/yotavis.ch\/de\/wp-json\/wp\/v2\/product_tag?post=6816"}],"curies":[{"name":"wp","href":"https:\/\/api.w.org\/{rel}","templated":true}]}}