{"id":6817,"date":"2025-10-09T00:00:00","date_gmt":"2025-10-08T22:00:00","guid":{"rendered":"https:\/\/yotavis.ch\/product\/awg-506x-16dig\/"},"modified":"2026-04-24T13:36:22","modified_gmt":"2026-04-24T11:36:22","slug":"awg-506x-16dig","status":"publish","type":"product","link":"https:\/\/yotavis.ch\/de\/produkt\/awg-506x-16dig\/","title":{"rendered":"AWG-506x-16DIG"},"content":{"rendered":"<p>Das AWG-506x-16DIG ist eine digitale 16-Kanal-Lizenz, die f\u00fcr die Modelle AWG-5064 und AWG-5068 entwickelt wurde. Dieses Produkt wird von Active Technologies angeboten und erm\u00f6glicht die digitale Funktionalit\u00e4t \u00fcber sechzehn Kan\u00e4le. Bitte beachten Sie, dass das f\u00fcr den Anschluss erforderliche Kabel nicht im Lieferumfang dieser Lizenz enthalten ist. Die Lizenz erm\u00f6glicht erweiterte digitale Funktionen f\u00fcr kompatible Ger\u00e4te und erweitert deren Einsatzm\u00f6glichkeiten. Dieses Produkt ist speziell auf die Integration mit den Serien AWG-5064 und AWG-5068 zugeschnitten und gew\u00e4hrleistet Kompatibilit\u00e4t und optimierte Leistung. Die 16-Kanal-Kapazit\u00e4t erm\u00f6glicht die gleichzeitige Verwaltung mehrerer digitaler Signale und unterst\u00fctzt so komplexe digitale Anwendungen. Diese Lizenz ist eine Schl\u00fcsselkomponente f\u00fcr Benutzer, die ihre vorhandenen Ger\u00e4te mit zus\u00e4tzlichen digitalen Kan\u00e4len aufr\u00fcsten m\u00f6chten.<\/p>","protected":false},"excerpt":{"rendered":"<p>16CH Dig license for AWG-5064 &#8211; 5068 (cable NOT included)<\/p>","protected":false},"featured_media":7834,"comment_status":"closed","ping_status":"closed","template":"","meta":{"_acf_changed":false,"slim_seo":{"title":"AWG-506x-16DIG - YOTAVIS AG","description":"16CH Dig-Lizenz f\u00fcr AWG-5064 - 5068 (Kabel NICHT enthalten)"}},"product_brand":[657],"product_cat":[526,651],"product_tag":[],"class_list":{"0":"post-6817","1":"product","2":"type-product","3":"status-publish","4":"has-post-thumbnail","6":"product_brand-active-technologies","7":"product_cat-accessories","8":"product_cat-software","10":"first","11":"instock","12":"taxable","13":"shipping-taxable","14":"product-type-simple"},"acf":[],"_links":{"self":[{"href":"https:\/\/yotavis.ch\/de\/wp-json\/wp\/v2\/product\/6817","targetHints":{"allow":["GET"]}}],"collection":[{"href":"https:\/\/yotavis.ch\/de\/wp-json\/wp\/v2\/product"}],"about":[{"href":"https:\/\/yotavis.ch\/de\/wp-json\/wp\/v2\/types\/product"}],"replies":[{"embeddable":true,"href":"https:\/\/yotavis.ch\/de\/wp-json\/wp\/v2\/comments?post=6817"}],"wp:featuredmedia":[{"embeddable":true,"href":"https:\/\/yotavis.ch\/de\/wp-json\/wp\/v2\/media\/7834"}],"wp:attachment":[{"href":"https:\/\/yotavis.ch\/de\/wp-json\/wp\/v2\/media?parent=6817"}],"wp:term":[{"taxonomy":"product_brand","embeddable":true,"href":"https:\/\/yotavis.ch\/de\/wp-json\/wp\/v2\/product_brand?post=6817"},{"taxonomy":"product_cat","embeddable":true,"href":"https:\/\/yotavis.ch\/de\/wp-json\/wp\/v2\/product_cat?post=6817"},{"taxonomy":"product_tag","embeddable":true,"href":"https:\/\/yotavis.ch\/de\/wp-json\/wp\/v2\/product_tag?post=6817"}],"curies":[{"name":"wp","href":"https:\/\/api.w.org\/{rel}","templated":true}]}}