{"id":6818,"date":"2025-10-09T00:00:00","date_gmt":"2025-10-08T22:00:00","guid":{"rendered":"https:\/\/yotavis.ch\/product\/awg-506x-32dig\/"},"modified":"2026-04-24T13:36:23","modified_gmt":"2026-04-24T11:36:23","slug":"awg-506x-32dig","status":"publish","type":"product","link":"https:\/\/yotavis.ch\/de\/produkt\/awg-506x-32dig\/","title":{"rendered":"AWG-506x-32DIG"},"content":{"rendered":"<p>Das AWG-506x-32DIG ist eine digitale 32-Kanal-Lizenz, die f\u00fcr das Modell AWG-5068 entwickelt wurde. Dieses Produkt wird von Active Technologies angeboten und erm\u00f6glicht die Aktivierung von 32 digitalen Kan\u00e4len auf dem kompatiblen Ger\u00e4t. Es ist wichtig zu beachten, dass das f\u00fcr den Anschluss erforderliche Kabel nicht im Lieferumfang dieser Lizenz enthalten ist. Die Lizenz erweitert die Funktionalit\u00e4t des AWG-5068 durch zus\u00e4tzliche digitale Kan\u00e4le, die komplexere Signalerzeugung und Testszenarien erm\u00f6glichen. Diese Lizenz ist speziell auf die Erweiterung der digitalen Ausgangsfunktionen des AWG-5068 zugeschnitten und eignet sich daher f\u00fcr Benutzer, die mehrere digitale Kan\u00e4le in ihren Anwendungen ben\u00f6tigen. Das Produkt konzentriert sich ausschlie\u00dflich auf den Aspekt der digitalen Lizenz und enth\u00e4lt neben der Lizenz selbst keine weiteren Hardwarekomponenten. Benutzer sollten sich vor dem Kauf dieser Lizenz von der Kompatibilit\u00e4t mit dem AWG-5068 \u00fcberzeugen, um einen ordnungsgem\u00e4\u00dfen Betrieb und eine gute Integration zu gew\u00e4hrleisten.<\/p>","protected":false},"excerpt":{"rendered":"<p>32CH Dig-Lizenz f\u00fcr AWG-5068 (Kabel NICHT enthalten)<\/p>","protected":false},"featured_media":7834,"comment_status":"closed","ping_status":"closed","template":"","meta":{"_acf_changed":false,"slim_seo":{"title":"AWG-506x-32DIG - YOTAVIS AG","description":"32CH Dig-Lizenz f\u00fcr AWG-5068 (Kabel NICHT enthalten)"}},"product_brand":[657],"product_cat":[526,651],"product_tag":[],"class_list":{"0":"post-6818","1":"product","2":"type-product","3":"status-publish","4":"has-post-thumbnail","6":"product_brand-active-technologies","7":"product_cat-accessories","8":"product_cat-software","10":"first","11":"instock","12":"taxable","13":"shipping-taxable","14":"product-type-simple"},"acf":[],"_links":{"self":[{"href":"https:\/\/yotavis.ch\/de\/wp-json\/wp\/v2\/product\/6818","targetHints":{"allow":["GET"]}}],"collection":[{"href":"https:\/\/yotavis.ch\/de\/wp-json\/wp\/v2\/product"}],"about":[{"href":"https:\/\/yotavis.ch\/de\/wp-json\/wp\/v2\/types\/product"}],"replies":[{"embeddable":true,"href":"https:\/\/yotavis.ch\/de\/wp-json\/wp\/v2\/comments?post=6818"}],"wp:featuredmedia":[{"embeddable":true,"href":"https:\/\/yotavis.ch\/de\/wp-json\/wp\/v2\/media\/7834"}],"wp:attachment":[{"href":"https:\/\/yotavis.ch\/de\/wp-json\/wp\/v2\/media?parent=6818"}],"wp:term":[{"taxonomy":"product_brand","embeddable":true,"href":"https:\/\/yotavis.ch\/de\/wp-json\/wp\/v2\/product_brand?post=6818"},{"taxonomy":"product_cat","embeddable":true,"href":"https:\/\/yotavis.ch\/de\/wp-json\/wp\/v2\/product_cat?post=6818"},{"taxonomy":"product_tag","embeddable":true,"href":"https:\/\/yotavis.ch\/de\/wp-json\/wp\/v2\/product_tag?post=6818"}],"curies":[{"name":"wp","href":"https:\/\/api.w.org\/{rel}","templated":true}]}}