{"id":6819,"date":"2025-10-09T00:00:00","date_gmt":"2025-10-08T22:00:00","guid":{"rendered":"https:\/\/yotavis.ch\/product\/awg-5062-rf\/"},"modified":"2026-04-24T13:36:23","modified_gmt":"2026-04-24T11:36:23","slug":"awg-5062-rf","status":"publish","type":"product","link":"https:\/\/yotavis.ch\/de\/produkt\/awg-5062-rf\/","title":{"rendered":"AWG-5062-RF"},"content":{"rendered":"<p>Der AWG-5062-RF wurde speziell f\u00fcr die Modelle AWG-5062 und AWG-5062D f\u00fcr den Betrieb im 12GS\/s RF-Modus entwickelt. Dieses von Active Technologies hergestellte Produkt erweitert die F\u00e4higkeiten der bestehenden AWG-5062-Serie, indem es die Erzeugung von Hochgeschwindigkeits-HF-Signalen erm\u00f6glicht. Die Abtastrate von 12GS\/s erm\u00f6glicht eine pr\u00e4zise Wellenformerzeugung, die sich f\u00fcr fortschrittliche Test- und Messanwendungen eignet. Dieser Modus ist in die Hardware integriert, um komplexe Signalerzeugungsaufgaben zu unterst\u00fctzen, die eine hohe zeitliche Aufl\u00f6sung erfordern. Das Produkt ist auf die Bed\u00fcrfnisse von Anwendern zugeschnitten, die eine zuverl\u00e4ssige und genaue HF-Signalausgabe im Rahmen der AWG-5062-Familie ben\u00f6tigen. Es dient als Upgrade oder Erweiterung f\u00fcr die Basismodelle und gew\u00e4hrleistet Kompatibilit\u00e4t und nahtlose Integration. Der AWG-5062-RF entspricht den von Active Technologies gesetzten Betriebsstandards und bietet eine gleichbleibende Leistung in HF-Anwendungen.<\/p>","protected":false},"excerpt":{"rendered":"<p>12GS\/s RF-Modus f\u00fcr AWG-5062 und AWG-5062D<\/p>","protected":false},"featured_media":7834,"comment_status":"closed","ping_status":"closed","template":"","meta":{"_acf_changed":false,"slim_seo":{"title":"AWG-5062-RF - YOTAVIS AG","description":"12GS\/s RF-Modus f\u00fcr AWG-5062 und AWG-5062D"}},"product_brand":[657],"product_cat":[526,651],"product_tag":[],"class_list":{"0":"post-6819","1":"product","2":"type-product","3":"status-publish","4":"has-post-thumbnail","6":"product_brand-active-technologies","7":"product_cat-accessories","8":"product_cat-software","10":"first","11":"instock","12":"taxable","13":"shipping-taxable","14":"product-type-simple"},"acf":[],"_links":{"self":[{"href":"https:\/\/yotavis.ch\/de\/wp-json\/wp\/v2\/product\/6819","targetHints":{"allow":["GET"]}}],"collection":[{"href":"https:\/\/yotavis.ch\/de\/wp-json\/wp\/v2\/product"}],"about":[{"href":"https:\/\/yotavis.ch\/de\/wp-json\/wp\/v2\/types\/product"}],"replies":[{"embeddable":true,"href":"https:\/\/yotavis.ch\/de\/wp-json\/wp\/v2\/comments?post=6819"}],"wp:featuredmedia":[{"embeddable":true,"href":"https:\/\/yotavis.ch\/de\/wp-json\/wp\/v2\/media\/7834"}],"wp:attachment":[{"href":"https:\/\/yotavis.ch\/de\/wp-json\/wp\/v2\/media?parent=6819"}],"wp:term":[{"taxonomy":"product_brand","embeddable":true,"href":"https:\/\/yotavis.ch\/de\/wp-json\/wp\/v2\/product_brand?post=6819"},{"taxonomy":"product_cat","embeddable":true,"href":"https:\/\/yotavis.ch\/de\/wp-json\/wp\/v2\/product_cat?post=6819"},{"taxonomy":"product_tag","embeddable":true,"href":"https:\/\/yotavis.ch\/de\/wp-json\/wp\/v2\/product_tag?post=6819"}],"curies":[{"name":"wp","href":"https:\/\/api.w.org\/{rel}","templated":true}]}}