{"id":6820,"date":"2025-10-09T00:00:00","date_gmt":"2025-10-08T22:00:00","guid":{"rendered":"https:\/\/yotavis.ch\/product\/awg-5064-rf\/"},"modified":"2026-04-24T13:36:23","modified_gmt":"2026-04-24T11:36:23","slug":"awg-5064-rf","status":"publish","type":"product","link":"https:\/\/yotavis.ch\/de\/produkt\/awg-5064-rf\/","title":{"rendered":"AWG-5064-RF"},"content":{"rendered":"<p>Der AWG-5064-RF wurde speziell f\u00fcr die Modelle AWG-5064 und AWG-5064D f\u00fcr den Betrieb im 12GS\/s RF-Modus entwickelt. Dieses von Active Technologies hergestellte Produkt erweitert die F\u00e4higkeiten der bestehenden AWG-5064-Serie, indem es die Erzeugung von Hochgeschwindigkeits-HF-Signalen erm\u00f6glicht. Die Abtastrate von 12 Gigasamples pro Sekunde erm\u00f6glicht eine pr\u00e4zise Wellenformerzeugung und Modulation, die sich f\u00fcr fortschrittliche Test- und Entwicklungsanwendungen eignet. Dieser Modus ist nahtlos in die AWG-5064- und AWG-5064D-Serie integriert und gew\u00e4hrleistet Kompatibilit\u00e4t und Benutzerfreundlichkeit innerhalb dieser Systeme. Das Produkt konzentriert sich auf die Bereitstellung von Hochfrequenzleistung durch seinen HF-Modus, obwohl spezifische Details wie Leistungsaufnahme, Spannung, Strom und andere elektrische Eigenschaften nicht aufgef\u00fchrt sind. Zus\u00e4tzliche Funktionen wie Fernsteuerung, Touchscreen oder digitale Kan\u00e4le sind in den bereitgestellten Informationen nicht enthalten. Der AWG-5064-RF ist eine spezielle Erweiterung der AWG-5064-Serie, die deren Funktionalit\u00e4t auf den HF-Bereich ausdehnt, ohne die Kernspezifikationen der Hardware zu ver\u00e4ndern.<\/p>","protected":false},"excerpt":{"rendered":"<p>12GS\/s RF-Modus f\u00fcr AWG-5064 und AWG-5064D<\/p>","protected":false},"featured_media":7834,"comment_status":"closed","ping_status":"closed","template":"","meta":{"_acf_changed":false,"slim_seo":{"title":"AWG-5064-RF - YOTAVIS AG","description":"12GS\/s RF-Modus f\u00fcr AWG-5064 und AWG-5064D"}},"product_brand":[657],"product_cat":[526,651],"product_tag":[],"class_list":{"0":"post-6820","1":"product","2":"type-product","3":"status-publish","4":"has-post-thumbnail","6":"product_brand-active-technologies","7":"product_cat-accessories","8":"product_cat-software","10":"first","11":"instock","12":"taxable","13":"shipping-taxable","14":"product-type-simple"},"acf":[],"_links":{"self":[{"href":"https:\/\/yotavis.ch\/de\/wp-json\/wp\/v2\/product\/6820","targetHints":{"allow":["GET"]}}],"collection":[{"href":"https:\/\/yotavis.ch\/de\/wp-json\/wp\/v2\/product"}],"about":[{"href":"https:\/\/yotavis.ch\/de\/wp-json\/wp\/v2\/types\/product"}],"replies":[{"embeddable":true,"href":"https:\/\/yotavis.ch\/de\/wp-json\/wp\/v2\/comments?post=6820"}],"wp:featuredmedia":[{"embeddable":true,"href":"https:\/\/yotavis.ch\/de\/wp-json\/wp\/v2\/media\/7834"}],"wp:attachment":[{"href":"https:\/\/yotavis.ch\/de\/wp-json\/wp\/v2\/media?parent=6820"}],"wp:term":[{"taxonomy":"product_brand","embeddable":true,"href":"https:\/\/yotavis.ch\/de\/wp-json\/wp\/v2\/product_brand?post=6820"},{"taxonomy":"product_cat","embeddable":true,"href":"https:\/\/yotavis.ch\/de\/wp-json\/wp\/v2\/product_cat?post=6820"},{"taxonomy":"product_tag","embeddable":true,"href":"https:\/\/yotavis.ch\/de\/wp-json\/wp\/v2\/product_tag?post=6820"}],"curies":[{"name":"wp","href":"https:\/\/api.w.org\/{rel}","templated":true}]}}