{"id":6821,"date":"2025-10-09T00:00:00","date_gmt":"2025-10-08T22:00:00","guid":{"rendered":"https:\/\/yotavis.ch\/product\/awg-5068-rf\/"},"modified":"2026-04-24T13:36:24","modified_gmt":"2026-04-24T11:36:24","slug":"awg-5068-rf","status":"publish","type":"product","link":"https:\/\/yotavis.ch\/de\/produkt\/awg-5068-rf\/","title":{"rendered":"AWG-5068-RF"},"content":{"rendered":"<p>Der AWG-5068-RF wurde entwickelt, um einen 12GS\/s-HF-Modus speziell f\u00fcr die Modelle AWG-5068 und AWG-5068D bereitzustellen. Dieses von Active Technologies hergestellte Produkt erweitert die F\u00e4higkeiten der vorhandenen Wellenformgeneratoren, indem es eine Hochgeschwindigkeits-HF-Signalerzeugung erm\u00f6glicht. Es ist auf die Anforderungen von Anwendungen zugeschnitten, die eine pr\u00e4zise und schnelle Signalausgabe erfordern. Das Ger\u00e4t l\u00e4sst sich nahtlos in die Serie AWG-5068 integrieren und gew\u00e4hrleistet so Kompatibilit\u00e4t und Benutzerfreundlichkeit. Seine hohe Abtastrate unterst\u00fctzt fortschrittliche Pr\u00fcf- und Messaufgaben und eignet sich daher f\u00fcr verschiedene technische Umgebungen. Das AWG-5068-RF konzentriert sich auf die Bereitstellung zuverl\u00e4ssiger Leistung im HF-Modus ohne zus\u00e4tzliche Spezifikationen f\u00fcr Leistung, Spannung oder andere elektrische Eigenschaften. Dieses Modul ist ein wichtiges Upgrade f\u00fcr Anwender, die die Funktionalit\u00e4t ihrer AWG-5068- oder AWG-5068D-Ger\u00e4te erweitern m\u00f6chten.<\/p>","protected":false},"excerpt":{"rendered":"<p>12GS\/s RF-Modus f\u00fcr AWG-5068 und AWG-5068D<\/p>","protected":false},"featured_media":7834,"comment_status":"closed","ping_status":"closed","template":"","meta":{"_acf_changed":false,"slim_seo":{"title":"AWG-5068-RF - YOTAVIS AG","description":"12GS\/s RF-Modus f\u00fcr AWG-5068 und AWG-5068D"}},"product_brand":[657],"product_cat":[526,651],"product_tag":[],"class_list":{"0":"post-6821","1":"product","2":"type-product","3":"status-publish","4":"has-post-thumbnail","6":"product_brand-active-technologies","7":"product_cat-accessories","8":"product_cat-software","10":"first","11":"instock","12":"taxable","13":"shipping-taxable","14":"product-type-simple"},"acf":[],"_links":{"self":[{"href":"https:\/\/yotavis.ch\/de\/wp-json\/wp\/v2\/product\/6821","targetHints":{"allow":["GET"]}}],"collection":[{"href":"https:\/\/yotavis.ch\/de\/wp-json\/wp\/v2\/product"}],"about":[{"href":"https:\/\/yotavis.ch\/de\/wp-json\/wp\/v2\/types\/product"}],"replies":[{"embeddable":true,"href":"https:\/\/yotavis.ch\/de\/wp-json\/wp\/v2\/comments?post=6821"}],"wp:featuredmedia":[{"embeddable":true,"href":"https:\/\/yotavis.ch\/de\/wp-json\/wp\/v2\/media\/7834"}],"wp:attachment":[{"href":"https:\/\/yotavis.ch\/de\/wp-json\/wp\/v2\/media?parent=6821"}],"wp:term":[{"taxonomy":"product_brand","embeddable":true,"href":"https:\/\/yotavis.ch\/de\/wp-json\/wp\/v2\/product_brand?post=6821"},{"taxonomy":"product_cat","embeddable":true,"href":"https:\/\/yotavis.ch\/de\/wp-json\/wp\/v2\/product_cat?post=6821"},{"taxonomy":"product_tag","embeddable":true,"href":"https:\/\/yotavis.ch\/de\/wp-json\/wp\/v2\/product_tag?post=6821"}],"curies":[{"name":"wp","href":"https:\/\/api.w.org\/{rel}","templated":true}]}}