{"id":6823,"date":"2025-10-09T00:00:00","date_gmt":"2025-10-08T22:00:00","guid":{"rendered":"https:\/\/yotavis.ch\/product\/awg-4012-2m\/"},"modified":"2026-04-24T13:36:25","modified_gmt":"2026-04-24T11:36:25","slug":"awg-4012-2m","status":"publish","type":"product","link":"https:\/\/yotavis.ch\/de\/produkt\/awg-4012-2m\/","title":{"rendered":"AWG-4012-2M"},"content":{"rendered":"<p>Der AWG-4012-2M von Active Technologies ist ein 2-kanaliger Arbitrary Waveform Generator mit einer Abtastrate von 1,2 Gigasamples pro Sekunde und einer Speichertiefe von 2 Millionen Punkten. Er arbeitet mit einer maximalen Frequenz von 300 MHz und bietet eine Amplitudenausgabe von bis zu 6 Volt Spitze-Spitze. Das Ger\u00e4t unterst\u00fctzt die Modi Sweep und Burst und erm\u00f6glicht so eine vielseitige Signalerzeugung. Mit einer minimalen \u00dcbergangszeit von 2 Nanosekunden und einer minimalen Impulsbreite von 2,5 Nanosekunden lassen sich die Wellenformeigenschaften pr\u00e4zise steuern. Dieses Modell ist f\u00fcr eine schnelle und hochaufl\u00f6sende Signalausgabe konzipiert, die sich f\u00fcr verschiedene Pr\u00fcf- und Messanwendungen eignet. Durch die Kombination von Abtastrate, Speichertiefe und Frequenzbereich eignet es sich f\u00fcr die Erzeugung komplexer Wellenformen mit hoher Detailgenauigkeit.<\/p>","protected":false},"excerpt":{"rendered":"<p>2ch 1,2Gs\/s AWG- 2Ms memory &#8211; 300MHz AFG &#8211; 6Vpp<\/p>","protected":false},"featured_media":7843,"comment_status":"closed","ping_status":"closed","template":"","meta":{"_acf_changed":false,"slim_seo":{"title":"AWG-4012-2M - YOTAVIS AG","description":"2 Kanal 1,2Gs\/s AWG- 2Ms Speicher - 300MHz AFG - 6Vpp"}},"product_brand":[657],"product_cat":[541,513],"product_tag":[],"class_list":{"0":"post-6823","1":"product","2":"type-product","3":"status-publish","4":"has-post-thumbnail","6":"product_brand-active-technologies","7":"product_cat-awg","8":"product_cat-generator","9":"pa_amplitude-v-262","10":"pa_burst-yes","11":"pa_channels-350","12":"pa_frequency-mhz-695","13":"pa_memory-mpts-654","14":"pa_pulse-width-min-ns-2-5","15":"pa_sampling-rate-ms-s-297","16":"pa_sweep-yes","17":"pa_transition-time-min-ns-134","18":"pa_vertical-resolution-bits-125","20":"first","21":"instock","22":"taxable","23":"shipping-taxable","24":"product-type-simple"},"acf":[],"_links":{"self":[{"href":"https:\/\/yotavis.ch\/de\/wp-json\/wp\/v2\/product\/6823","targetHints":{"allow":["GET"]}}],"collection":[{"href":"https:\/\/yotavis.ch\/de\/wp-json\/wp\/v2\/product"}],"about":[{"href":"https:\/\/yotavis.ch\/de\/wp-json\/wp\/v2\/types\/product"}],"replies":[{"embeddable":true,"href":"https:\/\/yotavis.ch\/de\/wp-json\/wp\/v2\/comments?post=6823"}],"wp:featuredmedia":[{"embeddable":true,"href":"https:\/\/yotavis.ch\/de\/wp-json\/wp\/v2\/media\/7843"}],"wp:attachment":[{"href":"https:\/\/yotavis.ch\/de\/wp-json\/wp\/v2\/media?parent=6823"}],"wp:term":[{"taxonomy":"product_brand","embeddable":true,"href":"https:\/\/yotavis.ch\/de\/wp-json\/wp\/v2\/product_brand?post=6823"},{"taxonomy":"product_cat","embeddable":true,"href":"https:\/\/yotavis.ch\/de\/wp-json\/wp\/v2\/product_cat?post=6823"},{"taxonomy":"product_tag","embeddable":true,"href":"https:\/\/yotavis.ch\/de\/wp-json\/wp\/v2\/product_tag?post=6823"}],"curies":[{"name":"wp","href":"https:\/\/api.w.org\/{rel}","templated":true}]}}