{"id":6825,"date":"2025-10-09T00:00:00","date_gmt":"2025-10-08T22:00:00","guid":{"rendered":"https:\/\/yotavis.ch\/product\/awg-4012-128m\/"},"modified":"2026-04-24T13:36:26","modified_gmt":"2026-04-24T11:36:26","slug":"awg-4012-128m","status":"publish","type":"product","link":"https:\/\/yotavis.ch\/de\/produkt\/awg-4012-128m\/","title":{"rendered":"AWG-4012-128M"},"content":{"rendered":"<p>Der AWG-4012-128M von Active Technologies ist ein 2-Kanal-Arbitrary-Waveform-Generator mit einer maximalen Frequenz von 300 MHz und einer Amplitude von 6 V Spitze\/Spitze. Er bietet eine hohe Abtastrate von 1,2 Gigasamples pro Sekunde und erm\u00f6glicht so eine pr\u00e4zise Signalerzeugung. Das Ger\u00e4t ist mit einer Speichertiefe von 128 Megapunkten ausgestattet, was die Speicherung komplexer Wellenformen \u00fcber l\u00e4ngere Zeitr\u00e4ume erm\u00f6glicht. Es unterst\u00fctzt Sweep- und Burst-Modi und bietet damit Flexibilit\u00e4t bei der Signalausgabe f\u00fcr verschiedene Testszenarien. Die minimale \u00dcbergangszeit betr\u00e4gt 2 Nanosekunden und die minimale Impulsbreite 2,5 Nanosekunden, was die Erzeugung schneller und genauer Impulse erm\u00f6glicht. Dieses Modell erf\u00fcllt die Anforderungen von Anwendungen, die eine detaillierte Wellenformsteuerung und eine schnelle Signalerzeugung erfordern.<\/p>","protected":false},"excerpt":{"rendered":"<p>2ch 1,2Gs\/s AWG- 128Ms memory &#8211; 300MHz AFG &#8211; 6Vpp<\/p>","protected":false},"featured_media":7843,"comment_status":"closed","ping_status":"closed","template":"","meta":{"_acf_changed":false,"slim_seo":{"title":"AWG-4012-128M - YOTAVIS AG","description":"2 Kanal 1,2Gs\/s AWG- 128Ms Speicher - 300MHz AFG - 6Vpp"}},"product_brand":[657],"product_cat":[541,513],"product_tag":[],"class_list":{"0":"post-6825","1":"product","2":"type-product","3":"status-publish","4":"has-post-thumbnail","6":"product_brand-active-technologies","7":"product_cat-awg","8":"product_cat-generator","9":"pa_amplitude-v-262","10":"pa_burst-yes","11":"pa_channels-350","12":"pa_frequency-mhz-695","13":"pa_memory-mpts-128","14":"pa_pulse-width-min-ns-2-5","15":"pa_sampling-rate-ms-s-297","16":"pa_sweep-yes","17":"pa_transition-time-min-ns-134","18":"pa_vertical-resolution-bits-125","20":"first","21":"instock","22":"taxable","23":"shipping-taxable","24":"product-type-simple"},"acf":[],"_links":{"self":[{"href":"https:\/\/yotavis.ch\/de\/wp-json\/wp\/v2\/product\/6825","targetHints":{"allow":["GET"]}}],"collection":[{"href":"https:\/\/yotavis.ch\/de\/wp-json\/wp\/v2\/product"}],"about":[{"href":"https:\/\/yotavis.ch\/de\/wp-json\/wp\/v2\/types\/product"}],"replies":[{"embeddable":true,"href":"https:\/\/yotavis.ch\/de\/wp-json\/wp\/v2\/comments?post=6825"}],"wp:featuredmedia":[{"embeddable":true,"href":"https:\/\/yotavis.ch\/de\/wp-json\/wp\/v2\/media\/7843"}],"wp:attachment":[{"href":"https:\/\/yotavis.ch\/de\/wp-json\/wp\/v2\/media?parent=6825"}],"wp:term":[{"taxonomy":"product_brand","embeddable":true,"href":"https:\/\/yotavis.ch\/de\/wp-json\/wp\/v2\/product_brand?post=6825"},{"taxonomy":"product_cat","embeddable":true,"href":"https:\/\/yotavis.ch\/de\/wp-json\/wp\/v2\/product_cat?post=6825"},{"taxonomy":"product_tag","embeddable":true,"href":"https:\/\/yotavis.ch\/de\/wp-json\/wp\/v2\/product_tag?post=6825"}],"curies":[{"name":"wp","href":"https:\/\/api.w.org\/{rel}","templated":true}]}}