{"id":6827,"date":"2025-10-09T00:00:00","date_gmt":"2025-10-08T22:00:00","guid":{"rendered":"https:\/\/yotavis.ch\/product\/awg-4014-2m\/"},"modified":"2026-04-24T13:36:28","modified_gmt":"2026-04-24T11:36:28","slug":"awg-4014-2m","status":"publish","type":"product","link":"https:\/\/yotavis.ch\/de\/produkt\/awg-4014-2m\/","title":{"rendered":"AWG-4014-2M"},"content":{"rendered":"<p>Der AWG-4014-2M von Active Technologies ist ein 4-kanaliger Arbitrary Waveform Generator mit einer Abtastrate von 1,2 Gigasamples pro Sekunde und einer Speichertiefe von 2 Millionen Punkten. Er arbeitet mit einer maximalen Frequenz von 300 MHz und bietet eine Amplitudenausgabe von bis zu 6 Volt Spitze-Spitze. Das Ger\u00e4t unterst\u00fctzt Wobbel- und Burst-Funktionen und erm\u00f6glicht so eine vielseitige Signalerzeugung. Es bietet eine minimale \u00dcbergangszeit von 2 Nanosekunden und eine minimale Impulsbreite von 2,5 Nanosekunden, was eine pr\u00e4zise Steuerung der Wellenformeigenschaften erm\u00f6glicht. Dieses Modell ist f\u00fcr eine schnelle und hochaufl\u00f6sende Signalausgabe konzipiert, die sich f\u00fcr verschiedene Pr\u00fcf- und Messanwendungen eignet. Die Kombination aus Abtastrate, Speicherkapazit\u00e4t und Frequenzbereich macht es zu einem f\u00e4higen Werkzeug f\u00fcr die Erzeugung komplexer Wellenformen mit hoher Detailtreue und Genauigkeit.<\/p>","protected":false},"excerpt":{"rendered":"<p>4ch 1,2Gs\/s AWG- 2Ms memory &#8211; 300MHz AFG &#8211; 6Vpp<\/p>","protected":false},"featured_media":7843,"comment_status":"closed","ping_status":"closed","template":"","meta":{"_acf_changed":false,"slim_seo":{"title":"AWG-4014-2M - YOTAVIS AG","description":"4 Kanal 1,2Gs\/s AWG- 2Ms Speicher - 300MHz AFG - 6Vpp"}},"product_brand":[657],"product_cat":[541,513],"product_tag":[],"class_list":{"0":"post-6827","1":"product","2":"type-product","3":"status-publish","4":"has-post-thumbnail","6":"product_brand-active-technologies","7":"product_cat-awg","8":"product_cat-generator","9":"pa_amplitude-v-262","10":"pa_burst-yes","11":"pa_channels-338","12":"pa_frequency-mhz-695","13":"pa_memory-mpts-654","14":"pa_pulse-width-min-ns-2-5","15":"pa_sampling-rate-ms-s-297","16":"pa_sweep-yes","17":"pa_transition-time-min-ns-134","18":"pa_vertical-resolution-bits-125","20":"first","21":"instock","22":"taxable","23":"shipping-taxable","24":"product-type-simple"},"acf":[],"_links":{"self":[{"href":"https:\/\/yotavis.ch\/de\/wp-json\/wp\/v2\/product\/6827","targetHints":{"allow":["GET"]}}],"collection":[{"href":"https:\/\/yotavis.ch\/de\/wp-json\/wp\/v2\/product"}],"about":[{"href":"https:\/\/yotavis.ch\/de\/wp-json\/wp\/v2\/types\/product"}],"replies":[{"embeddable":true,"href":"https:\/\/yotavis.ch\/de\/wp-json\/wp\/v2\/comments?post=6827"}],"wp:featuredmedia":[{"embeddable":true,"href":"https:\/\/yotavis.ch\/de\/wp-json\/wp\/v2\/media\/7843"}],"wp:attachment":[{"href":"https:\/\/yotavis.ch\/de\/wp-json\/wp\/v2\/media?parent=6827"}],"wp:term":[{"taxonomy":"product_brand","embeddable":true,"href":"https:\/\/yotavis.ch\/de\/wp-json\/wp\/v2\/product_brand?post=6827"},{"taxonomy":"product_cat","embeddable":true,"href":"https:\/\/yotavis.ch\/de\/wp-json\/wp\/v2\/product_cat?post=6827"},{"taxonomy":"product_tag","embeddable":true,"href":"https:\/\/yotavis.ch\/de\/wp-json\/wp\/v2\/product_tag?post=6827"}],"curies":[{"name":"wp","href":"https:\/\/api.w.org\/{rel}","templated":true}]}}