{"id":6828,"date":"2025-10-09T00:00:00","date_gmt":"2025-10-08T22:00:00","guid":{"rendered":"https:\/\/yotavis.ch\/product\/awg-4014-64m\/"},"modified":"2026-04-24T13:36:29","modified_gmt":"2026-04-24T11:36:29","slug":"awg-4014-64m","status":"publish","type":"product","link":"https:\/\/yotavis.ch\/de\/produkt\/awg-4014-64m\/","title":{"rendered":"AWG-4014-64M"},"content":{"rendered":"<p>Der AWG-4014-64M von Active Technologies ist ein 4-Kanal-Arbitrary-Waveform-Generator mit einer maximalen Frequenz von 300 MHz und einer Amplitude von 6 V Spitze\/Spitze. Er bietet eine hohe Abtastrate von 1,2 Gigasamples pro Sekunde und gew\u00e4hrleistet damit eine pr\u00e4zise Wellenformerzeugung. Das Ger\u00e4t ist mit einer Speichertiefe von 64 Millionen Punkten ausgestattet, was eine umfangreiche Wellenformspeicherung und die Erzeugung komplexer Signale erm\u00f6glicht. Er unterst\u00fctzt Sweep- und Burst-Modi und bietet damit vielseitige Signalmodulationsoptionen. Die minimale \u00dcbergangszeit betr\u00e4gt 2 Nanosekunden und die minimale Impulsbreite 2,5 Nanosekunden, was die Erzeugung schneller und genauer Impulse erm\u00f6glicht. Dieses Modell eignet sich f\u00fcr eine Vielzahl von Anwendungen, die eine detaillierte und schnelle Wellenformausgabe erfordern.<\/p>","protected":false},"excerpt":{"rendered":"<p>4ch 1,2Gs\/s AWG- 64Ms memory &#8211; 300MHz AFG &#8211; 6Vpp<\/p>","protected":false},"featured_media":7843,"comment_status":"closed","ping_status":"closed","template":"","meta":{"_acf_changed":false,"slim_seo":{"title":"AWG-4014-64M - YOTAVIS AG","description":"4 Kanal 1,2Gs\/s AWG- 64Ms Speicher - 300MHz AFG - 6Vpp"}},"product_brand":[657],"product_cat":[541,513],"product_tag":[],"class_list":{"0":"post-6828","1":"product","2":"type-product","3":"status-publish","4":"has-post-thumbnail","6":"product_brand-active-technologies","7":"product_cat-awg","8":"product_cat-generator","9":"pa_amplitude-v-262","10":"pa_burst-yes","11":"pa_channels-338","12":"pa_frequency-mhz-695","13":"pa_memory-mpts-697","14":"pa_pulse-width-min-ns-2-5","15":"pa_sampling-rate-ms-s-297","16":"pa_sweep-yes","17":"pa_transition-time-min-ns-134","18":"pa_vertical-resolution-bits-125","20":"first","21":"instock","22":"taxable","23":"shipping-taxable","24":"product-type-simple"},"acf":[],"_links":{"self":[{"href":"https:\/\/yotavis.ch\/de\/wp-json\/wp\/v2\/product\/6828","targetHints":{"allow":["GET"]}}],"collection":[{"href":"https:\/\/yotavis.ch\/de\/wp-json\/wp\/v2\/product"}],"about":[{"href":"https:\/\/yotavis.ch\/de\/wp-json\/wp\/v2\/types\/product"}],"replies":[{"embeddable":true,"href":"https:\/\/yotavis.ch\/de\/wp-json\/wp\/v2\/comments?post=6828"}],"wp:featuredmedia":[{"embeddable":true,"href":"https:\/\/yotavis.ch\/de\/wp-json\/wp\/v2\/media\/7843"}],"wp:attachment":[{"href":"https:\/\/yotavis.ch\/de\/wp-json\/wp\/v2\/media?parent=6828"}],"wp:term":[{"taxonomy":"product_brand","embeddable":true,"href":"https:\/\/yotavis.ch\/de\/wp-json\/wp\/v2\/product_brand?post=6828"},{"taxonomy":"product_cat","embeddable":true,"href":"https:\/\/yotavis.ch\/de\/wp-json\/wp\/v2\/product_cat?post=6828"},{"taxonomy":"product_tag","embeddable":true,"href":"https:\/\/yotavis.ch\/de\/wp-json\/wp\/v2\/product_tag?post=6828"}],"curies":[{"name":"wp","href":"https:\/\/api.w.org\/{rel}","templated":true}]}}