{"id":6831,"date":"2025-10-09T00:00:00","date_gmt":"2025-10-08T22:00:00","guid":{"rendered":"https:\/\/yotavis.ch\/product\/awg-4018-2m\/"},"modified":"2026-04-24T13:36:30","modified_gmt":"2026-04-24T11:36:30","slug":"awg-4018-2m","status":"publish","type":"product","link":"https:\/\/yotavis.ch\/de\/produkt\/awg-4018-2m\/","title":{"rendered":"AWG-4018-2M"},"content":{"rendered":"<p>Der AWG-4018-2M von Active Technologies verf\u00fcgt \u00fcber einen 8-Kanal-Ausgang mit einer maximalen Frequenz von 300 MHz und einer Amplitude von 6 V Spitze-Spitze. Er bietet eine hohe Abtastrate von 1,2 Gigasamples pro Sekunde und verf\u00fcgt \u00fcber eine Speichertiefe von 2 Millionen Punkten, die eine detaillierte Erzeugung und Speicherung von Wellenformen erm\u00f6glicht. Der Baustein unterst\u00fctzt Sweep- und Burst-Modi, was seine Vielseitigkeit f\u00fcr verschiedene Signalerzeugungsaufgaben erh\u00f6ht. Mit einer minimalen \u00dcbergangszeit von 2 Nanosekunden und einer minimalen Impulsbreite von 2,5 Nanosekunden l\u00e4sst sich das Timing der Signale pr\u00e4zise steuern. Dieser Arbitr\u00e4rsignalgenerator ist f\u00fcr die pr\u00e4zise und schnelle Verarbeitung komplexer Signalmuster ausgelegt und eignet sich daher f\u00fcr fortgeschrittene Test- und Entwicklungsanwendungen.<\/p>","protected":false},"excerpt":{"rendered":"<p>8ch 1,2Gs\/s AWG- 2Ms memory &#8211; 300MHz AFG &#8211; 6Vpp<\/p>","protected":false},"featured_media":7843,"comment_status":"closed","ping_status":"closed","template":"","meta":{"_acf_changed":false,"slim_seo":{"title":"AWG-4018-2M - YOTAVIS AG","description":"8 Kanal 1,2Gs\/s AWG- 2Ms Speicher - 300MHz AFG - 6Vpp"}},"product_brand":[657],"product_cat":[541,513],"product_tag":[],"class_list":{"0":"post-6831","1":"product","2":"type-product","3":"status-publish","4":"has-post-thumbnail","6":"product_brand-active-technologies","7":"product_cat-awg","8":"product_cat-generator","9":"pa_amplitude-v-262","10":"pa_burst-yes","11":"pa_channels-459","12":"pa_frequency-mhz-695","13":"pa_memory-mpts-654","14":"pa_pulse-width-min-ns-2-5","15":"pa_sampling-rate-ms-s-297","16":"pa_sweep-yes","17":"pa_transition-time-min-ns-134","18":"pa_vertical-resolution-bits-125","20":"first","21":"instock","22":"taxable","23":"shipping-taxable","24":"product-type-simple"},"acf":[],"_links":{"self":[{"href":"https:\/\/yotavis.ch\/de\/wp-json\/wp\/v2\/product\/6831","targetHints":{"allow":["GET"]}}],"collection":[{"href":"https:\/\/yotavis.ch\/de\/wp-json\/wp\/v2\/product"}],"about":[{"href":"https:\/\/yotavis.ch\/de\/wp-json\/wp\/v2\/types\/product"}],"replies":[{"embeddable":true,"href":"https:\/\/yotavis.ch\/de\/wp-json\/wp\/v2\/comments?post=6831"}],"wp:featuredmedia":[{"embeddable":true,"href":"https:\/\/yotavis.ch\/de\/wp-json\/wp\/v2\/media\/7843"}],"wp:attachment":[{"href":"https:\/\/yotavis.ch\/de\/wp-json\/wp\/v2\/media?parent=6831"}],"wp:term":[{"taxonomy":"product_brand","embeddable":true,"href":"https:\/\/yotavis.ch\/de\/wp-json\/wp\/v2\/product_brand?post=6831"},{"taxonomy":"product_cat","embeddable":true,"href":"https:\/\/yotavis.ch\/de\/wp-json\/wp\/v2\/product_cat?post=6831"},{"taxonomy":"product_tag","embeddable":true,"href":"https:\/\/yotavis.ch\/de\/wp-json\/wp\/v2\/product_tag?post=6831"}],"curies":[{"name":"wp","href":"https:\/\/api.w.org\/{rel}","templated":true}]}}