{"id":6835,"date":"2025-10-09T00:00:00","date_gmt":"2025-10-08T22:00:00","guid":{"rendered":"https:\/\/yotavis.ch\/product\/awg-4012-pat\/"},"modified":"2026-04-24T13:36:31","modified_gmt":"2026-04-24T11:36:31","slug":"awg-4012-pat","status":"publish","type":"product","link":"https:\/\/yotavis.ch\/de\/produkt\/awg-4012-pat\/","title":{"rendered":"AWG-4012-PAT"},"content":{"rendered":"<p>Der AWG-4012-PAT ist ein optionaler 2-Kanal-Generator f\u00fcr serielle Muster, der von Active Technologies hergestellt wird. Dieses Ger\u00e4t wurde entwickelt, um serielle Muster \u00fcber zwei Kan\u00e4le zu generieren und bietet Funktionen f\u00fcr Anwendungen, die eine pr\u00e4zise Mustergenerierung erfordern. Es tr\u00e4gt die Modellnummer AWG-4012-PAT und ist Teil der Produktpalette von Active Technologies. Die Produktbeschreibung hebt seine F\u00e4higkeit als serieller Mustergenerator hervor, wobei der Zweikanalbetrieb betont wird. F\u00fcr dieses Modell werden keine weiteren Spezifikationen wie Leistung, Spannung, Strom, Frequenz oder Speichertiefe angegeben. Der Schwerpunkt liegt auf der Funktion als serieller 2-Kanal-Pattern-Generator, was auf den Einsatz in Systemen hinweist, in denen eine solche Pattern-Generierung erforderlich ist.<\/p>","protected":false},"excerpt":{"rendered":"<p>2CH Serieller Mustergenerator als Option<\/p>","protected":false},"featured_media":7843,"comment_status":"closed","ping_status":"closed","template":"","meta":{"_acf_changed":false,"slim_seo":{"title":"AWG-4012-PAT - YOTAVIS AG","description":"2CH Serieller Mustergenerator als Option"}},"product_brand":[657],"product_cat":[526,651],"product_tag":[],"class_list":{"0":"post-6835","1":"product","2":"type-product","3":"status-publish","4":"has-post-thumbnail","6":"product_brand-active-technologies","7":"product_cat-accessories","8":"product_cat-software","10":"first","11":"instock","12":"taxable","13":"shipping-taxable","14":"product-type-simple"},"acf":[],"_links":{"self":[{"href":"https:\/\/yotavis.ch\/de\/wp-json\/wp\/v2\/product\/6835","targetHints":{"allow":["GET"]}}],"collection":[{"href":"https:\/\/yotavis.ch\/de\/wp-json\/wp\/v2\/product"}],"about":[{"href":"https:\/\/yotavis.ch\/de\/wp-json\/wp\/v2\/types\/product"}],"replies":[{"embeddable":true,"href":"https:\/\/yotavis.ch\/de\/wp-json\/wp\/v2\/comments?post=6835"}],"wp:featuredmedia":[{"embeddable":true,"href":"https:\/\/yotavis.ch\/de\/wp-json\/wp\/v2\/media\/7843"}],"wp:attachment":[{"href":"https:\/\/yotavis.ch\/de\/wp-json\/wp\/v2\/media?parent=6835"}],"wp:term":[{"taxonomy":"product_brand","embeddable":true,"href":"https:\/\/yotavis.ch\/de\/wp-json\/wp\/v2\/product_brand?post=6835"},{"taxonomy":"product_cat","embeddable":true,"href":"https:\/\/yotavis.ch\/de\/wp-json\/wp\/v2\/product_cat?post=6835"},{"taxonomy":"product_tag","embeddable":true,"href":"https:\/\/yotavis.ch\/de\/wp-json\/wp\/v2\/product_tag?post=6835"}],"curies":[{"name":"wp","href":"https:\/\/api.w.org\/{rel}","templated":true}]}}