{"id":6837,"date":"2025-10-09T00:00:00","date_gmt":"2025-10-08T22:00:00","guid":{"rendered":"https:\/\/yotavis.ch\/product\/awg-4018-pat\/"},"modified":"2026-04-24T13:36:32","modified_gmt":"2026-04-24T11:36:32","slug":"awg-4018-pat","status":"publish","type":"product","link":"https:\/\/yotavis.ch\/de\/produkt\/awg-4018-pat\/","title":{"rendered":"AWG-4018-PAT"},"content":{"rendered":"<p>Der AWG-4018-PAT ist ein 8-kanaliger serieller Mustergenerator, der von Active Technologies hergestellt wird. Dieses Ger\u00e4t wurde entwickelt, um komplexe serielle Muster \u00fcber mehrere Kan\u00e4le zu erzeugen und unterst\u00fctzt Anwendungen, die eine pr\u00e4zise und synchronisierte Signalerzeugung erfordern. Es verf\u00fcgt \u00fcber acht unabh\u00e4ngige Kan\u00e4le, die die gleichzeitige Ausgabe verschiedener Muster erm\u00f6glichen. Das Produkt ist auf den Einsatz in Umgebungen zugeschnitten, in denen eine detaillierte und genaue Mustergenerierung erforderlich ist. Sein Design unterst\u00fctzt die Integration mit anderen Systemen, was seine Vielseitigkeit in verschiedenen Test- und Entwicklungsszenarien erh\u00f6ht. Das AWG-4018-PAT ist Teil einer breiteren Palette von Ger\u00e4ten, die spezielle Signalerzeugungsfunktionen f\u00fcr technische und industrielle Anwendungen bieten.<\/p>","protected":false},"excerpt":{"rendered":"<p>8CH Serieller Mustergenerator als Option<\/p>","protected":false},"featured_media":7843,"comment_status":"closed","ping_status":"closed","template":"","meta":{"_acf_changed":false,"slim_seo":{"title":"AWG-4018-PAT - YOTAVIS AG","description":"8CH Serieller Mustergenerator als Option"}},"product_brand":[657],"product_cat":[526,651],"product_tag":[],"class_list":{"0":"post-6837","1":"product","2":"type-product","3":"status-publish","4":"has-post-thumbnail","6":"product_brand-active-technologies","7":"product_cat-accessories","8":"product_cat-software","10":"first","11":"instock","12":"taxable","13":"shipping-taxable","14":"product-type-simple"},"acf":[],"_links":{"self":[{"href":"https:\/\/yotavis.ch\/de\/wp-json\/wp\/v2\/product\/6837","targetHints":{"allow":["GET"]}}],"collection":[{"href":"https:\/\/yotavis.ch\/de\/wp-json\/wp\/v2\/product"}],"about":[{"href":"https:\/\/yotavis.ch\/de\/wp-json\/wp\/v2\/types\/product"}],"replies":[{"embeddable":true,"href":"https:\/\/yotavis.ch\/de\/wp-json\/wp\/v2\/comments?post=6837"}],"wp:featuredmedia":[{"embeddable":true,"href":"https:\/\/yotavis.ch\/de\/wp-json\/wp\/v2\/media\/7843"}],"wp:attachment":[{"href":"https:\/\/yotavis.ch\/de\/wp-json\/wp\/v2\/media?parent=6837"}],"wp:term":[{"taxonomy":"product_brand","embeddable":true,"href":"https:\/\/yotavis.ch\/de\/wp-json\/wp\/v2\/product_brand?post=6837"},{"taxonomy":"product_cat","embeddable":true,"href":"https:\/\/yotavis.ch\/de\/wp-json\/wp\/v2\/product_cat?post=6837"},{"taxonomy":"product_tag","embeddable":true,"href":"https:\/\/yotavis.ch\/de\/wp-json\/wp\/v2\/product_tag?post=6837"}],"curies":[{"name":"wp","href":"https:\/\/api.w.org\/{rel}","templated":true}]}}