{"id":6841,"date":"2025-10-09T00:00:00","date_gmt":"2025-10-08T22:00:00","guid":{"rendered":"https:\/\/yotavis.ch\/product\/awg-4010-dig8\/"},"modified":"2026-04-24T13:36:34","modified_gmt":"2026-04-24T11:36:34","slug":"awg-4010-dig8","status":"publish","type":"product","link":"https:\/\/yotavis.ch\/de\/produkt\/awg-4010-dig8\/","title":{"rendered":"AWG-4010-DIG8"},"content":{"rendered":"<p>Das AWG-4010-DIG8 ist eine digitale 8-Kanal-Lizenz, die f\u00fcr die AWG-401x-Serie entwickelt wurde. F\u00fcr dieses Produkt ist ein Mini-SAS-Kabel erforderlich, das nicht im Lieferumfang enthalten ist. Die von Active Technologies hergestellte Lizenz erm\u00f6glicht die digitale Funktionalit\u00e4t \u00fcber acht Kan\u00e4le und erweitert die M\u00f6glichkeiten kompatibler Ger\u00e4te. Sie ist speziell auf die nahtlose Integration mit den AWG-401x-Modellen zugeschnitten und bietet zus\u00e4tzliche digitale Kanalunterst\u00fctzung. Die Lizenz selbst beinhaltet keine Hardware-Komponenten wie Kabel, was unterstreicht, dass das Mini-SAS-Kabel f\u00fcr den vollen Betrieb separat erworben werden muss. Dieses Produkt ist f\u00fcr Benutzer gedacht, die ihre vorhandenen AWG-401x-Systeme um digitale Kanalfunktionen erweitern m\u00f6chten. Der Schwerpunkt des AWG-4010-DIG8 liegt auf der digitalen Lizenzierung und nicht auf der physischen Hardware-Erweiterung. Es handelt sich um eine softwarebasierte L\u00f6sung, die zus\u00e4tzliche digitale Kan\u00e4le innerhalb der AWG-401x-Plattform freischaltet.<\/p>","protected":false},"excerpt":{"rendered":"<p>8-Kanal-Dig-Lizenz f\u00fcr AWG-401x (Mini-SAS-Kabel NICHT enthalten)<\/p>","protected":false},"featured_media":7843,"comment_status":"closed","ping_status":"closed","template":"","meta":{"_acf_changed":false,"slim_seo":{"title":"AWG-4010-DIG8 - YOTAVIS AG","description":"8-Kanal-Dig-Lizenz f\u00fcr AWG-401x (Mini-SAS-Kabel NICHT enthalten)"}},"product_brand":[657],"product_cat":[526,651],"product_tag":[],"class_list":{"0":"post-6841","1":"product","2":"type-product","3":"status-publish","4":"has-post-thumbnail","6":"product_brand-active-technologies","7":"product_cat-accessories","8":"product_cat-software","10":"first","11":"instock","12":"taxable","13":"shipping-taxable","14":"product-type-simple"},"acf":[],"_links":{"self":[{"href":"https:\/\/yotavis.ch\/de\/wp-json\/wp\/v2\/product\/6841","targetHints":{"allow":["GET"]}}],"collection":[{"href":"https:\/\/yotavis.ch\/de\/wp-json\/wp\/v2\/product"}],"about":[{"href":"https:\/\/yotavis.ch\/de\/wp-json\/wp\/v2\/types\/product"}],"replies":[{"embeddable":true,"href":"https:\/\/yotavis.ch\/de\/wp-json\/wp\/v2\/comments?post=6841"}],"wp:featuredmedia":[{"embeddable":true,"href":"https:\/\/yotavis.ch\/de\/wp-json\/wp\/v2\/media\/7843"}],"wp:attachment":[{"href":"https:\/\/yotavis.ch\/de\/wp-json\/wp\/v2\/media?parent=6841"}],"wp:term":[{"taxonomy":"product_brand","embeddable":true,"href":"https:\/\/yotavis.ch\/de\/wp-json\/wp\/v2\/product_brand?post=6841"},{"taxonomy":"product_cat","embeddable":true,"href":"https:\/\/yotavis.ch\/de\/wp-json\/wp\/v2\/product_cat?post=6841"},{"taxonomy":"product_tag","embeddable":true,"href":"https:\/\/yotavis.ch\/de\/wp-json\/wp\/v2\/product_tag?post=6841"}],"curies":[{"name":"wp","href":"https:\/\/api.w.org\/{rel}","templated":true}]}}