{"id":6842,"date":"2025-10-09T00:00:00","date_gmt":"2025-10-08T22:00:00","guid":{"rendered":"https:\/\/yotavis.ch\/product\/awg-4010-dig16\/"},"modified":"2026-04-24T13:36:34","modified_gmt":"2026-04-24T11:36:34","slug":"awg-4010-dig16","status":"publish","type":"product","link":"https:\/\/yotavis.ch\/de\/produkt\/awg-4010-dig16\/","title":{"rendered":"AWG-4010-DIG16"},"content":{"rendered":"<p>Das AWG-4010-DIG16 ist eine digitale 16-Kanal-Lizenz, die f\u00fcr die AWG-401x-Serie entwickelt wurde. Dieses Produkt erfordert ein Mini-SAS-Kabel, das nicht im Lieferumfang enthalten ist. Es wird von Active Technologies hergestellt. Die Lizenz erm\u00f6glicht die Aktivierung von 16 digitalen Kan\u00e4len und erweitert damit die M\u00f6glichkeiten des AWG-401x-Ger\u00e4ts. F\u00fcr diese Lizenz werden keine zus\u00e4tzlichen Leistungs-, Spannungs-, Strom- oder Frequenzspezifikationen angegeben. Das Produkt konzentriert sich auf die digitale Kanalfunktionalit\u00e4t, ohne Hardwarekomponenten wie Kabel einzubeziehen. Es soll die digitale Ausgangskapazit\u00e4t kompatibler Ger\u00e4te der gleichen Serie erweitern.<\/p>","protected":false},"excerpt":{"rendered":"<p>16-Kanal-Dig-Lizenz f\u00fcr AWG-401x (Mini-SAS-Kabel NICHT enthalten)<\/p>","protected":false},"featured_media":7843,"comment_status":"closed","ping_status":"closed","template":"","meta":{"_acf_changed":false,"slim_seo":{"title":"AWG-4010-DIG16 - YOTAVIS AG","description":"16-Kanal-Dig-Lizenz f\u00fcr AWG-401x (Mini-SAS-Kabel NICHT enthalten)"}},"product_brand":[657],"product_cat":[526,651],"product_tag":[],"class_list":{"0":"post-6842","1":"product","2":"type-product","3":"status-publish","4":"has-post-thumbnail","6":"product_brand-active-technologies","7":"product_cat-accessories","8":"product_cat-software","10":"first","11":"instock","12":"taxable","13":"shipping-taxable","14":"product-type-simple"},"acf":[],"_links":{"self":[{"href":"https:\/\/yotavis.ch\/de\/wp-json\/wp\/v2\/product\/6842","targetHints":{"allow":["GET"]}}],"collection":[{"href":"https:\/\/yotavis.ch\/de\/wp-json\/wp\/v2\/product"}],"about":[{"href":"https:\/\/yotavis.ch\/de\/wp-json\/wp\/v2\/types\/product"}],"replies":[{"embeddable":true,"href":"https:\/\/yotavis.ch\/de\/wp-json\/wp\/v2\/comments?post=6842"}],"wp:featuredmedia":[{"embeddable":true,"href":"https:\/\/yotavis.ch\/de\/wp-json\/wp\/v2\/media\/7843"}],"wp:attachment":[{"href":"https:\/\/yotavis.ch\/de\/wp-json\/wp\/v2\/media?parent=6842"}],"wp:term":[{"taxonomy":"product_brand","embeddable":true,"href":"https:\/\/yotavis.ch\/de\/wp-json\/wp\/v2\/product_brand?post=6842"},{"taxonomy":"product_cat","embeddable":true,"href":"https:\/\/yotavis.ch\/de\/wp-json\/wp\/v2\/product_cat?post=6842"},{"taxonomy":"product_tag","embeddable":true,"href":"https:\/\/yotavis.ch\/de\/wp-json\/wp\/v2\/product_tag?post=6842"}],"curies":[{"name":"wp","href":"https:\/\/api.w.org\/{rel}","templated":true}]}}