{"id":6843,"date":"2025-10-09T00:00:00","date_gmt":"2025-10-08T22:00:00","guid":{"rendered":"https:\/\/yotavis.ch\/product\/awg-4010-dig32\/"},"modified":"2026-04-24T13:36:34","modified_gmt":"2026-04-24T11:36:34","slug":"awg-4010-dig32","status":"publish","type":"product","link":"https:\/\/yotavis.ch\/de\/produkt\/awg-4010-dig32\/","title":{"rendered":"AWG-4010-DIG32"},"content":{"rendered":"<p>Das AWG-4010-DIG32 ist eine digitale 32-Kanal-Lizenz zur Verwendung mit der AWG-401x-Serie. Dieses Produkt erfordert ein Mini-SAS-Kabel, das nicht im Lieferumfang enthalten ist. Die von Active Technologies hergestellte Lizenz erm\u00f6glicht die digitale Kanalfunktionalit\u00e4t f\u00fcr kompatible Ger\u00e4te. Sie ist speziell auf die Erweiterung der digitalen F\u00e4higkeiten des AWG-401x zugeschnitten und erm\u00f6glicht eine verbesserte Leistung bei Anwendungen, die mehrere digitale Kan\u00e4le erfordern. Die Lizenz erleichtert die Integration in bestehende Hardware-Konfigurationen und bietet einen unkomplizierten Upgrade-Pfad. Dieses Produkt ist f\u00fcr Benutzer gedacht, die die Anzahl der auf ihren AWG-401x-Ger\u00e4ten verf\u00fcgbaren digitalen Kan\u00e4le erh\u00f6hen m\u00fcssen.<\/p>","protected":false},"excerpt":{"rendered":"<p>32-Kanal-Dig-Lizenz f\u00fcr AWG-401x (Mini-SAS-Kabel NICHT enthalten)<\/p>","protected":false},"featured_media":7843,"comment_status":"closed","ping_status":"closed","template":"","meta":{"_acf_changed":false,"slim_seo":{"title":"AWG-4010-DIG32 - YOTAVIS AG","description":"32-Kanal-Dig-Lizenz f\u00fcr AWG-401x (Mini-SAS-Kabel NICHT enthalten)"}},"product_brand":[657],"product_cat":[526,651],"product_tag":[],"class_list":{"0":"post-6843","1":"product","2":"type-product","3":"status-publish","4":"has-post-thumbnail","6":"product_brand-active-technologies","7":"product_cat-accessories","8":"product_cat-software","10":"first","11":"instock","12":"taxable","13":"shipping-taxable","14":"product-type-simple"},"acf":[],"_links":{"self":[{"href":"https:\/\/yotavis.ch\/de\/wp-json\/wp\/v2\/product\/6843","targetHints":{"allow":["GET"]}}],"collection":[{"href":"https:\/\/yotavis.ch\/de\/wp-json\/wp\/v2\/product"}],"about":[{"href":"https:\/\/yotavis.ch\/de\/wp-json\/wp\/v2\/types\/product"}],"replies":[{"embeddable":true,"href":"https:\/\/yotavis.ch\/de\/wp-json\/wp\/v2\/comments?post=6843"}],"wp:featuredmedia":[{"embeddable":true,"href":"https:\/\/yotavis.ch\/de\/wp-json\/wp\/v2\/media\/7843"}],"wp:attachment":[{"href":"https:\/\/yotavis.ch\/de\/wp-json\/wp\/v2\/media?parent=6843"}],"wp:term":[{"taxonomy":"product_brand","embeddable":true,"href":"https:\/\/yotavis.ch\/de\/wp-json\/wp\/v2\/product_brand?post=6843"},{"taxonomy":"product_cat","embeddable":true,"href":"https:\/\/yotavis.ch\/de\/wp-json\/wp\/v2\/product_cat?post=6843"},{"taxonomy":"product_tag","embeddable":true,"href":"https:\/\/yotavis.ch\/de\/wp-json\/wp\/v2\/product_tag?post=6843"}],"curies":[{"name":"wp","href":"https:\/\/api.w.org\/{rel}","templated":true}]}}