{"id":6846,"date":"2025-10-09T00:00:00","date_gmt":"2025-10-08T22:00:00","guid":{"rendered":"https:\/\/yotavis.ch\/product\/awg2182-256m\/"},"modified":"2026-04-24T13:36:38","modified_gmt":"2026-04-24T11:36:38","slug":"awg2182-256m","status":"publish","type":"product","link":"https:\/\/yotavis.ch\/de\/produkt\/awg2182-256m\/","title":{"rendered":"AWG2182-256M"},"content":{"rendered":"<p>Der AWG2182-256M von Active Technologies verf\u00fcgt \u00fcber eine maximale Frequenz von 180 MHz und eine Amplitude von 6 V. Er unterst\u00fctzt Sweep- und Burst-Funktionen und erm\u00f6glicht so eine vielseitige Signalerzeugung. Der Baustein bietet eine hohe Abtastrate von 600 MS\/s und eine Speichertiefe von 256 Mpts, was die Erstellung und Speicherung detaillierter Signalformen erm\u00f6glicht. Mit einer minimalen \u00dcbergangszeit von 4 ns und einer minimalen Pulsbreite von 5 ns eignet er sich f\u00fcr pr\u00e4zise Timing-Anwendungen. Dieses Modell ist mit seinen fortschrittlichen Spezifikationen und robusten Leistungsmerkmalen f\u00fcr komplexe Signalanforderungen ausgelegt.<\/p>","protected":false},"excerpt":{"rendered":"<p>2ch 600Ms\/s AWG 256Ms memory &#8211; 180MHz AFG<\/p>","protected":false},"featured_media":7858,"comment_status":"closed","ping_status":"closed","template":"","meta":{"_acf_changed":false,"slim_seo":{"title":"AWG2182-256M - YOTAVIS AG","description":"2 Kanal 600Ms\/s AWG 256Ms Speicher - 180MHz AFG"}},"product_brand":[657],"product_cat":[1189,541,513],"product_tag":[],"class_list":{"0":"post-6846","1":"product","2":"type-product","3":"status-publish","4":"has-post-thumbnail","6":"product_brand-active-technologies","7":"product_cat-afg","8":"product_cat-awg","9":"product_cat-generator","10":"pa_amplitude-v-262","11":"pa_burst-yes","12":"pa_channels-350","13":"pa_frequency-mhz-699","14":"pa_memory-mpts-703","15":"pa_pulse-width-min-ns-702","16":"pa_sampling-rate-ms-s-700","17":"pa_sweep-yes","18":"pa_transition-time-min-ns-701","19":"pa_vertical-resolution-bits-125","21":"first","22":"instock","23":"taxable","24":"shipping-taxable","25":"purchasable","26":"product-type-simple"},"acf":[],"_links":{"self":[{"href":"https:\/\/yotavis.ch\/de\/wp-json\/wp\/v2\/product\/6846","targetHints":{"allow":["GET"]}}],"collection":[{"href":"https:\/\/yotavis.ch\/de\/wp-json\/wp\/v2\/product"}],"about":[{"href":"https:\/\/yotavis.ch\/de\/wp-json\/wp\/v2\/types\/product"}],"replies":[{"embeddable":true,"href":"https:\/\/yotavis.ch\/de\/wp-json\/wp\/v2\/comments?post=6846"}],"wp:featuredmedia":[{"embeddable":true,"href":"https:\/\/yotavis.ch\/de\/wp-json\/wp\/v2\/media\/7858"}],"wp:attachment":[{"href":"https:\/\/yotavis.ch\/de\/wp-json\/wp\/v2\/media?parent=6846"}],"wp:term":[{"taxonomy":"product_brand","embeddable":true,"href":"https:\/\/yotavis.ch\/de\/wp-json\/wp\/v2\/product_brand?post=6846"},{"taxonomy":"product_cat","embeddable":true,"href":"https:\/\/yotavis.ch\/de\/wp-json\/wp\/v2\/product_cat?post=6846"},{"taxonomy":"product_tag","embeddable":true,"href":"https:\/\/yotavis.ch\/de\/wp-json\/wp\/v2\/product_tag?post=6846"}],"curies":[{"name":"wp","href":"https:\/\/api.w.org\/{rel}","templated":true}]}}