{"id":6847,"date":"2025-10-09T00:00:00","date_gmt":"2025-10-08T22:00:00","guid":{"rendered":"https:\/\/yotavis.ch\/product\/awg2182-512m\/"},"modified":"2026-04-24T13:36:38","modified_gmt":"2026-04-24T11:36:38","slug":"awg2182-512m","status":"publish","type":"product","link":"https:\/\/yotavis.ch\/de\/produkt\/awg2182-512m\/","title":{"rendered":"AWG2182-512M"},"content":{"rendered":"<p>Der AWG2182-512M von Active Technologies verf\u00fcgt \u00fcber eine maximale Frequenz von 180 MHz und eine Amplitude von 6 V. Er unterst\u00fctzt Sweep- und Burst-Funktionen und erm\u00f6glicht so eine vielseitige Signalerzeugung. Der Baustein bietet eine Abtastrate von 600 MS\/s und verf\u00fcgt \u00fcber eine Speichertiefe von 512 Mpts, die eine detaillierte Speicherung und Wiedergabe von Wellenformen erm\u00f6glicht. Mit einer minimalen \u00dcbergangszeit von 4 ns und einer minimalen Impulsbreite von 5 ns eignet er sich f\u00fcr pr\u00e4zise Timing-Anwendungen. Dieses Modell ist mit zwei Kan\u00e4len ausgestattet und bietet somit doppelte Ausgangsm\u00f6glichkeiten f\u00fcr komplexe Signalerzeugungsaufgaben. Die Kombination dieser Spezifikationen macht das AWG2182-512M zu einem f\u00e4higen Instrument f\u00fcr verschiedene elektronische Test- und Entwicklungsszenarien.<\/p>","protected":false},"excerpt":{"rendered":"<p>2ch 600Ms\/s AWG 512Ms memory &#8211; 180MHz AFG<\/p>","protected":false},"featured_media":7858,"comment_status":"closed","ping_status":"closed","template":"","meta":{"_acf_changed":false,"slim_seo":{"title":"AWG2182-512M - YOTAVIS AG","description":"2 Kanal 600Ms\/s AWG 512Ms Speicher - 180MHz AFG"}},"product_brand":[657],"product_cat":[1189,541,513],"product_tag":[],"class_list":{"0":"post-6847","1":"product","2":"type-product","3":"status-publish","4":"has-post-thumbnail","6":"product_brand-active-technologies","7":"product_cat-afg","8":"product_cat-awg","9":"product_cat-generator","10":"pa_amplitude-v-262","11":"pa_burst-yes","12":"pa_channels-350","13":"pa_frequency-mhz-699","14":"pa_memory-mpts-264","15":"pa_pulse-width-min-ns-702","16":"pa_sampling-rate-ms-s-700","17":"pa_sweep-yes","18":"pa_transition-time-min-ns-701","19":"pa_vertical-resolution-bits-125","21":"first","22":"instock","23":"taxable","24":"shipping-taxable","25":"purchasable","26":"product-type-simple"},"acf":[],"_links":{"self":[{"href":"https:\/\/yotavis.ch\/de\/wp-json\/wp\/v2\/product\/6847","targetHints":{"allow":["GET"]}}],"collection":[{"href":"https:\/\/yotavis.ch\/de\/wp-json\/wp\/v2\/product"}],"about":[{"href":"https:\/\/yotavis.ch\/de\/wp-json\/wp\/v2\/types\/product"}],"replies":[{"embeddable":true,"href":"https:\/\/yotavis.ch\/de\/wp-json\/wp\/v2\/comments?post=6847"}],"wp:featuredmedia":[{"embeddable":true,"href":"https:\/\/yotavis.ch\/de\/wp-json\/wp\/v2\/media\/7858"}],"wp:attachment":[{"href":"https:\/\/yotavis.ch\/de\/wp-json\/wp\/v2\/media?parent=6847"}],"wp:term":[{"taxonomy":"product_brand","embeddable":true,"href":"https:\/\/yotavis.ch\/de\/wp-json\/wp\/v2\/product_brand?post=6847"},{"taxonomy":"product_cat","embeddable":true,"href":"https:\/\/yotavis.ch\/de\/wp-json\/wp\/v2\/product_cat?post=6847"},{"taxonomy":"product_tag","embeddable":true,"href":"https:\/\/yotavis.ch\/de\/wp-json\/wp\/v2\/product_tag?post=6847"}],"curies":[{"name":"wp","href":"https:\/\/api.w.org\/{rel}","templated":true}]}}