{"id":6849,"date":"2025-10-09T00:00:00","date_gmt":"2025-10-08T22:00:00","guid":{"rendered":"https:\/\/yotavis.ch\/product\/awg2184-64m\/"},"modified":"2026-04-24T13:36:39","modified_gmt":"2026-04-24T11:36:39","slug":"awg2184-64m","status":"publish","type":"product","link":"https:\/\/yotavis.ch\/de\/produkt\/awg2184-64m\/","title":{"rendered":"AWG2184-64M"},"content":{"rendered":"<p>Der AWG2184-64M von Active Technologies ist ein 4-Kanal Arbitrary Waveform Generator mit einer maximalen Frequenz von 180 MHz und einer Abtastrate von 600 MS\/s. Er ist mit einer Speichertiefe von 64 Mpts ausgestattet, was eine umfangreiche Speicherung und Erzeugung von Wellenformen erm\u00f6glicht. Der Baustein unterst\u00fctzt Sweep- und Burst-Modi, was seine Vielseitigkeit bei der Signalerzeugung erh\u00f6ht. Er bietet eine Amplitude von bis zu 6 V und hat eine minimale \u00dcbergangszeit von 4 ns bei einer minimalen Pulsbreite von 5 ns. Mit diesen Spezifikationen eignet er sich f\u00fcr die pr\u00e4zise und schnelle Ausgabe von Wellenformen. Die Kombination aus hoher Abtastrate und gro\u00dfer Speichertiefe gew\u00e4hrleistet eine detaillierte und genaue Signalwiedergabe f\u00fcr verschiedene Test- und Entwicklungsanforderungen.<\/p>","protected":false},"excerpt":{"rendered":"<p>4ch 600Ms\/s AWG 64Ms memory &#8211; 180MHz AFG<\/p>","protected":false},"featured_media":7858,"comment_status":"closed","ping_status":"closed","template":"","meta":{"_acf_changed":false,"slim_seo":{"title":"AWG2184-64M - YOTAVIS AG","description":"4 Kanal 600Ms\/s AWG 64Ms Speicher - 180MHz AFG"}},"product_brand":[657],"product_cat":[1189,541,513],"product_tag":[],"class_list":{"0":"post-6849","1":"product","2":"type-product","3":"status-publish","4":"has-post-thumbnail","6":"product_brand-active-technologies","7":"product_cat-afg","8":"product_cat-awg","9":"product_cat-generator","10":"pa_amplitude-v-262","11":"pa_burst-yes","12":"pa_channels-338","13":"pa_frequency-mhz-699","14":"pa_memory-mpts-697","15":"pa_pulse-width-min-ns-702","16":"pa_sampling-rate-ms-s-700","17":"pa_sweep-yes","18":"pa_transition-time-min-ns-701","19":"pa_vertical-resolution-bits-125","21":"first","22":"instock","23":"taxable","24":"shipping-taxable","25":"purchasable","26":"product-type-simple"},"acf":[],"_links":{"self":[{"href":"https:\/\/yotavis.ch\/de\/wp-json\/wp\/v2\/product\/6849","targetHints":{"allow":["GET"]}}],"collection":[{"href":"https:\/\/yotavis.ch\/de\/wp-json\/wp\/v2\/product"}],"about":[{"href":"https:\/\/yotavis.ch\/de\/wp-json\/wp\/v2\/types\/product"}],"replies":[{"embeddable":true,"href":"https:\/\/yotavis.ch\/de\/wp-json\/wp\/v2\/comments?post=6849"}],"wp:featuredmedia":[{"embeddable":true,"href":"https:\/\/yotavis.ch\/de\/wp-json\/wp\/v2\/media\/7858"}],"wp:attachment":[{"href":"https:\/\/yotavis.ch\/de\/wp-json\/wp\/v2\/media?parent=6849"}],"wp:term":[{"taxonomy":"product_brand","embeddable":true,"href":"https:\/\/yotavis.ch\/de\/wp-json\/wp\/v2\/product_brand?post=6849"},{"taxonomy":"product_cat","embeddable":true,"href":"https:\/\/yotavis.ch\/de\/wp-json\/wp\/v2\/product_cat?post=6849"},{"taxonomy":"product_tag","embeddable":true,"href":"https:\/\/yotavis.ch\/de\/wp-json\/wp\/v2\/product_tag?post=6849"}],"curies":[{"name":"wp","href":"https:\/\/api.w.org\/{rel}","templated":true}]}}