{"id":6853,"date":"2025-10-09T00:00:00","date_gmt":"2025-10-08T22:00:00","guid":{"rendered":"https:\/\/yotavis.ch\/product\/awg2104-128m\/"},"modified":"2026-04-24T13:36:40","modified_gmt":"2026-04-24T11:36:40","slug":"awg2104-128m","status":"publish","type":"product","link":"https:\/\/yotavis.ch\/de\/produkt\/awg2104-128m\/","title":{"rendered":"AWG2104-128M"},"content":{"rendered":"<p>Der AWG2104-128M von Active Technologies ist ein 4-Kanal Arbitrary Waveform Generator mit einer maximalen Frequenz von 100 MHz und einer Abtastrate von 600 MS\/s. Er ist mit einer Speichertiefe von 128 Mpts ausgestattet, was eine umfangreiche Speicherung und Erzeugung von Wellenformen erm\u00f6glicht. Der Baustein unterst\u00fctzt Sweep- und Burst-Modi, was seine Vielseitigkeit bei der Signalerzeugung erh\u00f6ht. Er liefert eine Ausgangsamplitude von 6 V Spitze-Spitze, die sich f\u00fcr verschiedene Pr\u00fcf- und Messanforderungen eignet. Die minimale \u00dcbergangszeit betr\u00e4gt 5 ns und die minimale Impulsbreite 7 ns, was eine pr\u00e4zise Steuerung des Signaltimings erm\u00f6glicht. Dieses Modell ist auf zuverl\u00e4ssige Leistung ausgelegt, wobei der Schwerpunkt auf detaillierter Wellenformerstellung und -manipulation liegt.<\/p>","protected":false},"excerpt":{"rendered":"<p>4ch 600Ms\/s AWG 128Ms memory &#8211; 100MHz AFG &#8211; 12Vpp output<\/p>","protected":false},"featured_media":7858,"comment_status":"closed","ping_status":"closed","template":"","meta":{"_acf_changed":false,"slim_seo":{"title":"AWG2104-128M - YOTAVIS AG","description":"4 Kanal 600Ms\/s AWG 128Ms Speicher - 100MHz AFG - 12Vpp Ausgang"}},"product_brand":[657],"product_cat":[1189,541,513],"product_tag":[],"class_list":{"0":"post-6853","1":"product","2":"type-product","3":"status-publish","4":"has-post-thumbnail","6":"product_brand-active-technologies","7":"product_cat-afg","8":"product_cat-awg","9":"product_cat-generator","10":"pa_amplitude-v-262","11":"pa_burst-yes","12":"pa_channels-338","13":"pa_frequency-mhz-704","14":"pa_memory-mpts-128","15":"pa_pulse-width-min-ns-706","16":"pa_sampling-rate-ms-s-700","17":"pa_sweep-yes","18":"pa_transition-time-min-ns-705","19":"pa_vertical-resolution-bits-125","21":"first","22":"instock","23":"taxable","24":"shipping-taxable","25":"purchasable","26":"product-type-simple"},"acf":[],"_links":{"self":[{"href":"https:\/\/yotavis.ch\/de\/wp-json\/wp\/v2\/product\/6853","targetHints":{"allow":["GET"]}}],"collection":[{"href":"https:\/\/yotavis.ch\/de\/wp-json\/wp\/v2\/product"}],"about":[{"href":"https:\/\/yotavis.ch\/de\/wp-json\/wp\/v2\/types\/product"}],"replies":[{"embeddable":true,"href":"https:\/\/yotavis.ch\/de\/wp-json\/wp\/v2\/comments?post=6853"}],"wp:featuredmedia":[{"embeddable":true,"href":"https:\/\/yotavis.ch\/de\/wp-json\/wp\/v2\/media\/7858"}],"wp:attachment":[{"href":"https:\/\/yotavis.ch\/de\/wp-json\/wp\/v2\/media?parent=6853"}],"wp:term":[{"taxonomy":"product_brand","embeddable":true,"href":"https:\/\/yotavis.ch\/de\/wp-json\/wp\/v2\/product_brand?post=6853"},{"taxonomy":"product_cat","embeddable":true,"href":"https:\/\/yotavis.ch\/de\/wp-json\/wp\/v2\/product_cat?post=6853"},{"taxonomy":"product_tag","embeddable":true,"href":"https:\/\/yotavis.ch\/de\/wp-json\/wp\/v2\/product_tag?post=6853"}],"curies":[{"name":"wp","href":"https:\/\/api.w.org\/{rel}","templated":true}]}}