{"id":6856,"date":"2025-10-09T00:00:00","date_gmt":"2025-10-08T22:00:00","guid":{"rendered":"https:\/\/yotavis.ch\/product\/awg-2100-dig8\/"},"modified":"2026-04-24T13:36:41","modified_gmt":"2026-04-24T11:36:41","slug":"awg-2100-dig8","status":"publish","type":"product","link":"https:\/\/yotavis.ch\/de\/produkt\/awg-2100-dig8\/","title":{"rendered":"AWG-2100-DIG8"},"content":{"rendered":"<p>Das AWG-2100-DIG8 ist eine digitale 8-Kanal-Lizenz, die f\u00fcr die AWG2000-Serie von Active Technologies entwickelt wurde. Dieses Produkt erm\u00f6glicht die Aktivierung von acht digitalen Kan\u00e4len und erweitert damit die M\u00f6glichkeiten des AWG2000-Ger\u00e4ts. Es ist zu beachten, dass das f\u00fcr den Anschluss notwendige Kabel nicht im Lieferumfang dieser Lizenz enthalten ist. Die Lizenz erleichtert die digitale Signalerzeugung \u00fcber mehrere Kan\u00e4le und erm\u00f6glicht die Erstellung komplexer Wellenformen und Tests. Da es sich um eine softwarebasierte Lizenz handelt, l\u00e4sst sie sich nahtlos in die vorhandene Hardware integrieren und bietet erweiterte Funktionen, ohne dass zus\u00e4tzliche physische Komponenten erforderlich sind. Das AWG-2100-DIG8 ist f\u00fcr Anwender gedacht, die eine erweiterte digitale Kanalkapazit\u00e4t f\u00fcr ihre AWG2000-Ger\u00e4te ben\u00f6tigen. Diese Lizenz ist eine Schl\u00fcsselkomponente f\u00fcr diejenigen, die das digitale Ausgangspotenzial ihrer Wellenformgeneratoren maximieren m\u00f6chten.<\/p>","protected":false},"excerpt":{"rendered":"<p>8-Kanal Dig-Lizenz f\u00fcr AWG2000 (Kabel NICHT enthalten)<\/p>","protected":false},"featured_media":7858,"comment_status":"closed","ping_status":"closed","template":"","meta":{"_acf_changed":false,"slim_seo":{"title":"AWG-2100-DIG8 - YOTAVIS AG","description":"8-Kanal Dig-Lizenz f\u00fcr AWG2000 (Kabel NICHT enthalten)"}},"product_brand":[657],"product_cat":[526,651],"product_tag":[],"class_list":{"0":"post-6856","1":"product","2":"type-product","3":"status-publish","4":"has-post-thumbnail","6":"product_brand-active-technologies","7":"product_cat-accessories","8":"product_cat-software","10":"first","11":"instock","12":"taxable","13":"shipping-taxable","14":"purchasable","15":"product-type-simple"},"acf":[],"_links":{"self":[{"href":"https:\/\/yotavis.ch\/de\/wp-json\/wp\/v2\/product\/6856","targetHints":{"allow":["GET"]}}],"collection":[{"href":"https:\/\/yotavis.ch\/de\/wp-json\/wp\/v2\/product"}],"about":[{"href":"https:\/\/yotavis.ch\/de\/wp-json\/wp\/v2\/types\/product"}],"replies":[{"embeddable":true,"href":"https:\/\/yotavis.ch\/de\/wp-json\/wp\/v2\/comments?post=6856"}],"wp:featuredmedia":[{"embeddable":true,"href":"https:\/\/yotavis.ch\/de\/wp-json\/wp\/v2\/media\/7858"}],"wp:attachment":[{"href":"https:\/\/yotavis.ch\/de\/wp-json\/wp\/v2\/media?parent=6856"}],"wp:term":[{"taxonomy":"product_brand","embeddable":true,"href":"https:\/\/yotavis.ch\/de\/wp-json\/wp\/v2\/product_brand?post=6856"},{"taxonomy":"product_cat","embeddable":true,"href":"https:\/\/yotavis.ch\/de\/wp-json\/wp\/v2\/product_cat?post=6856"},{"taxonomy":"product_tag","embeddable":true,"href":"https:\/\/yotavis.ch\/de\/wp-json\/wp\/v2\/product_tag?post=6856"}],"curies":[{"name":"wp","href":"https:\/\/api.w.org\/{rel}","templated":true}]}}