{"id":9828,"date":"2025-10-09T00:00:00","date_gmt":"2025-10-08T22:00:00","guid":{"rendered":"https:\/\/yotavis.ch\/product\/bnc-577-4c\/"},"modified":"2026-04-24T13:37:06","modified_gmt":"2026-04-24T11:37:06","slug":"bnc-577-4c","status":"publish","type":"product","link":"https:\/\/yotavis.ch\/de\/produkt\/bnc-577-4c\/","title":{"rendered":"BNC 577 4C"},"content":{"rendered":"<p>Der BNC 577 Pulse &amp; Delay Generator verf\u00fcgt \u00fcber vier Kan\u00e4le und arbeitet mit einer maximalen Frequenz von 20 MHz. Er liefert eine Amplitude von 4 Volt und unterst\u00fctzt eine minimale \u00dcbergangszeit von 3 Nanosekunden. Das Ger\u00e4t ist in der Lage, Pulsbreiten von bis zu 10 Nanosekunden zu erzeugen. Mit diesen Spezifikationen eignet er sich f\u00fcr Anwendungen, die eine pr\u00e4zise Zeit- und Impulserzeugung erfordern. Der Generator wurde von der Marke BNC entwickelt, die f\u00fcr ihre elektronischen Pr\u00fcfger\u00e4te bekannt ist. Seine detaillierten Timing-F\u00e4higkeiten erm\u00f6glichen eine genaue Steuerung in verschiedenen experimentellen und industriellen Aufbauten. Die Kombination von Frequenz-, Amplituden- und Zeitparametern macht ihn zu einem vielseitigen Werkzeug f\u00fcr die Erzeugung von Impulsen und Verz\u00f6gerungen.<\/p>","protected":false},"excerpt":{"rendered":"<p>BNC 577 Pulse &#038; Delay Generator 4 Channels<\/p>","protected":false},"featured_media":10306,"comment_status":"closed","ping_status":"closed","template":"","meta":{"_acf_changed":false,"slim_seo":{"title":"BNC 577 4C - YOTAVIS AG","description":"BNC 577 Impuls- und Verz\u00f6gerungsgenerator 4 Kan\u00e4le"}},"product_brand":[1202],"product_cat":[513,671],"product_tag":[],"class_list":{"0":"post-9828","1":"product","2":"type-product","3":"status-publish","4":"has-post-thumbnail","6":"product_brand-bnc","7":"product_cat-generator","8":"product_cat-pulse-generator","9":"pa_amplitude-v-666","10":"pa_channels-338","11":"pa_frequency-mhz-741","12":"pa_pulse-width-min-ns-656","13":"pa_transition-time-min-ns-743","15":"first","16":"instock","17":"taxable","18":"shipping-taxable","19":"product-type-simple"},"acf":[],"_links":{"self":[{"href":"https:\/\/yotavis.ch\/de\/wp-json\/wp\/v2\/product\/9828","targetHints":{"allow":["GET"]}}],"collection":[{"href":"https:\/\/yotavis.ch\/de\/wp-json\/wp\/v2\/product"}],"about":[{"href":"https:\/\/yotavis.ch\/de\/wp-json\/wp\/v2\/types\/product"}],"replies":[{"embeddable":true,"href":"https:\/\/yotavis.ch\/de\/wp-json\/wp\/v2\/comments?post=9828"}],"wp:featuredmedia":[{"embeddable":true,"href":"https:\/\/yotavis.ch\/de\/wp-json\/wp\/v2\/media\/10306"}],"wp:attachment":[{"href":"https:\/\/yotavis.ch\/de\/wp-json\/wp\/v2\/media?parent=9828"}],"wp:term":[{"taxonomy":"product_brand","embeddable":true,"href":"https:\/\/yotavis.ch\/de\/wp-json\/wp\/v2\/product_brand?post=9828"},{"taxonomy":"product_cat","embeddable":true,"href":"https:\/\/yotavis.ch\/de\/wp-json\/wp\/v2\/product_cat?post=9828"},{"taxonomy":"product_tag","embeddable":true,"href":"https:\/\/yotavis.ch\/de\/wp-json\/wp\/v2\/product_tag?post=9828"}],"curies":[{"name":"wp","href":"https:\/\/api.w.org\/{rel}","templated":true}]}}