{"id":9829,"date":"2025-10-09T00:00:00","date_gmt":"2025-10-08T22:00:00","guid":{"rendered":"https:\/\/yotavis.ch\/product\/bnc-577-8c\/"},"modified":"2026-04-24T13:37:06","modified_gmt":"2026-04-24T11:37:06","slug":"bnc-577-8c","status":"publish","type":"product","link":"https:\/\/yotavis.ch\/de\/produkt\/bnc-577-8c\/","title":{"rendered":"BNC 577 8C"},"content":{"rendered":"<p>Der BNC 577 Pulse &amp; Delay Generator verf\u00fcgt \u00fcber 8 Kan\u00e4le und arbeitet mit einer maximalen Frequenz von 20 MHz. Er liefert eine Amplitude von 4 V und unterst\u00fctzt eine minimale \u00dcbergangszeit von 3 ns, was eine pr\u00e4zise Impulsformung erm\u00f6glicht. Der Baustein kann Impulse mit einer Mindestbreite von 10 ns erzeugen und eignet sich damit f\u00fcr Anwendungen, die eine genaue Zeitsteuerung erfordern. Dieser Impulsgenerator ist so konzipiert, dass er mehrere Kan\u00e4le gleichzeitig verarbeiten kann, was seine Vielseitigkeit in komplexen Testumgebungen erh\u00f6ht. Seine Spezifikationen konzentrieren sich auf die Lieferung von zuverl\u00e4ssigen Impuls- und Verz\u00f6gerungssignalen mit gleichbleibender Leistung. Der BNC 577 wurde entwickelt, um den Anforderungen verschiedener elektronischer Pr\u00fcf- und Messaufgaben gerecht zu werden, indem er wesentliche Parameter f\u00fcr die Zeit- und Signalerzeugung bereitstellt. Seine detaillierten technischen Eigenschaften gew\u00e4hrleisten, dass er in Systeme integriert werden kann, die eine pr\u00e4zise Impulssteuerung erfordern.<\/p>","protected":false},"excerpt":{"rendered":"<p>BNC 577 Pulse &#038; Delay Generator 8 Channels<\/p>","protected":false},"featured_media":10306,"comment_status":"closed","ping_status":"closed","template":"","meta":{"_acf_changed":false,"slim_seo":{"title":"BNC 577 8C - YOTAVIS AG","description":"BNC 577 Impuls- und Verz\u00f6gerungsgenerator 8 Kan\u00e4le"}},"product_brand":[1202],"product_cat":[513,671],"product_tag":[],"class_list":{"0":"post-9829","1":"product","2":"type-product","3":"status-publish","4":"has-post-thumbnail","6":"product_brand-bnc","7":"product_cat-generator","8":"product_cat-pulse-generator","9":"pa_amplitude-v-666","10":"pa_channels-459","11":"pa_frequency-mhz-741","12":"pa_pulse-width-min-ns-656","13":"pa_transition-time-min-ns-743","15":"first","16":"instock","17":"taxable","18":"shipping-taxable","19":"product-type-simple"},"acf":[],"_links":{"self":[{"href":"https:\/\/yotavis.ch\/de\/wp-json\/wp\/v2\/product\/9829","targetHints":{"allow":["GET"]}}],"collection":[{"href":"https:\/\/yotavis.ch\/de\/wp-json\/wp\/v2\/product"}],"about":[{"href":"https:\/\/yotavis.ch\/de\/wp-json\/wp\/v2\/types\/product"}],"replies":[{"embeddable":true,"href":"https:\/\/yotavis.ch\/de\/wp-json\/wp\/v2\/comments?post=9829"}],"wp:featuredmedia":[{"embeddable":true,"href":"https:\/\/yotavis.ch\/de\/wp-json\/wp\/v2\/media\/10306"}],"wp:attachment":[{"href":"https:\/\/yotavis.ch\/de\/wp-json\/wp\/v2\/media?parent=9829"}],"wp:term":[{"taxonomy":"product_brand","embeddable":true,"href":"https:\/\/yotavis.ch\/de\/wp-json\/wp\/v2\/product_brand?post=9829"},{"taxonomy":"product_cat","embeddable":true,"href":"https:\/\/yotavis.ch\/de\/wp-json\/wp\/v2\/product_cat?post=9829"},{"taxonomy":"product_tag","embeddable":true,"href":"https:\/\/yotavis.ch\/de\/wp-json\/wp\/v2\/product_tag?post=9829"}],"curies":[{"name":"wp","href":"https:\/\/api.w.org\/{rel}","templated":true}]}}