{"id":9830,"date":"2025-10-09T00:00:00","date_gmt":"2025-10-08T22:00:00","guid":{"rendered":"https:\/\/yotavis.ch\/product\/bnc-745t-4c\/"},"modified":"2026-04-24T13:37:06","modified_gmt":"2026-04-24T11:37:06","slug":"bnc-745t-4c","status":"publish","type":"product","link":"https:\/\/yotavis.ch\/de\/produkt\/bnc-745t-4c\/","title":{"rendered":"BNC 745T 4C"},"content":{"rendered":"<p>Der BNC 745T Impuls- und Verz\u00f6gerungsgenerator verf\u00fcgt \u00fcber 4 Kan\u00e4le und arbeitet mit einer Frequenz von 1 MHz. Er liefert eine Amplitude von 5 Volt und unterst\u00fctzt eine minimale \u00dcbergangszeit von 1 Nanosekunde. Das Ger\u00e4t ist in der Lage, Pulsbreiten von bis zu 100 Nanosekunden zu erzeugen. Dieser Impuls- und Verz\u00f6gerungsgenerator ist f\u00fcr eine pr\u00e4zise Zeitsteuerung \u00fcber mehrere Kan\u00e4le hinweg ausgelegt. Seine Spezifikationen heben seine F\u00e4higkeit hervor, schnelle Signal\u00fcberg\u00e4nge zu verarbeiten und konsistente Amplitudenpegel beizubehalten. Durch die Kombination dieser Eigenschaften eignet er sich f\u00fcr Anwendungen, die eine genaue Impulserzeugung und Timing-Anpassung erfordern.<\/p>","protected":false},"excerpt":{"rendered":"<p>BNC 745T Pulse &#038; Delay Generator 4 Channels<\/p>","protected":false},"featured_media":10311,"comment_status":"closed","ping_status":"closed","template":"","meta":{"_acf_changed":false,"slim_seo":{"title":"BNC 745T 4C - YOTAVIS AG","description":"BNC 745T Impuls- und Verz\u00f6gerungsgenerator 4 Kan\u00e4le"}},"product_brand":[1202],"product_cat":[513,671],"product_tag":[],"class_list":{"0":"post-9830","1":"product","2":"type-product","3":"status-publish","4":"has-post-thumbnail","6":"product_brand-bnc","7":"product_cat-generator","8":"product_cat-pulse-generator","9":"pa_amplitude-v-668","10":"pa_channels-338","11":"pa_frequency-mhz-744","12":"pa_pulse-width-min-ns-745","13":"pa_transition-time-min-ns-137","15":"first","16":"instock","17":"taxable","18":"shipping-taxable","19":"product-type-simple"},"acf":[],"_links":{"self":[{"href":"https:\/\/yotavis.ch\/de\/wp-json\/wp\/v2\/product\/9830","targetHints":{"allow":["GET"]}}],"collection":[{"href":"https:\/\/yotavis.ch\/de\/wp-json\/wp\/v2\/product"}],"about":[{"href":"https:\/\/yotavis.ch\/de\/wp-json\/wp\/v2\/types\/product"}],"replies":[{"embeddable":true,"href":"https:\/\/yotavis.ch\/de\/wp-json\/wp\/v2\/comments?post=9830"}],"wp:featuredmedia":[{"embeddable":true,"href":"https:\/\/yotavis.ch\/de\/wp-json\/wp\/v2\/media\/10311"}],"wp:attachment":[{"href":"https:\/\/yotavis.ch\/de\/wp-json\/wp\/v2\/media?parent=9830"}],"wp:term":[{"taxonomy":"product_brand","embeddable":true,"href":"https:\/\/yotavis.ch\/de\/wp-json\/wp\/v2\/product_brand?post=9830"},{"taxonomy":"product_cat","embeddable":true,"href":"https:\/\/yotavis.ch\/de\/wp-json\/wp\/v2\/product_cat?post=9830"},{"taxonomy":"product_tag","embeddable":true,"href":"https:\/\/yotavis.ch\/de\/wp-json\/wp\/v2\/product_tag?post=9830"}],"curies":[{"name":"wp","href":"https:\/\/api.w.org\/{rel}","templated":true}]}}