{"id":9833,"date":"2025-10-09T00:00:00","date_gmt":"2025-10-08T22:00:00","guid":{"rendered":"https:\/\/yotavis.ch\/product\/bnc-588b-24c\/"},"modified":"2026-04-24T13:37:07","modified_gmt":"2026-04-24T11:37:07","slug":"bnc-588b-24c","status":"publish","type":"product","link":"https:\/\/yotavis.ch\/de\/produkt\/bnc-588b-24c\/","title":{"rendered":"BNC 588B 24C"},"content":{"rendered":"<p>Der Impuls- und Verz\u00f6gerungsgenerator BNC 588B verf\u00fcgt \u00fcber 24 Kan\u00e4le und arbeitet mit einer Frequenz von 20 MHz. Er bietet eine Amplitude von 10 V und unterst\u00fctzt eine minimale Pulsbreite von 10 ns. Das Ger\u00e4t hat eine minimale \u00dcbergangszeit von 25 ns, was eine pr\u00e4zise Zeitsteuerung erm\u00f6glicht. Dieser Generator ist f\u00fcr komplexe Impuls- und Verz\u00f6gerungssequenzen \u00fcber mehrere Kan\u00e4le hinweg ausgelegt und eignet sich daher f\u00fcr verschiedene Anwendungen, die eine synchronisierte Signalerzeugung erfordern. Die Kombination seiner Frequenz- und Amplitudenspezifikationen gew\u00e4hrleistet die Kompatibilit\u00e4t mit einer Reihe von elektronischen Test- und Messaufbauten. Seine detaillierte Kanalkonfiguration unterst\u00fctzt erweiterte Timing- und Impulsformungsanforderungen ohne zus\u00e4tzliche Informationen \u00fcber Leistungs- oder Schnittstellenspezifikationen.<\/p>","protected":false},"excerpt":{"rendered":"<p>BNC 588B Pulse &#038; Delay Generator 24 Channels<\/p>","protected":false},"featured_media":10315,"comment_status":"closed","ping_status":"closed","template":"","meta":{"_acf_changed":false,"slim_seo":{"title":"BNC 588B 24C - YOTAVIS AG","description":"BNC 588B Impuls- und Verz\u00f6gerungsgenerator mit 24 Kan\u00e4len"}},"product_brand":[1202],"product_cat":[513,671],"product_tag":[],"class_list":{"0":"post-9833","1":"product","2":"type-product","3":"status-publish","4":"has-post-thumbnail","6":"product_brand-bnc","7":"product_cat-generator","8":"product_cat-pulse-generator","9":"pa_amplitude-v-106","10":"pa_channels-748","11":"pa_frequency-mhz-741","12":"pa_pulse-width-min-ns-656","13":"pa_transition-time-min-ns-747","15":"first","16":"instock","17":"taxable","18":"shipping-taxable","19":"product-type-simple"},"acf":[],"_links":{"self":[{"href":"https:\/\/yotavis.ch\/de\/wp-json\/wp\/v2\/product\/9833","targetHints":{"allow":["GET"]}}],"collection":[{"href":"https:\/\/yotavis.ch\/de\/wp-json\/wp\/v2\/product"}],"about":[{"href":"https:\/\/yotavis.ch\/de\/wp-json\/wp\/v2\/types\/product"}],"replies":[{"embeddable":true,"href":"https:\/\/yotavis.ch\/de\/wp-json\/wp\/v2\/comments?post=9833"}],"wp:featuredmedia":[{"embeddable":true,"href":"https:\/\/yotavis.ch\/de\/wp-json\/wp\/v2\/media\/10315"}],"wp:attachment":[{"href":"https:\/\/yotavis.ch\/de\/wp-json\/wp\/v2\/media?parent=9833"}],"wp:term":[{"taxonomy":"product_brand","embeddable":true,"href":"https:\/\/yotavis.ch\/de\/wp-json\/wp\/v2\/product_brand?post=9833"},{"taxonomy":"product_cat","embeddable":true,"href":"https:\/\/yotavis.ch\/de\/wp-json\/wp\/v2\/product_cat?post=9833"},{"taxonomy":"product_tag","embeddable":true,"href":"https:\/\/yotavis.ch\/de\/wp-json\/wp\/v2\/product_tag?post=9833"}],"curies":[{"name":"wp","href":"https:\/\/api.w.org\/{rel}","templated":true}]}}