{"id":9835,"date":"2025-10-09T00:00:00","date_gmt":"2025-10-08T22:00:00","guid":{"rendered":"https:\/\/yotavis.ch\/product\/bnc-588-oem-2c\/"},"modified":"2026-04-24T13:37:08","modified_gmt":"2026-04-24T11:37:08","slug":"bnc-588-oem-2c","status":"publish","type":"product","link":"https:\/\/yotavis.ch\/de\/produkt\/bnc-588-oem-2c\/","title":{"rendered":"BNC 588-OEM 2C"},"content":{"rendered":"<p>Der BNC 588-OEM Impuls- und Verz\u00f6gerungsgenerator verf\u00fcgt \u00fcber 2 Kan\u00e4le und arbeitet mit einer Frequenz von 10 MHz und einer Amplitude von 10 V. Er hat eine minimale \u00dcbergangszeit von 3 Nanosekunden und eine minimale Impulsbreite von 10 Nanosekunden. Dieses Ger\u00e4t ist f\u00fcr die Erzeugung pr\u00e4ziser Impuls- und Verz\u00f6gerungssignale f\u00fcr verschiedene Anwendungen konzipiert. Die Kombination seiner Frequenz- und Amplitudenspezifikationen erm\u00f6glicht eine konsistente Leistung bei Timing- und Signalerzeugungsaufgaben. Sein kompaktes Design eignet sich f\u00fcr die Integration in gr\u00f6\u00dfere Systeme, in denen eine genaue Impulssteuerung erforderlich ist. Der BNC 588-OEM ist ein Spezialger\u00e4t f\u00fcr den Einsatz in Umgebungen, die eine zuverl\u00e4ssige und wiederholbare Impulserzeugung ohne zus\u00e4tzliche Funktionen wie Fernsteuerung oder Touchscreen-Schnittstellen erfordern.<\/p>","protected":false},"excerpt":{"rendered":"<p>BNC 588-OEM Pulse &#038; Delay Generator 2 Channels<\/p>","protected":false},"featured_media":10320,"comment_status":"closed","ping_status":"closed","template":"","meta":{"_acf_changed":false,"slim_seo":{"title":"BNC 588-OEM 2C - YOTAVIS AG","description":"BNC 588-OEM Impuls- und Verz\u00f6gerungsgenerator 2 Kan\u00e4le"}},"product_brand":[1202],"product_cat":[513,671],"product_tag":[],"class_list":{"0":"post-9835","1":"product","2":"type-product","3":"status-publish","4":"has-post-thumbnail","6":"product_brand-bnc","7":"product_cat-generator","8":"product_cat-pulse-generator","9":"pa_amplitude-v-106","10":"pa_channels-350","11":"pa_frequency-mhz-105","12":"pa_pulse-width-min-ns-656","13":"pa_transition-time-min-ns-743","15":"first","16":"instock","17":"taxable","18":"shipping-taxable","19":"product-type-simple"},"acf":[],"_links":{"self":[{"href":"https:\/\/yotavis.ch\/de\/wp-json\/wp\/v2\/product\/9835","targetHints":{"allow":["GET"]}}],"collection":[{"href":"https:\/\/yotavis.ch\/de\/wp-json\/wp\/v2\/product"}],"about":[{"href":"https:\/\/yotavis.ch\/de\/wp-json\/wp\/v2\/types\/product"}],"replies":[{"embeddable":true,"href":"https:\/\/yotavis.ch\/de\/wp-json\/wp\/v2\/comments?post=9835"}],"wp:featuredmedia":[{"embeddable":true,"href":"https:\/\/yotavis.ch\/de\/wp-json\/wp\/v2\/media\/10320"}],"wp:attachment":[{"href":"https:\/\/yotavis.ch\/de\/wp-json\/wp\/v2\/media?parent=9835"}],"wp:term":[{"taxonomy":"product_brand","embeddable":true,"href":"https:\/\/yotavis.ch\/de\/wp-json\/wp\/v2\/product_brand?post=9835"},{"taxonomy":"product_cat","embeddable":true,"href":"https:\/\/yotavis.ch\/de\/wp-json\/wp\/v2\/product_cat?post=9835"},{"taxonomy":"product_tag","embeddable":true,"href":"https:\/\/yotavis.ch\/de\/wp-json\/wp\/v2\/product_tag?post=9835"}],"curies":[{"name":"wp","href":"https:\/\/api.w.org\/{rel}","templated":true}]}}